{"id":3235,"date":"2016-06-27T15:44:05","date_gmt":"2016-06-27T13:44:05","guid":{"rendered":"https:\/\/www.rutaverdebolivia.com\/ruta-de-bolivia\/?lang=de"},"modified":"2025-10-29T17:03:15","modified_gmt":"2025-10-29T16:03:15","slug":"tours-in-bolivien","status":"publish","type":"page","link":"https:\/\/www.rutaverdebolivia.com\/de\/","title":{"rendered":"Tours in Bolivien"},"content":{"rendered":"<div class=\"wpb-content-wrapper\">[mk_page_section bg_repeat=&#8220;no-repeat&#8220; bg_stretch=&#8220;true&#8220; video_opacity=&#8220;0&#8243; full_width=&#8220;true&#8220; full_height=&#8220;true&#8220; padding_top=&#8220;0&#8243; padding_bottom=&#8220;0&#8243; visibility=&#8220;hidden-sm&#8220; sidebar=&#8220;sidebar-1&#8243;][vc_column][mk_edge_slider first_el=&#8220;true&#8220; order=&#8220;ASC&#8220; height=&#8220;800&#8243; slideshow_speed=&#8220;6000&#8243; direction_nav=&#8220;slit&#8220; skip_arrow=&#8220;false&#8220; slides=&#8220;11822, 11815, 11808&#8243;][\/vc_column][\/mk_page_section][mk_page_section bg_image=&#8220;https:\/\/www.rutaverdebolivia.com\/wp-content\/uploads\/uyuni-salt-flats-mobile.jpg&#8220; bg_position=&#8220;center top&#8220; bg_repeat=&#8220;no-repeat&#8220; bg_stretch=&#8220;true&#8220; video_opacity=&#8220;0&#8243; min_height=&#8220;256&#8243; full_width=&#8220;true&#8220; full_height=&#8220;true&#8220; padding_top=&#8220;0&#8243; padding_bottom=&#8220;0&#8243; visibility=&#8220;visible-sm&#8220; sidebar=&#8220;sidebar-1&#8243;][vc_column][mk_fancy_title color=&#8220;#ffffff&#8220; size=&#8220;42&#8243; font_weight=&#8220;400&#8243; font_family=&#8220;none&#8220; align=&#8220;center&#8220;]\n<div class=\"edge-title-area\">\n<div class=\"edge-title\">Salar de Uyuni salzsee<\/div>\n<\/div>\n[\/mk_fancy_title][mk_button dimension=&#8220;flat&#8220; size=&#8220;large&#8220; url=&#8220;https:\/\/www.rutaverdebolivia.com\/de\/tour\/uyuni-salzsee\/&#8220; align=&#8220;center&#8220; margin_top=&#8220;40&#8243; margin_bottom=&#8220;0&#8243; margin_right=&#8220;0&#8243; bg_color=&#8220;#b6d100&#8243;]Mehr anzeigen &#8230;[\/mk_button][\/vc_column][\/mk_page_section][vc_row][vc_column][mk_padding_divider size=&#8220;50&#8243;][\/vc_column][\/vc_row][vc_row][vc_column width=&#8220;1\/2&#8243;][mk_fancy_title color=&#8220;#b6d100&#8243; size=&#8220;56&#8243; force_font_size=&#8220;true&#8220; size_tablet=&#8220;40&#8243; size_phone=&#8220;30&#8243; font_weight=&#8220;300&#8243; txt_transform=&#8220;none&#8220; margin_bottom=&#8220;40&#8243; font_family=&#8220;Poppins&#8220; font_type=&#8220;google&#8220; animation=&#8220;right-to-left&#8220;]Discover Bolivia[\/mk_fancy_title][vc_column_text css=&#8220;.vc_custom_1761753791122{margin-bottom: 0px !important;}&#8220;]Ruta Verde Toursist eine Reiseorganisation. Unser Angebot umfasst Natur, Abenteuer und Kulturreisen in einem der sch\u00f6nsten und faszinierendsten L\u00e4ndern der Welt.<\/p>\n<p>Wir bieten Reisen an in Bolivien, wo Sie das Natursch\u00f6n der Nationalparks <a href=\"https:\/\/www.rutaverdebolivia.com\/de\/tour\/amboro-national-park\/\">Amboro<\/a> sowie <a href=\"https:\/\/www.rutaverdebolivia.com\/de\/tour\/noel-kempff-mercado-national-park\/\">Noel Kempff<\/a> und <a href=\"https:\/\/www.rutaverdebolivia.com\/de\/tour\/chalalan-ecolodge-madidi-national-park\/\">Madidi<\/a> bewundern k\u00f6nnen. Kulturelle Reisen f\u00fchren zu den umwerfenden <a href=\"https:\/\/www.rutaverdebolivia.com\/de\/tour\/jesuiten-missionen-bolivien\/\">Jesuiten-Missionen<\/a> und <a href=\"https:\/\/www.rutaverdebolivia.com\/de\/tour\/el-fuerte-samaipata\/\">El Fuerte in Samaipata<\/a>. Unsere <a href=\"https:\/\/www.rutaverdebolivia.com\/de\/tour\/reina-de-enin-amazon-cruiser\/\">Bootreisen (Reina de Enin)<\/a> bringen Sie zu dem Amazonas, Touren zu den <a href=\"https:\/\/www.rutaverdebolivia.com\/de\/tour\/pantanal-tour\/\">Pantanal<\/a> und <a href=\"https:\/\/www.rutaverdebolivia.com\/de\/tour\/che-guevara-tour\/\">Che Guevara Routen<\/a>.<\/p>\n<p>Nusfl\u00fcge zu den kolonialen <a href=\"https:\/\/www.rutaverdebolivia.com\/de\/tour\/sucre-potosi-tour\/\">Sucre und Potosi<\/a>, so wie die Tours zu der pr\u00e4chtigen <a href=\"https:\/\/www.rutaverdebolivia.com\/de\/tour\/uyuni-salzsee\/\">Salzlagune Uyunis<\/a> geh\u00f6ren weiterhinn zum Programm. F\u00fcr den individuell Reisenden k\u00f6nnen wir <a href=\"https:\/\/www.rutaverdebolivia.com\/de\/tour\/tailor-made-tours-bolivia\/\">Massarbeit<\/a> liefern.<\/p>\n<p>Mit langj\u00e4hriger Erfahrung in Bolivien wurden unser Team und unsere Touren in bekannten Reisef\u00fchrern wie <em data-start=\"1465\" data-end=\"1513\">Lonely Planet, Rough Guide, Footprint, Routard<\/em> und <em data-start=\"1518\" data-end=\"1530\">The Amazon<\/em> empfohlen.[\/vc_column_text][\/vc_column][vc_column width=&#8220;1\/2&#8243;][mk_gallery images=&#8220;535,536,537,538&#8243; column=&#8220;2&#8243; hover_scenarios=&#8220;none&#8220; item_spacing=&#8220;20&#8243;][\/vc_column][\/vc_row][vc_row][vc_column][mk_padding_divider size=&#8220;50&#8243;][\/vc_column][\/vc_row][mk_page_section bg_color=&#8220;#2f271f&#8220; padding_top=&#8220;60&#8243; padding_bottom=&#8220;40&#8243; top_shape_color=&#8220;#ffffff&#8220; bottom_shape_color=&#8220;#ffffff&#8220; sidebar=&#8220;sidebar-1&#8243;][vc_column][mk_fancy_title color=&#8220;#b6d100&#8243; size=&#8220;56&#8243; force_font_size=&#8220;true&#8220; size_tablet=&#8220;40&#8243; font_weight=&#8220;300&#8243; txt_transform=&#8220;none&#8220; margin_bottom=&#8220;0&#8243; font_family=&#8220;Poppins&#8220; font_type=&#8220;google&#8220; align=&#8220;center&#8220; animation=&#8220;right-to-left&#8220;]Most popular tours[\/mk_fancy_title][\/vc_column][\/mk_page_section][vc_row fullwidth=&#8220;true&#8220; css=&#8220;.vc_custom_1467198158902{background-color: #2f271f !important;}&#8220;][vc_column][mk_portfolio image_size=&#8220;full&#8220; count=&#8220;3&#8243; sortable=&#8220;false&#8220; pagination=&#8220;false&#8220; posts=&#8220;1818, 2668, 3196&#8243;][mk_padding_divider size=&#8220;140&#8243;][\/vc_column][\/vc_row][mk_page_section bg_image=&#8220;http:\/\/demos.artbees.net\/jupiter5\/ruminus\/wp-content\/uploads\/sites\/100\/2016\/04\/testimonial-pattern.png&#8220; padding_top=&#8220;100&#8243; padding_bottom=&#8220;80&#8243; sidebar=&#8220;sidebar-1&#8243;][vc_column][mk_fancy_title tag_name=&#8220;h3&#8243; color=&#8220;#b6d100&#8243; size=&#8220;56&#8243; force_font_size=&#8220;true&#8220; size_tablet=&#8220;40&#8243; font_weight=&#8220;300&#8243; txt_transform=&#8220;none&#8220; margin_bottom=&#8220;0&#8243; font_family=&#8220;Poppins&#8220; font_type=&#8220;google&#8220; align=&#8220;center&#8220; animation=&#8220;right-to-left&#8220;]Reaktionen[\/mk_fancy_title][mk_padding_divider visibility=&#8220;visible-sm&#8220;][mk_testimonials style=&#8220;boxed&#8220; count=&#8220;5&#8243; order=&#8220;DESC&#8220; orderby=&#8220;rand&#8220; animation_speed=&#8220;1332&#8243; slideshow_speed=&#8220;20000&#8243; testimonials=&#8220;603, 605, 623, 613, 635&#8243;][mk_testimonials style=&#8220;boxed&#8220; order=&#8220;DESC&#8220; animation_speed=&#8220;1332&#8243; slideshow_speed=&#8220;20000&#8243;][mk_button dimension=&#8220;flat&#8220; size=&#8220;large&#8220; url=&#8220;https:\/\/www.rutaverdebolivia.com\/testimonials&#8220; align=&#8220;center&#8220; margin_top=&#8220;40&#8243; margin_bottom=&#8220;0&#8243; margin_right=&#8220;0&#8243; bg_color=&#8220;#b6d100&#8243;]Mehr reaktionen[\/mk_button][\/vc_column][\/mk_page_section]\n<\/div>","protected":false},"excerpt":{"rendered":"<p>[mk_page_section bg_repeat=&#8220;no-repeat&#8220; bg_stretch=&#8220;true&#8220; video_opacity=&#8220;0&#8243; full_width=&#8220;true&#8220; full_height=&#8220;true&#8220; padding_top=&#8220;0&#8243; padding_bottom=&#8220;0&#8243; visibility=&#8220;hidden-sm&#8220; sidebar=&#8220;sidebar-1&#8243;][vc_column][mk_edge_slider first_el=&#8220;true&#8220; order=&#8220;ASC&#8220; height=&#8220;800&#8243; slideshow_speed=&#8220;6000&#8243; direction_nav=&#8220;slit&#8220; skip_arrow=&#8220;false&#8220; slides=&#8220;11822, 11815, 11808&#8243;][\/vc_column][\/mk_page_section][mk_page_section bg_image=&#8220;https:\/\/www.rutaverdebolivia.com\/wp-content\/uploads\/uyuni-salt-flats-mobile.jpg&#8220; bg_position=&#8220;center top&#8220; bg_repeat=&#8220;no-repeat&#8220; bg_stretch=&#8220;true&#8220; video_opacity=&#8220;0&#8243; min_height=&#8220;256&#8243; full_width=&#8220;true&#8220; full_height=&#8220;true&#8220; padding_top=&#8220;0&#8243; padding_bottom=&#8220;0&#8243; visibility=&#8220;visible-sm&#8220; sidebar=&#8220;sidebar-1&#8243;][vc_column][mk_fancy_title color=&#8220;#ffffff&#8220; size=&#8220;42&#8243; font_weight=&#8220;400&#8243; font_family=&#8220;none&#8220; align=&#8220;center&#8220;] Salar de Uyuni salzsee [\/mk_fancy_title][mk_button dimension=&#8220;flat&#8220; size=&#8220;large&#8220; url=&#8220;https:\/\/www.rutaverdebolivia.com\/de\/tour\/uyuni-salzsee\/&#8220; align=&#8220;center&#8220; margin_top=&#8220;40&#8243; margin_bottom=&#8220;0&#8243; margin_right=&#8220;0&#8243; bg_color=&#8220;#b6d100&#8243;]Mehr anzeigen &#8230;[\/mk_button][\/vc_column][\/mk_page_section][vc_row][vc_column][mk_padding_divider size=&#8220;50&#8243;][\/vc_column][\/vc_row][vc_row][vc_column width=&#8220;1\/2&#8243;][mk_fancy_title color=&#8220;#b6d100&#8243; [&hellip;]<\/p>\n","protected":false},"author":2,"featured_media":0,"parent":0,"menu_order":0,"comment_status":"closed","ping_status":"closed","template":"","meta":{"footnotes":""},"class_list":["post-3235","page","type-page","status-publish","hentry"],"yoast_head":"<!-- This site is optimized with the Yoast SEO plugin v27.1.1 - https:\/\/yoast.com\/product\/yoast-seo-wordpress\/ -->\n<title>Tours in Bolivien - Ruta Verde Tours<\/title>\n<meta name=\"description\" content=\"Ruta Verde, Tours in Bolivien. Unser Angebot umfasst Natur, Abenteuer und Kulturreisen in einem der sch\u00f6nsten und faszinierendsten L\u00e4ndern der Welt.\" \/>\n<meta name=\"robots\" content=\"index, follow, max-snippet:-1, max-image-preview:large, max-video-preview:-1\" \/>\n<link rel=\"canonical\" href=\"https:\/\/www.rutaverdebolivia.com\/de\/\" \/>\n<meta property=\"og:locale\" content=\"de_DE\" \/>\n<meta property=\"og:type\" content=\"article\" \/>\n<meta property=\"og:title\" content=\"Tours in Bolivien - Ruta Verde Tours\" \/>\n<meta property=\"og:description\" content=\"Ruta Verde, Tours in Bolivien. Unser Angebot umfasst Natur, Abenteuer und Kulturreisen in einem der sch\u00f6nsten und faszinierendsten L\u00e4ndern der Welt.\" \/>\n<meta property=\"og:url\" content=\"https:\/\/www.rutaverdebolivia.com\/de\/\" \/>\n<meta property=\"og:site_name\" content=\"Ruta Verde Tours\" \/>\n<meta property=\"article:publisher\" content=\"https:\/\/www.facebook.com\/rutaverdebolivia\/\" \/>\n<meta property=\"article:modified_time\" content=\"2025-10-29T16:03:15+00:00\" \/>\n<meta name=\"twitter:card\" content=\"summary_large_image\" \/>\n<meta name=\"twitter:site\" content=\"@rutaverde\" \/>\n<meta name=\"twitter:label1\" content=\"Gesch\u00e4tzte Lesezeit\" \/>\n\t<meta name=\"twitter:data1\" content=\"2\u00a0Minuten\" \/>\n<script type=\"application\/ld+json\" class=\"yoast-schema-graph\">{\"@context\":\"https:\/\/schema.org\",\"@graph\":[{\"@type\":\"WebPage\",\"@id\":\"https:\/\/www.rutaverdebolivia.com\/de\/\",\"url\":\"https:\/\/www.rutaverdebolivia.com\/de\/\",\"name\":\"Tours in Bolivien - Ruta Verde Tours\",\"isPartOf\":{\"@id\":\"https:\/\/www.rutaverdebolivia.com\/#website\"},\"datePublished\":\"2016-06-27T13:44:05+00:00\",\"dateModified\":\"2025-10-29T16:03:15+00:00\",\"description\":\"Ruta Verde, Tours in Bolivien. Unser Angebot umfasst Natur, Abenteuer und Kulturreisen in einem der sch\u00f6nsten und faszinierendsten L\u00e4ndern der Welt.\",\"breadcrumb\":{\"@id\":\"https:\/\/www.rutaverdebolivia.com\/de\/#breadcrumb\"},\"inLanguage\":\"de\",\"potentialAction\":[{\"@type\":\"ReadAction\",\"target\":[\"https:\/\/www.rutaverdebolivia.com\/de\/\"]}]},{\"@type\":\"BreadcrumbList\",\"@id\":\"https:\/\/www.rutaverdebolivia.com\/de\/#breadcrumb\",\"itemListElement\":[{\"@type\":\"ListItem\",\"position\":1,\"name\":\"Startseite\",\"item\":\"https:\/\/www.rutaverdebolivia.com\/de\/\"},{\"@type\":\"ListItem\",\"position\":2,\"name\":\"Tours in Bolivien\"}]},{\"@type\":\"WebSite\",\"@id\":\"https:\/\/www.rutaverdebolivia.com\/#website\",\"url\":\"https:\/\/www.rutaverdebolivia.com\/\",\"name\":\"Ruta Verde Tours\",\"description\":\"Ruta Verde Bolivia\",\"potentialAction\":[{\"@type\":\"SearchAction\",\"target\":{\"@type\":\"EntryPoint\",\"urlTemplate\":\"https:\/\/www.rutaverdebolivia.com\/?s={search_term_string}\"},\"query-input\":{\"@type\":\"PropertyValueSpecification\",\"valueRequired\":true,\"valueName\":\"search_term_string\"}}],\"inLanguage\":\"de\"}]}<\/script>\n<!-- \/ Yoast SEO plugin. -->","yoast_head_json":{"title":"Tours in Bolivien - Ruta Verde Tours","description":"Ruta Verde, Tours in Bolivien. Unser Angebot umfasst Natur, Abenteuer und Kulturreisen in einem der sch\u00f6nsten und faszinierendsten L\u00e4ndern der Welt.","robots":{"index":"index","follow":"follow","max-snippet":"max-snippet:-1","max-image-preview":"max-image-preview:large","max-video-preview":"max-video-preview:-1"},"canonical":"https:\/\/www.rutaverdebolivia.com\/de\/","og_locale":"de_DE","og_type":"article","og_title":"Tours in Bolivien - Ruta Verde Tours","og_description":"Ruta Verde, Tours in Bolivien. Unser Angebot umfasst Natur, Abenteuer und Kulturreisen in einem der sch\u00f6nsten und faszinierendsten L\u00e4ndern der Welt.","og_url":"https:\/\/www.rutaverdebolivia.com\/de\/","og_site_name":"Ruta Verde Tours","article_publisher":"https:\/\/www.facebook.com\/rutaverdebolivia\/","article_modified_time":"2025-10-29T16:03:15+00:00","twitter_card":"summary_large_image","twitter_site":"@rutaverde","twitter_misc":{"Gesch\u00e4tzte Lesezeit":"2\u00a0Minuten"},"schema":{"@context":"https:\/\/schema.org","@graph":[{"@type":"WebPage","@id":"https:\/\/www.rutaverdebolivia.com\/de\/","url":"https:\/\/www.rutaverdebolivia.com\/de\/","name":"Tours in Bolivien - Ruta Verde Tours","isPartOf":{"@id":"https:\/\/www.rutaverdebolivia.com\/#website"},"datePublished":"2016-06-27T13:44:05+00:00","dateModified":"2025-10-29T16:03:15+00:00","description":"Ruta Verde, Tours in Bolivien. Unser Angebot umfasst Natur, Abenteuer und Kulturreisen in einem der sch\u00f6nsten und faszinierendsten L\u00e4ndern der Welt.","breadcrumb":{"@id":"https:\/\/www.rutaverdebolivia.com\/de\/#breadcrumb"},"inLanguage":"de","potentialAction":[{"@type":"ReadAction","target":["https:\/\/www.rutaverdebolivia.com\/de\/"]}]},{"@type":"BreadcrumbList","@id":"https:\/\/www.rutaverdebolivia.com\/de\/#breadcrumb","itemListElement":[{"@type":"ListItem","position":1,"name":"Startseite","item":"https:\/\/www.rutaverdebolivia.com\/de\/"},{"@type":"ListItem","position":2,"name":"Tours in Bolivien"}]},{"@type":"WebSite","@id":"https:\/\/www.rutaverdebolivia.com\/#website","url":"https:\/\/www.rutaverdebolivia.com\/","name":"Ruta Verde Tours","description":"Ruta Verde Bolivia","potentialAction":[{"@type":"SearchAction","target":{"@type":"EntryPoint","urlTemplate":"https:\/\/www.rutaverdebolivia.com\/?s={search_term_string}"},"query-input":{"@type":"PropertyValueSpecification","valueRequired":true,"valueName":"search_term_string"}}],"inLanguage":"de"}]}},"_links":{"self":[{"href":"https:\/\/www.rutaverdebolivia.com\/de\/wp-json\/wp\/v2\/pages\/3235","targetHints":{"allow":["GET"]}}],"collection":[{"href":"https:\/\/www.rutaverdebolivia.com\/de\/wp-json\/wp\/v2\/pages"}],"about":[{"href":"https:\/\/www.rutaverdebolivia.com\/de\/wp-json\/wp\/v2\/types\/page"}],"author":[{"embeddable":true,"href":"https:\/\/www.rutaverdebolivia.com\/de\/wp-json\/wp\/v2\/users\/2"}],"replies":[{"embeddable":true,"href":"https:\/\/www.rutaverdebolivia.com\/de\/wp-json\/wp\/v2\/comments?post=3235"}],"version-history":[{"count":33,"href":"https:\/\/www.rutaverdebolivia.com\/de\/wp-json\/wp\/v2\/pages\/3235\/revisions"}],"predecessor-version":[{"id":24780,"href":"https:\/\/www.rutaverdebolivia.com\/de\/wp-json\/wp\/v2\/pages\/3235\/revisions\/24780"}],"wp:attachment":[{"href":"https:\/\/www.rutaverdebolivia.com\/de\/wp-json\/wp\/v2\/media?parent=3235"}],"curies":[{"name":"wp","href":"https:\/\/api.w.org\/{rel}","templated":true}]}}