{"id":1707,"date":"2016-07-06T10:23:30","date_gmt":"2016-07-06T08:23:30","guid":{"rendered":"https:\/\/www.rutaverdebolivia.com\/about-bolivia\/?lang=es"},"modified":"2022-10-03T12:22:56","modified_gmt":"2022-10-03T10:22:56","slug":"acerca-bolivia","status":"publish","type":"page","link":"https:\/\/www.rutaverdebolivia.com\/es\/acerca-bolivia\/","title":{"rendered":"Acerca de Bolivia"},"content":{"rendered":"<div class=\"wpb-content-wrapper\">[vc_row][vc_column][mk_padding_divider size=\u00bb50&#8243;][vc_column_text]\n<h3>Acerca de Bolivia<\/h3>\n[\/vc_column_text][mk_padding_divider size=\u00bb20&#8243;][\/vc_column][\/vc_row][vc_row][vc_column width=\u00bb1\/2&#8243;][vc_column_text]\n<p align=\"left\">Visitar Bolivia es una experiencia \u00fanica, aut\u00e9ntica e inolvidable. Bolivia es uno de los pa\u00edses m\u00e1s diversos del mundo, tanto en t\u00e9rminos culturales como \u00e9tnicos as\u00ed tambi\u00e9n como en biodiversidad. La riqueza humana de sus habitantes est\u00e1 compuesta por m\u00e1s de 30 grupos \u00e9tnicos nativos (Guaran\u00ed, ayoreo, moxe\u00f1o, aymara, quechua, etc), adem\u00e1s de mestizos, europeos, japoneses, menonitas, afrobolivianos y otras minor\u00edas. Y si adicionalmente deseas ver la diversidad de expresiones culturales, danzas, costumbres o variedad culinaria, la lista es interminable.<\/p>\n<p align=\"left\">Si est\u00e1s interesado en la naturaleza en su estado m\u00e1s salvaje, la m\u00e1s diversa, b\u00e1rbara, solitaria y sorprendente, encontrar\u00e1s lugares fascinantes a lo largo del pa\u00eds. M\u00e1s del 16% del territorio boliviano est\u00e1 clasificado como protegido, ya sea en parques nacionales o en otras categor\u00edas de \u00e1reas protegidas.<\/p>\n[\/vc_column_text][mk_padding_divider size=\u00bb50&#8243;][\/vc_column][vc_column width=\u00bb1\/2&#8243;][vc_column_text]Bolivia ocupa el sexto lugar en la lista de pa\u00edses con la mayor diversidad en p\u00e1jaros, el octavo lugar en reptiles, d\u00e9cimo en mam\u00edferos y decimonceavo en plantas. Incluso sin costa mar\u00edtima, Bolivia es miembro de un selecto club de pa\u00edses que ofrecen un muestrario de la mayor parte de las riquezas naturales del mundo entero. En efecto, el pa\u00eds ha sido bendecido con una gran variedad de ecosistemas tales como bosques tropicales, monta\u00f1as andinas, valles, pampas, Chaco, Pantanal, etc.<\/p>\n<p>La autenticidad del folklore, el paisaje intacto y los muchos parques nacionales; la tranquilidad que uno siente mientras viaja, siendo capaz de acampar en cualquier lugar y visitar su gente son algunas de las muchas ventajas de viajar en Bolivia, en el coraz\u00f3n de Sur Am\u00e9rica, la s\u00edntesis del continente.[\/vc_column_text][\/vc_column][\/vc_row][mk_page_section bg_image=\u00bbhttps:\/\/www.rutaverdebolivia.com\/wp-content\/uploads\/toro-toro-header.jpg\u00bb bg_position=\u00bbcenter center\u00bb video_color_mask=\u00bb#ffffff\u00bb video_opacity=\u00bb0.8&#8243; min_height=\u00bb400&#8243; sidebar=\u00bbsidebar-1&#8243;][vc_column][mk_padding_divider size=\u00bb60&#8243;][vc_column_text css=\u00bb.vc_custom_1664792575359{margin-bottom: 0px !important;}\u00bb]<b>Necesitas\u00a0VISA para ingresar a Bolivia?<\/b><\/p>\n<p>Ciudadanos con pasaporte de la Uni\u00f3n Europea no requieren VISA de ingreso a Bolivia, si la estad\u00eda no es mayor a 3 meses.<\/p>\n<p>Ciudadanos de pa\u00edses pertenecientes al Mercosur, pueden ingresar al pa\u00eds solo portando su pasaporte o tarjeta de identidad v\u00e1lidos.<\/p>\n<p>Para info sobre requerimientos de VISA puede chequear este <a href=\"https:\/\/www.passportindex.org\/\">\u00edndice de pasaportes<\/a>.<\/p>\n<p>Para mayor informaci\u00f3n contactarse con el consulado o embajada Boliviana m\u00e1s cercana en su pa\u00eds de origen.[\/vc_column_text][\/vc_column][\/mk_page_section][vc_row][vc_column][mk_padding_divider size=\u00bb20&#8243;][vc_column_text css=\u00bb.vc_custom_1600261330663{margin-bottom: 0px !important;}\u00bb]<strong>Clima<\/strong><\/p>\n<p>El clima\u00a0de Bolivia es muy variado, dadas las enormes diferencias geogr\u00e1ficas\u00a0en el pa\u00eds.<\/p>\n<p>Para simplificar podemos mencionar que la regi\u00f3n de los llanos amaz\u00f3nicos tienen un clima tropical h\u00famedo con temperaturas altas a lo largo de todo el a\u00f1o, una humedad alta y precipitaci\u00f3n elevada.<br \/>\nLa temperatura promedio es de 30 \u00b0C todo el a\u00f1o. El Altiplano al otro extremo del pa\u00eds tiene un clima \u00e1rido-fr\u00edo, con diferencias muy agudas en la temperatura diaria y las cantidades de precipitaci\u00f3n.<\/p>\n<p>En general, en Bolivia encontramos dos estaciones: lluviosa y seca. La estaci\u00f3n de lluvias va de noviembre a marzo, y la seca de marzo a octubre.<\/p>\n<p><strong>Idioma<\/strong><\/p>\n<p>Castellano es el idioma oficial de Bolivia, sin embargo siendo un pa\u00eds tan diverso tanto \u00e9ctnica como culturalmente, existen otros idiomas y varios dialectos hablados a lo largo de todo el pa\u00eds. Adem\u00e1s de esto tambi\u00e9n existen diferentes acentos del mismo Castellano. As\u00ed, los habitantes de Santa Cruz (conocidos como cruce\u00f1os) tienen una entonaci\u00f3n diferente al hablar el castellano que alguien de La Paz u otras regiones de Bolivia.<\/p>\n<p><strong>Moneda<\/strong><\/p>\n<p>La moneda oficial es el Boliviano. Sin embargo, la mayor\u00eda de los establecimientos aceptan d\u00f3lares americanos. La manera m\u00e1s segura de cambiar moneda extranjera a Bolivianos es a trav\u00e9s de un banco. No recomendamos el cambio de dinero en las esquinas de las calles. Aconsejamos no aceptar moneda estadounidense con esquinas rotas porque puede ser rechazada al momento de usarla.<br \/>\nLa mayor\u00eda de los bancos cuentan con cajeros autom\u00e1ticos donde puedes retirar dinero (Bolivianos o d\u00f3lares americanos) a cualquier hora del d\u00eda.<\/p>\n<p><strong>Hora<\/strong><\/p>\n<p>La hora oficial en toda Bolivia es -04:00 en relaci\u00f3n al Meridiano de Greenwich (GMT).<\/p>\n<p><strong>Electricidad<\/strong><\/p>\n<p>El voltaje de electricidad en el pa\u00eds es de 220V. La mayor\u00eda de los hoteles 5 estrellas tambi\u00e9n ofrecen 110V.<\/p>\n<p><strong>Trenes<\/strong><\/p>\n<p>Chequea los horarios y tarifas de trenes en Bolivia, tanto para la red ferroviaria\u00a0<a href=\"http:\/\/www.fca.com.bo\/\" target=\"_blank\" rel=\"noopener noreferrer\">Inter-Andina<\/a>\u00a0como la <a href=\"http:\/\/www.fo.com.bo\/SERVICIOS\/Pasajeros\/SitePages\/TarifasItinerarios.aspx\">Red Oriental<\/a>.[\/vc_column_text][mk_padding_divider size=\u00bb20&#8243;][\/vc_column][\/vc_row]\n<\/div>","protected":false},"excerpt":{"rendered":"<p>[vc_row][vc_column][mk_padding_divider size=\u00bb50&#8243;][vc_column_text] Acerca de Bolivia [\/vc_column_text][mk_padding_divider size=\u00bb20&#8243;][\/vc_column][\/vc_row][vc_row][vc_column width=\u00bb1\/2&#8243;][vc_column_text] Visitar Bolivia es una experiencia \u00fanica, aut\u00e9ntica e inolvidable. Bolivia es uno de los pa\u00edses m\u00e1s diversos del mundo, tanto en t\u00e9rminos culturales como \u00e9tnicos as\u00ed tambi\u00e9n como en biodiversidad. La riqueza humana de sus habitantes est\u00e1 compuesta por m\u00e1s de 30 grupos \u00e9tnicos nativos (Guaran\u00ed, ayoreo, [&hellip;]<\/p>\n","protected":false},"author":2,"featured_media":0,"parent":0,"menu_order":0,"comment_status":"closed","ping_status":"closed","template":"","meta":{"footnotes":""},"class_list":["post-1707","page","type-page","status-publish","hentry"],"yoast_head":"<!-- This site is optimized with the Yoast SEO plugin v27.1.1 - https:\/\/yoast.com\/product\/yoast-seo-wordpress\/ -->\n<title>Acerca de Bolivia - Ruta Verde Tours<\/title>\n<meta name=\"description\" content=\"Informaci\u00f3n \u00fatil acerca de Bolivia. Una visita a Bolivia es una experiencia \u00fanica, aut\u00e9ntica e inolvidable, es uno de los pa\u00edses m\u00e1s diversos del mundo.\" \/>\n<meta name=\"robots\" content=\"index, follow, max-snippet:-1, max-image-preview:large, max-video-preview:-1\" \/>\n<link rel=\"canonical\" href=\"https:\/\/www.rutaverdebolivia.com\/es\/acerca-bolivia\/\" \/>\n<meta property=\"og:locale\" content=\"es_ES\" \/>\n<meta property=\"og:type\" content=\"article\" \/>\n<meta property=\"og:title\" content=\"Acerca de Bolivia - Ruta Verde Tours\" \/>\n<meta property=\"og:description\" content=\"Informaci\u00f3n \u00fatil acerca de Bolivia. Una visita a Bolivia es una experiencia \u00fanica, aut\u00e9ntica e inolvidable, es uno de los pa\u00edses m\u00e1s diversos del mundo.\" \/>\n<meta property=\"og:url\" content=\"https:\/\/www.rutaverdebolivia.com\/es\/acerca-bolivia\/\" \/>\n<meta property=\"og:site_name\" content=\"Ruta Verde Tours\" \/>\n<meta property=\"article:publisher\" content=\"https:\/\/www.facebook.com\/rutaverdebolivia\/\" \/>\n<meta property=\"article:modified_time\" content=\"2022-10-03T10:22:56+00:00\" \/>\n<meta name=\"twitter:card\" content=\"summary_large_image\" \/>\n<meta name=\"twitter:site\" content=\"@rutaverde\" \/>\n<meta name=\"twitter:label1\" content=\"Tiempo de lectura\" \/>\n\t<meta name=\"twitter:data1\" content=\"3 minutos\" \/>\n<script type=\"application\/ld+json\" class=\"yoast-schema-graph\">{\"@context\":\"https:\/\/schema.org\",\"@graph\":[{\"@type\":\"WebPage\",\"@id\":\"https:\/\/www.rutaverdebolivia.com\/es\/acerca-bolivia\/\",\"url\":\"https:\/\/www.rutaverdebolivia.com\/es\/acerca-bolivia\/\",\"name\":\"Acerca de Bolivia - Ruta Verde Tours\",\"isPartOf\":{\"@id\":\"https:\/\/www.rutaverdebolivia.com\/#website\"},\"datePublished\":\"2016-07-06T08:23:30+00:00\",\"dateModified\":\"2022-10-03T10:22:56+00:00\",\"description\":\"Informaci\u00f3n \u00fatil acerca de Bolivia. Una visita a Bolivia es una experiencia \u00fanica, aut\u00e9ntica e inolvidable, es uno de los pa\u00edses m\u00e1s diversos del mundo.\",\"breadcrumb\":{\"@id\":\"https:\/\/www.rutaverdebolivia.com\/es\/acerca-bolivia\/#breadcrumb\"},\"inLanguage\":\"es\",\"potentialAction\":[{\"@type\":\"ReadAction\",\"target\":[\"https:\/\/www.rutaverdebolivia.com\/es\/acerca-bolivia\/\"]}]},{\"@type\":\"BreadcrumbList\",\"@id\":\"https:\/\/www.rutaverdebolivia.com\/es\/acerca-bolivia\/#breadcrumb\",\"itemListElement\":[{\"@type\":\"ListItem\",\"position\":1,\"name\":\"Startseite\",\"item\":\"https:\/\/www.rutaverdebolivia.com\/es\/\"},{\"@type\":\"ListItem\",\"position\":2,\"name\":\"Acerca de Bolivia\"}]},{\"@type\":\"WebSite\",\"@id\":\"https:\/\/www.rutaverdebolivia.com\/#website\",\"url\":\"https:\/\/www.rutaverdebolivia.com\/\",\"name\":\"Ruta Verde Tours\",\"description\":\"Ruta Verde Bolivia\",\"potentialAction\":[{\"@type\":\"SearchAction\",\"target\":{\"@type\":\"EntryPoint\",\"urlTemplate\":\"https:\/\/www.rutaverdebolivia.com\/?s={search_term_string}\"},\"query-input\":{\"@type\":\"PropertyValueSpecification\",\"valueRequired\":true,\"valueName\":\"search_term_string\"}}],\"inLanguage\":\"es\"}]}<\/script>\n<!-- \/ Yoast SEO plugin. -->","yoast_head_json":{"title":"Acerca de Bolivia - Ruta Verde Tours","description":"Informaci\u00f3n \u00fatil acerca de Bolivia. Una visita a Bolivia es una experiencia \u00fanica, aut\u00e9ntica e inolvidable, es uno de los pa\u00edses m\u00e1s diversos del mundo.","robots":{"index":"index","follow":"follow","max-snippet":"max-snippet:-1","max-image-preview":"max-image-preview:large","max-video-preview":"max-video-preview:-1"},"canonical":"https:\/\/www.rutaverdebolivia.com\/es\/acerca-bolivia\/","og_locale":"es_ES","og_type":"article","og_title":"Acerca de Bolivia - Ruta Verde Tours","og_description":"Informaci\u00f3n \u00fatil acerca de Bolivia. Una visita a Bolivia es una experiencia \u00fanica, aut\u00e9ntica e inolvidable, es uno de los pa\u00edses m\u00e1s diversos del mundo.","og_url":"https:\/\/www.rutaverdebolivia.com\/es\/acerca-bolivia\/","og_site_name":"Ruta Verde Tours","article_publisher":"https:\/\/www.facebook.com\/rutaverdebolivia\/","article_modified_time":"2022-10-03T10:22:56+00:00","twitter_card":"summary_large_image","twitter_site":"@rutaverde","twitter_misc":{"Tiempo de lectura":"3 minutos"},"schema":{"@context":"https:\/\/schema.org","@graph":[{"@type":"WebPage","@id":"https:\/\/www.rutaverdebolivia.com\/es\/acerca-bolivia\/","url":"https:\/\/www.rutaverdebolivia.com\/es\/acerca-bolivia\/","name":"Acerca de Bolivia - Ruta Verde Tours","isPartOf":{"@id":"https:\/\/www.rutaverdebolivia.com\/#website"},"datePublished":"2016-07-06T08:23:30+00:00","dateModified":"2022-10-03T10:22:56+00:00","description":"Informaci\u00f3n \u00fatil acerca de Bolivia. Una visita a Bolivia es una experiencia \u00fanica, aut\u00e9ntica e inolvidable, es uno de los pa\u00edses m\u00e1s diversos del mundo.","breadcrumb":{"@id":"https:\/\/www.rutaverdebolivia.com\/es\/acerca-bolivia\/#breadcrumb"},"inLanguage":"es","potentialAction":[{"@type":"ReadAction","target":["https:\/\/www.rutaverdebolivia.com\/es\/acerca-bolivia\/"]}]},{"@type":"BreadcrumbList","@id":"https:\/\/www.rutaverdebolivia.com\/es\/acerca-bolivia\/#breadcrumb","itemListElement":[{"@type":"ListItem","position":1,"name":"Startseite","item":"https:\/\/www.rutaverdebolivia.com\/es\/"},{"@type":"ListItem","position":2,"name":"Acerca de Bolivia"}]},{"@type":"WebSite","@id":"https:\/\/www.rutaverdebolivia.com\/#website","url":"https:\/\/www.rutaverdebolivia.com\/","name":"Ruta Verde Tours","description":"Ruta Verde Bolivia","potentialAction":[{"@type":"SearchAction","target":{"@type":"EntryPoint","urlTemplate":"https:\/\/www.rutaverdebolivia.com\/?s={search_term_string}"},"query-input":{"@type":"PropertyValueSpecification","valueRequired":true,"valueName":"search_term_string"}}],"inLanguage":"es"}]}},"_links":{"self":[{"href":"https:\/\/www.rutaverdebolivia.com\/es\/wp-json\/wp\/v2\/pages\/1707","targetHints":{"allow":["GET"]}}],"collection":[{"href":"https:\/\/www.rutaverdebolivia.com\/es\/wp-json\/wp\/v2\/pages"}],"about":[{"href":"https:\/\/www.rutaverdebolivia.com\/es\/wp-json\/wp\/v2\/types\/page"}],"author":[{"embeddable":true,"href":"https:\/\/www.rutaverdebolivia.com\/es\/wp-json\/wp\/v2\/users\/2"}],"replies":[{"embeddable":true,"href":"https:\/\/www.rutaverdebolivia.com\/es\/wp-json\/wp\/v2\/comments?post=1707"}],"version-history":[{"count":19,"href":"https:\/\/www.rutaverdebolivia.com\/es\/wp-json\/wp\/v2\/pages\/1707\/revisions"}],"predecessor-version":[{"id":20130,"href":"https:\/\/www.rutaverdebolivia.com\/es\/wp-json\/wp\/v2\/pages\/1707\/revisions\/20130"}],"wp:attachment":[{"href":"https:\/\/www.rutaverdebolivia.com\/es\/wp-json\/wp\/v2\/media?parent=1707"}],"curies":[{"name":"wp","href":"https:\/\/api.w.org\/{rel}","templated":true}]}}