{"id":19093,"date":"2021-04-22T17:39:25","date_gmt":"2021-04-22T15:39:25","guid":{"rendered":"https:\/\/www.rutaverdebolivia.com\/bolivia-travel-info-covid-19\/"},"modified":"2023-09-15T19:52:55","modified_gmt":"2023-09-15T17:52:55","slug":"bolivia-requisitos-ingreso-covid-19","status":"publish","type":"page","link":"https:\/\/www.rutaverdebolivia.com\/es\/bolivia-requisitos-ingreso-covid-19\/","title":{"rendered":"Bolivia requisitos de ingreso Covid-19"},"content":{"rendered":"<div class=\"wpb-content-wrapper\">[vc_row][vc_column][mk_padding_divider size=\u00bb50&#8243;][vc_column_text css=\u00bb.vc_custom_1635499226802{margin-bottom: 0px !important;}\u00bb]\n<h3>Bolivia requisitos de ingreso (Coronavirus)<\/h3>\n[\/vc_column_text][mk_padding_divider size=\u00bb20&#8243;][\/vc_column][\/vc_row][mk_page_section video_opacity=\u00bb0.7&#8243; padding_top=\u00bb0&#8243; padding_bottom=\u00bb0&#8243; top_shape_color=\u00bb#ffffff\u00bb bottom_shape_color=\u00bb#ffffff\u00bb sidebar=\u00bbsidebar-1&#8243;][vc_column][mk_padding_divider size=\u00bb30&#8243;][vc_column_text css=\u00bb.vc_custom_1694800371856{margin-bottom: 0px !important;}\u00bb]Bolivia requisitos de ingreso Covid-19:<\/p>\n<p><span style=\"color: #008000;\">Las fronteras de Bolivia est\u00e1n abiertas para viajes de turismo, la presentaci\u00f3n de certificado de vacunaci\u00f3n Covid ya no es obligatoria.<\/span><\/p>\n<p>Por nueva Resoluci\u00f3n ministerial, a partir del 31 de julio del 2023 se levant\u00f3 oficialmente la emergencia sanitaria en Bolivia. A partir del 01 de Agosto del 2023,\u00a0 todas las regulaciones de ingreso de viajeros a Bolivia relacionadas a Covid fueron levantadas. El uso de barbijos ya no es obligatorio en el pa\u00eds, pero se recomienda en lugares cerrados, especialmente si se tiene s\u00edntomas de resfriado.<\/p>\n<p>En caso de que se requiera hacer una prueba PCR o test ant\u00edgeno, aqu\u00ed una <a href=\"https:\/\/www.rutaverdebolivia.com\/wp-content\/uploads\/covid_testing_locations_bolivia.pdf\">lista de algunos laboratorios certificados para pruebas PCR en Bolivia<\/a>.<\/p>\n<p><strong>Estado de fronteras:<\/strong><\/p>\n<p>Todas las fronteras aereas y terrestres se encuentran abiertas.<\/p>\n<p>Para viajeros que ingresan a Bolivia <strong>desde Argentina v\u00eda terrestre<\/strong>, los pasos fronterizos: La Quiaca(AR)-Villaz\u00f3n(BO) y Salvador Mazza(AR)-Yacuiba (BO) est\u00e1n abiertos como corredores para turismo. <a href=\"https:\/\/www.argentina.gob.ar\/seguridad\/pasosinternacionales\/abiertos\">M\u00e1s info sobre estos pasos fronterizos<\/a>.<\/p>\n<p>Los <strong>pasos fronterizos terrestres con Brasil y Per\u00fa<\/strong> tambi\u00e9n se encuentran abiertos.<\/p>\n<p>Los <strong>pasos fronterizos terrestres chilenos<\/strong><b> est\u00e1n abiertos totalmente<\/b> desde el 1 de mayo de 2022. <strong>D<\/strong><b>esde el 9 de mayo de 2023 no existe ning\u00fan requisito covid para ingresar a Chile<\/b>. Es decir, no es necesario ni estar vacunado ni hacerse ninguna prueba.<\/p>\n<ul>\n<li>No es necesario ning\u00fan requisito especial por Covid.<\/li>\n<li>Noes necesario presentar el certificado de vacunaci\u00f3n Covid ni tampoco prueba PCR.<\/li>\n<li>No se realizan pruebas COVID (PCR o ant\u00edgenos) aleatorias a los viajeros.<\/li>\n<\/ul>\n<p>\u2192 Puedes revisar aqu\u00ed nuestros <a href=\"https:\/\/www.rutaverdebolivia.com\/es\/tour\/round-trip-salt-flats-san-pedro-de-atacama\/\">tours al salar de Uyuni desde\/hasta San Pedro de Atacama<\/a>, Chile desde\/hasta Uyuni.<\/p>\n<p>&nbsp;<\/p>\n<hr \/>\n<p>Esta informaci\u00f3n sobre los requerimientos de ingreso por COVID-19 para un viaje a Bolivia son actualizados regularmente (\u00faltima actualizaci\u00f3n a\u00a0 Agosto 2023). Para cualquier informaci\u00f3n adicional tome contacto con su aerol\u00ednea o con la embajada o consulado boliviano en su pa\u00eds.<\/p>\n<p>Te invitamos a recorrer Bolivia de norte a sur y maravillarte con la diversidad de sus ciudades y atractivos naturales. Si\u00a0<strong>buscas inspiraci\u00f3n antes de iniciar tu aventura<\/strong>, te recomendamos visitar nuestra <a href=\"https:\/\/www.rutaverdebolivia.com\/es\/tours\/\">oferta tur\u00edstica<\/a>.<\/p>\n<p>Estamos ansiosos por poder compartir nuestra hermosa Bolivia nuevamente, ahora que oficialmente la pandemia ha llegado a su fin.<\/p>\n<p>\u00bfTienes alguna pregunta adicional? No dudes en ponerte en <a href=\"https:\/\/www.rutaverdebolivia.com\/es\/contactanos\/\">contacto con nosotros<\/a>, haremos todo lo posible para ayudarte.[\/vc_column_text][mk_image_switch src_first=\u00bbhttps:\/\/www.rutaverdebolivia.com\/wp-content\/uploads\/covid-19-travel.png\u00bb src_second=\u00bbhttps:\/\/www.rutaverdebolivia.com\/wp-content\/uploads\/travel-covid.jpg\u00bb hover_animation=\u00bbfading\u00bb image_width=\u00bb300&#8243; image_height=\u00bb300&#8243; align=\u00bbcenter\u00bb][\/vc_column][\/mk_page_section][vc_row][vc_column][mk_padding_divider size=\u00bb30&#8243;][\/vc_column][\/vc_row]\n<\/div>","protected":false},"excerpt":{"rendered":"<p>[vc_row][vc_column][mk_padding_divider size=\u00bb50&#8243;][vc_column_text css=\u00bb.vc_custom_1635499226802{margin-bottom: 0px !important;}\u00bb] Bolivia requisitos de ingreso (Coronavirus) [\/vc_column_text][mk_padding_divider size=\u00bb20&#8243;][\/vc_column][\/vc_row][mk_page_section video_opacity=\u00bb0.7&#8243; padding_top=\u00bb0&#8243; padding_bottom=\u00bb0&#8243; top_shape_color=\u00bb#ffffff\u00bb bottom_shape_color=\u00bb#ffffff\u00bb sidebar=\u00bbsidebar-1&#8243;][vc_column][mk_padding_divider size=\u00bb30&#8243;][vc_column_text css=\u00bb.vc_custom_1694800371856{margin-bottom: 0px !important;}\u00bb]Bolivia requisitos de ingreso Covid-19: Las fronteras de Bolivia est\u00e1n abiertas para viajes de turismo, la presentaci\u00f3n de certificado de vacunaci\u00f3n Covid ya no es obligatoria. Por nueva Resoluci\u00f3n ministerial, a partir del 31 [&hellip;]<\/p>\n","protected":false},"author":3,"featured_media":0,"parent":0,"menu_order":0,"comment_status":"closed","ping_status":"closed","template":"","meta":{"footnotes":""},"class_list":["post-19093","page","type-page","status-publish","hentry"],"yoast_head":"<!-- This site is optimized with the Yoast SEO plugin v27.1.1 - https:\/\/yoast.com\/product\/yoast-seo-wordpress\/ -->\n<title>Bolivia requisitos de ingreso Covid-19 - Ruta Verde Tours<\/title>\n<meta name=\"description\" content=\"Bolivia requisitos de ingreso Covid-19 (Corona): Fronteras abiertas para turistas. No se requiere de cuarentena.\" \/>\n<meta name=\"robots\" content=\"index, follow, max-snippet:-1, max-image-preview:large, max-video-preview:-1\" \/>\n<link rel=\"canonical\" href=\"https:\/\/www.rutaverdebolivia.com\/es\/bolivia-requisitos-ingreso-covid-19\/\" \/>\n<meta property=\"og:locale\" content=\"es_ES\" \/>\n<meta property=\"og:type\" content=\"article\" \/>\n<meta property=\"og:title\" content=\"Bolivia requisitos de ingreso Covid-19 - Ruta Verde Tours\" \/>\n<meta property=\"og:description\" content=\"Bolivia requisitos de ingreso Covid-19 (Corona): Fronteras abiertas para turistas. No se requiere de cuarentena.\" \/>\n<meta property=\"og:url\" content=\"https:\/\/www.rutaverdebolivia.com\/es\/bolivia-requisitos-ingreso-covid-19\/\" \/>\n<meta property=\"og:site_name\" content=\"Ruta Verde Tours\" \/>\n<meta property=\"article:publisher\" content=\"https:\/\/www.facebook.com\/rutaverdebolivia\/\" \/>\n<meta property=\"article:modified_time\" content=\"2023-09-15T17:52:55+00:00\" \/>\n<meta name=\"twitter:card\" content=\"summary_large_image\" \/>\n<meta name=\"twitter:site\" content=\"@rutaverde\" \/>\n<meta name=\"twitter:label1\" content=\"Tiempo de lectura\" \/>\n\t<meta name=\"twitter:data1\" content=\"2 minutos\" \/>\n<script type=\"application\/ld+json\" class=\"yoast-schema-graph\">{\"@context\":\"https:\/\/schema.org\",\"@graph\":[{\"@type\":\"WebPage\",\"@id\":\"https:\/\/www.rutaverdebolivia.com\/es\/bolivia-requisitos-ingreso-covid-19\/\",\"url\":\"https:\/\/www.rutaverdebolivia.com\/es\/bolivia-requisitos-ingreso-covid-19\/\",\"name\":\"Bolivia requisitos de ingreso Covid-19 - Ruta Verde Tours\",\"isPartOf\":{\"@id\":\"https:\/\/www.rutaverdebolivia.com\/#website\"},\"datePublished\":\"2021-04-22T15:39:25+00:00\",\"dateModified\":\"2023-09-15T17:52:55+00:00\",\"description\":\"Bolivia requisitos de ingreso Covid-19 (Corona): Fronteras abiertas para turistas. No se requiere de cuarentena.\",\"breadcrumb\":{\"@id\":\"https:\/\/www.rutaverdebolivia.com\/es\/bolivia-requisitos-ingreso-covid-19\/#breadcrumb\"},\"inLanguage\":\"es\",\"potentialAction\":[{\"@type\":\"ReadAction\",\"target\":[\"https:\/\/www.rutaverdebolivia.com\/es\/bolivia-requisitos-ingreso-covid-19\/\"]}]},{\"@type\":\"BreadcrumbList\",\"@id\":\"https:\/\/www.rutaverdebolivia.com\/es\/bolivia-requisitos-ingreso-covid-19\/#breadcrumb\",\"itemListElement\":[{\"@type\":\"ListItem\",\"position\":1,\"name\":\"Startseite\",\"item\":\"https:\/\/www.rutaverdebolivia.com\/es\/\"},{\"@type\":\"ListItem\",\"position\":2,\"name\":\"Bolivia requisitos de ingreso Covid-19\"}]},{\"@type\":\"WebSite\",\"@id\":\"https:\/\/www.rutaverdebolivia.com\/#website\",\"url\":\"https:\/\/www.rutaverdebolivia.com\/\",\"name\":\"Ruta Verde Tours\",\"description\":\"Ruta Verde Bolivia\",\"potentialAction\":[{\"@type\":\"SearchAction\",\"target\":{\"@type\":\"EntryPoint\",\"urlTemplate\":\"https:\/\/www.rutaverdebolivia.com\/?s={search_term_string}\"},\"query-input\":{\"@type\":\"PropertyValueSpecification\",\"valueRequired\":true,\"valueName\":\"search_term_string\"}}],\"inLanguage\":\"es\"}]}<\/script>\n<!-- \/ Yoast SEO plugin. -->","yoast_head_json":{"title":"Bolivia requisitos de ingreso Covid-19 - Ruta Verde Tours","description":"Bolivia requisitos de ingreso Covid-19 (Corona): Fronteras abiertas para turistas. No se requiere de cuarentena.","robots":{"index":"index","follow":"follow","max-snippet":"max-snippet:-1","max-image-preview":"max-image-preview:large","max-video-preview":"max-video-preview:-1"},"canonical":"https:\/\/www.rutaverdebolivia.com\/es\/bolivia-requisitos-ingreso-covid-19\/","og_locale":"es_ES","og_type":"article","og_title":"Bolivia requisitos de ingreso Covid-19 - Ruta Verde Tours","og_description":"Bolivia requisitos de ingreso Covid-19 (Corona): Fronteras abiertas para turistas. No se requiere de cuarentena.","og_url":"https:\/\/www.rutaverdebolivia.com\/es\/bolivia-requisitos-ingreso-covid-19\/","og_site_name":"Ruta Verde Tours","article_publisher":"https:\/\/www.facebook.com\/rutaverdebolivia\/","article_modified_time":"2023-09-15T17:52:55+00:00","twitter_card":"summary_large_image","twitter_site":"@rutaverde","twitter_misc":{"Tiempo de lectura":"2 minutos"},"schema":{"@context":"https:\/\/schema.org","@graph":[{"@type":"WebPage","@id":"https:\/\/www.rutaverdebolivia.com\/es\/bolivia-requisitos-ingreso-covid-19\/","url":"https:\/\/www.rutaverdebolivia.com\/es\/bolivia-requisitos-ingreso-covid-19\/","name":"Bolivia requisitos de ingreso Covid-19 - Ruta Verde Tours","isPartOf":{"@id":"https:\/\/www.rutaverdebolivia.com\/#website"},"datePublished":"2021-04-22T15:39:25+00:00","dateModified":"2023-09-15T17:52:55+00:00","description":"Bolivia requisitos de ingreso Covid-19 (Corona): Fronteras abiertas para turistas. No se requiere de cuarentena.","breadcrumb":{"@id":"https:\/\/www.rutaverdebolivia.com\/es\/bolivia-requisitos-ingreso-covid-19\/#breadcrumb"},"inLanguage":"es","potentialAction":[{"@type":"ReadAction","target":["https:\/\/www.rutaverdebolivia.com\/es\/bolivia-requisitos-ingreso-covid-19\/"]}]},{"@type":"BreadcrumbList","@id":"https:\/\/www.rutaverdebolivia.com\/es\/bolivia-requisitos-ingreso-covid-19\/#breadcrumb","itemListElement":[{"@type":"ListItem","position":1,"name":"Startseite","item":"https:\/\/www.rutaverdebolivia.com\/es\/"},{"@type":"ListItem","position":2,"name":"Bolivia requisitos de ingreso Covid-19"}]},{"@type":"WebSite","@id":"https:\/\/www.rutaverdebolivia.com\/#website","url":"https:\/\/www.rutaverdebolivia.com\/","name":"Ruta Verde Tours","description":"Ruta Verde Bolivia","potentialAction":[{"@type":"SearchAction","target":{"@type":"EntryPoint","urlTemplate":"https:\/\/www.rutaverdebolivia.com\/?s={search_term_string}"},"query-input":{"@type":"PropertyValueSpecification","valueRequired":true,"valueName":"search_term_string"}}],"inLanguage":"es"}]}},"_links":{"self":[{"href":"https:\/\/www.rutaverdebolivia.com\/es\/wp-json\/wp\/v2\/pages\/19093","targetHints":{"allow":["GET"]}}],"collection":[{"href":"https:\/\/www.rutaverdebolivia.com\/es\/wp-json\/wp\/v2\/pages"}],"about":[{"href":"https:\/\/www.rutaverdebolivia.com\/es\/wp-json\/wp\/v2\/types\/page"}],"author":[{"embeddable":true,"href":"https:\/\/www.rutaverdebolivia.com\/es\/wp-json\/wp\/v2\/users\/3"}],"replies":[{"embeddable":true,"href":"https:\/\/www.rutaverdebolivia.com\/es\/wp-json\/wp\/v2\/comments?post=19093"}],"version-history":[{"count":28,"href":"https:\/\/www.rutaverdebolivia.com\/es\/wp-json\/wp\/v2\/pages\/19093\/revisions"}],"predecessor-version":[{"id":21325,"href":"https:\/\/www.rutaverdebolivia.com\/es\/wp-json\/wp\/v2\/pages\/19093\/revisions\/21325"}],"wp:attachment":[{"href":"https:\/\/www.rutaverdebolivia.com\/es\/wp-json\/wp\/v2\/media?parent=19093"}],"curies":[{"name":"wp","href":"https:\/\/api.w.org\/{rel}","templated":true}]}}