{"id":3231,"date":"2016-07-06T10:31:29","date_gmt":"2016-07-06T08:31:29","guid":{"rendered":"https:\/\/www.rutaverdebolivia.com\/about-santa-cruz\/?lang=es"},"modified":"2023-08-05T20:26:12","modified_gmt":"2023-08-05T18:26:12","slug":"acerca-santa-cruz","status":"publish","type":"page","link":"https:\/\/www.rutaverdebolivia.com\/es\/acerca-santa-cruz\/","title":{"rendered":"Acerca de Santa Cruz"},"content":{"rendered":"<div class=\"wpb-content-wrapper\">[vc_row][vc_column][mk_padding_divider size=\u00bb50&#8243;][vc_column_text]\n<h3>Acerca de Santa Cruz de la Sierra<\/h3>\n[\/vc_column_text][mk_padding_divider size=\u00bb20&#8243;][\/vc_column][\/vc_row][vc_row][vc_column width=\u00bb1\/2&#8243;][vc_column_text]Antes y despu\u00e9s de ir de tour en los hermosos alrededores de Santa Cruz, quiz\u00e1s quieras descansar y pasear un poco por la ciudad de Santa Cruz. Santa Cruz de la Sierra es la capital del departamento de Santa Cruz y est\u00e1 localizada en la parte oriental del pa\u00eds. Es una ciudad joven, en crecimiento, comercial, moderna y din\u00e1mica.[\/vc_column_text][\/vc_column][vc_column width=\u00bb1\/2&#8243;][vc_column_text]En la \u00faltima d\u00e9cada la alegre y pr\u00f3spera Santa Cruz se ha convertido en una ciudad grande de m\u00e1s de un mill\u00f3n y medio de habitantes posicion\u00e1ndose como la capital econ\u00f3mica del pa\u00eds. La ciudad ha sido dise\u00f1ada en c\u00edrculos conc\u00e9ntricos con la parte antigua de la ciudad, conocida como el Casco Viejo, situada en el centro dentro del primer anillo.[\/vc_column_text][\/vc_column][\/vc_row][vc_row][vc_column][mk_padding_divider size=\u00bb30&#8243;][mk_gallery images=\u00bb1195&#8243; column=\u00bb1&#8243; height=\u00bb300&#8243;][\/vc_column][\/vc_row][mk_page_section video_opacity=\u00bb0.7&#8243; padding_top=\u00bb0&#8243; padding_bottom=\u00bb0&#8243; top_shape_color=\u00bb#ffffff\u00bb bottom_shape_color=\u00bb#ffffff\u00bb sidebar=\u00bbsidebar-1&#8243;][vc_column][mk_padding_divider size=\u00bb30&#8243;][vc_column_text css=\u00bb.vc_custom_1691259867913{margin-bottom: 0px !important;}\u00bb]<strong>Clima<\/strong><\/p>\n<p>Generalmente, el clima en las tierras bajas de Bolivia es c\u00e1lido y h\u00famedo, la temperatura en Santa Cruz var\u00eda en el rango entre 26 y 30 grados Celsius, pero durante los meses de invierno (Mayo-Agosto), la temperatura puede descender hasta los 12 grados Celsius (pero nunca por m\u00e1s de unos pocos d\u00edas).<\/p>\n<p><strong>Idioma<\/strong><\/p>\n<p>Castellano es el idioma oficial de Bolivia, sin embargo siendo un pa\u00eds tan diverso tanto \u00e9tnica como culturalmente, existen otros idiomas y varios dialectos hablados a lo largo de todo el pa\u00eds. En el departamento de Santa Cruz, los principales grupos \u00e9tnicos (con sus propios dialectos) son Chiquitano, Guaran\u00ed y Ayoreo. Los habitantes de Santa Cruz (conocidos como cruce\u00f1os) tienen una entonaci\u00f3n diferente al hablar el castellano que alguien de La Paz u otras regiones de Bolivia.<\/p>\n<p><strong>Moneda<\/strong><\/p>\n<p>La moneda oficial es el Boliviano. Sin embargo, la mayor\u00eda de los establecimientos aceptan d\u00f3lares americanos. La manera m\u00e1s segura de cambiar moneda extranjera a Bolivianos es a trav\u00e9s de un banco. No recomendamos el cambio de dinero en las esquinas de las calles. Aconsejamos no aceptar moneda estadounidense con esquinas rotas porque puede ser rechazada al momento de usarla.<br \/>\nLa mayor\u00eda de los bancos cuentan con cajeros autom\u00e1ticos donde puedes retirar dinero (Bolivianos o d\u00f3lares americanos) a cualquier hora del d\u00eda.<\/p>\n<p><strong>Hora<\/strong><\/p>\n<p>La hora oficial en toda Bolivia es -04:00 en relaci\u00f3n al Meridiano de Greenwich (GMT).<\/p>\n<p><strong>Electricidad<\/strong><\/p>\n<p>El voltaje de electricidad en el pa\u00eds es de 220V. La mayor\u00eda de los hoteles 5 estrellas tambi\u00e9n ofrecen 110V.<\/p>\n<p><strong>Aeropuertos<\/strong><\/p>\n<p>La ciudad de Santa Cruz cuenta con dos aeropuertos: \u00abEl Trompillo\u00bb, ofreciendo servicio a transporte a\u00e9reo liviano y el aeropuerto internacional \u00abViru Viru\u00bb, el m\u00e1s importante y uno de los m\u00e1s modernos del pa\u00eds, conectando Santa Cruz a otros departamentos de Bolivia, pa\u00edses vecinos y al resto del mundo.<br \/>\nLa tarifa aproximada del taxi desde el aeropuerto Viru Viru esta en el rango de Bs. 100-150.- dependiendo de tu destino en la ciudad. Tambi\u00e9n puedes tomar un bus (l\u00ednea 135) desde el aeropuerto que te llevar\u00e1 hasta la estaci\u00f3n de buses por Bs. 6.-<\/p>\n<p><strong>Trenes<\/strong><\/p>\n<p>Chequea los horarios y tarifas de trenes en Bolivia, tanto para la red ferroviaria\u00a0<a href=\"https:\/\/ferroviaria-andina.com.bo\/servicio-de-pasajeros\/\">Inter-Andina<\/a>\u00a0como la <a href=\"http:\/\/www.fo.com.bo\/SERVICIOS\/Pasajeros\/SitePages\/TarifasItinerarios.aspx\">Red Oriental<\/a>.[\/vc_column_text][\/vc_column][\/mk_page_section][vc_row][vc_column][mk_padding_divider size=\u00bb30&#8243;][mk_gallery images=\u00bb1199&#8243; column=\u00bb1&#8243; height=\u00bb300&#8243;][mk_padding_divider size=\u00bb30&#8243;][\/vc_column][\/vc_row][vc_row][vc_column][vc_column_text css=\u00bb.vc_custom_1632219086060{margin-bottom: 0px !important;}\u00bb]\n<h3>Qu\u00e9 hacer en SCZ<\/h3>\n[\/vc_column_text][mk_padding_divider size=\u00bb20&#8243;][vc_column_text css=\u00bb.vc_custom_1665648870279{margin-bottom: 0px !important;}\u00bb]Chequea tambi\u00e9n nuestra <a href=\"https:\/\/www.rutaverdebolivia.com\/things-to-do-in-santa-cruz\/\">lista de 30+ cosas para hacer en Santa Cruz de la Sierra<\/a> (en Ingl\u00e9s), inspirate y disfruta de la estad\u00eda en nuestra ciudad.<\/p>\n<p><strong>Vida nocturna<\/strong><\/p>\n<p align=\"left\">Santa Cruz cuenta con excelentes lugares para la diversi\u00f3n y el entretenimiento. Un sitio muy concurrido para el iniciar una previa a la movida nocturna es el boulevard del Ventura Mall. Puedes chequear todas las diferentes opciones de restaurantes, churrasquer\u00edas\/parrilladas, caf\u00e9s, helader\u00edas, etc. Entre ellos est\u00e1n los reconocidos mundialmente : \u00abStarbucks\u00bb y \u00abHard Rock caf\u00e9\u00bb, etc.<\/p>\n<p align=\"left\">Otra avenida llena de bares, caf\u00e9s y restaurantes es la Avenida Monse\u00f1or Rivero (tambi\u00e9n llamada el Boulevard). El boulevard es un destino popular durante todo el d\u00eda. Existen una fila de bares, caf\u00e9s y restaurantes. Escoje uno de tu preferencia, si\u00e9ntate afuera y disfruta del ambiente.<\/p>\n<p align=\"left\">La ciudad se hace cada vez m\u00e1s cosmopolita y eso se refleja tambi\u00e9n en su oferta culinaria con diferentes buenos restaurantes, bares y caf\u00e9s sirviendo diversas excelentes especialidades locales e internacionales (italianos, franceses, alemanes, chinos, vietnameses, etc).<\/p>\n<p align=\"left\">En las afueras de Santa Cruz, existen otros restaurants campestres que son visitados los fines de semana por los locales, algunos de ellos son: \u00abLa Rinconada\u00bb, \u00abCasa del Camba\u00bb, \u00abTapekua Le Mayen\u00bb, \u00abBiocentro Guembe\u00bb. \u00a0<a href=\"https:\/\/www.rutaverdebolivia.com\/es\/contactanos\/\">Cont\u00e1ctanos<\/a> para obtener informaci\u00f3n detallada de c\u00f3mo llegar o si te interesa un paseo guiado.<\/p>\n<p>Shopping? Date una vuelta por los malls \u00abVentura\u00bb y \u00abLas Brisas\u00bb.<\/p>\n<p><strong>Eventos<\/strong><\/p>\n<p>Santa Cruz tiene numerosos eventos todo el a\u00f1o: Carnaval (Febrero), Festival de teatro (Abril-\/Mayo a\u00f1os impares), Festival de M\u00fasica Barroca (Abril-Mayo, a\u00f1os pares), Festival Iberoamericano de Cine (Agosto), Expogourmet y el Festival de Vinos y quesos (Julio-Agosto), Feria Internacional Expocruz (Septiembre), etc.<\/p>\n<p>Chequea nuestro calendario de festividades locales.<\/p>\n<p align=\"left\"><strong>Parques Acu\u00e1ticos <\/strong><\/p>\n<p align=\"left\">Kalomai Park es un inmenso parque acu\u00e1tico de verano con diversi\u00f3n para todo el d\u00eda. Tiene muchas atracciones como toboganes cerrados y abuertos, piscina olimpica, una gigantesca piscina, etc. Playland es otro parque acu\u00e1tico con piscinas y otras atracciones acu\u00e1ticas, un mini zoo (refugio de animales silvestres) y juegos electr\u00f3nicos y mec\u00e1nicos.<\/p>\n<p align=\"left\"><strong>Cines<\/strong><\/p>\n<p align=\"left\">El Cinecenter es una moderna sala de cine rodeado por algunos bares hip y restaurantes. Otras opciones son \u00abCinemark\u00bb dentro del \u00abVentura Mall\u00bb o el \u00abMulticine\u00bb en \u00abLas Brisas\u00bb mall.<\/p>\n<p align=\"left\"><strong>Museos<\/strong><\/p>\n<p align=\"left\">Dependiendo de sus intereses, los siguientes museos valen la pena ser visitados:<\/p>\n<ul>\n<li>Museo de arte religioso. El museo se encuentra ubicado en el interior de la Catedral en la Plaza Principal, all\u00ed puedes encontrar el libro m\u00e1s peque\u00f1o del<br \/>\nmundo en exposici\u00f3n.<\/li>\n<li>Museo de Historia Regional (localizado frente a la oficina de correos, a una\u00a0cuadra de la Plaza Principal).<\/li>\n<li>Museo de Arte Contempor\u00e1neo.<\/li>\n<li>Museo de Historia Natural Noel Kempff Mercado.<\/li>\n<li>Museo Etno-folkl\u00f3rico.<\/li>\n<li>Museo Germ\u00e1n Busch<\/li>\n<li>CBA science corner, si viajas con ni\u00f1os te sugerimos una visita a este un museo interactivo sobre ciencias, con exhibiciones sobre nuestro sistema solar y la evoluci\u00f3n y el ser humano. Cuenta tambi\u00e9n con un observatorio, con un telescopio lunar y solar con un funcionamiento totalmente computarizado<\/li>\n<\/ul>\n<p>&nbsp;<\/p>\n<p><strong>Mariposario, Aviario y Orquideario <\/strong><\/p>\n<p align=\"left\">Solo a 25 minutos del centro de Santa Cruz, existe un gigantesco aviario y mariposario. Parte del parque es tambi\u00e9n el espectacular orquideario, lagunas y piscinas naturales. Visitas al lugar pueden ser organizadas desde nuestra oficina.<\/p>\n<p align=\"left\"><strong>City Tour <\/strong><\/p>\n<p align=\"left\">Una gran manera de conocer m\u00e1s sobre la historia de Santa Cruz es tomar un city tour en bus tur\u00edstico. El tour tiene una duraci\u00f3n aproximada de tres horas. Si te interesa <a href=\"https:\/\/www.rutaverdebolivia.com\/es\/tour\/city-tour-santa-cruz-bolivia\/\">un city tour en servicio privado<\/a> y a medida de tus intereses, tambi\u00e9n podemos ofrecerlo en el idioma de tu preferencia. <a href=\"https:\/\/www.rutaverdebolivia.com\/es\/contactanos\/\">Cont\u00e1ctanos<\/a> para mayor informaci\u00f3n.<\/p>\n<p align=\"left\"><strong>Plaza 24 de Septiembre <\/strong><\/p>\n<p align=\"left\">La Plaza principal de Santa Cruz (Plaza 24 de Septiembre) es un bonito lugar para sentarse, leer un libro, observar gente o jugar un partido de ajedrez con los locales.<\/p>\n<p align=\"left\">Alrededor de la plaza se ubican algunos interesantes edificios:<\/p>\n<p align=\"left\">En primer lugar la Catedral. Dentro de ella existe un museo de arte religioso, donde se encuentra el libro m\u00e1s peque\u00f1o del mundo.<\/p>\n<p align=\"left\">La Manzana Uno, al lado de la catedral, es uno de los nuevos lugares para la exhibici\u00f3n de las obras de los artistas locales.<\/p>\n<p align=\"left\">La Casa de la Cultura &#8211; tambi\u00e9n localizada frente a la Plaza- tiene exhibiciones permanentes de pinturas y esculturas adem\u00e1s de las presentaciones de danzas o teatro en sus salones.<\/p>\n<p align=\"left\"><strong>Zoo <\/strong><\/p>\n<p align=\"left\">El zool\u00f3gico de Santa Cruz es el \u00fanico zool\u00f3gico del continente especializado en fauna Sudamericana. Est\u00e1 a unos 15 minutos de distancia en taxi desde la plaza principal y abierto todos los d\u00edas.<\/p>\n<p><strong>Fuente de aguas danzantes<\/strong><\/p>\n<p>La fuente llamada \u00abAguas danzantes\u00bb es una hermosa fuente musical ubicada en el Parque Urbano central. El show de agua, m\u00fasica y luces inicia cada noche a las 20:00. (Este show se encuentra ahora en mantenimiento. Actualizado a Sept 2021)[\/vc_column_text][mk_padding_divider size=\u00bb50&#8243;][\/vc_column][\/vc_row]\n<\/div>","protected":false},"excerpt":{"rendered":"<p>[vc_row][vc_column][mk_padding_divider size=\u00bb50&#8243;][vc_column_text] Acerca de Santa Cruz de la Sierra [\/vc_column_text][mk_padding_divider size=\u00bb20&#8243;][\/vc_column][\/vc_row][vc_row][vc_column width=\u00bb1\/2&#8243;][vc_column_text]Antes y despu\u00e9s de ir de tour en los hermosos alrededores de Santa Cruz, quiz\u00e1s quieras descansar y pasear un poco por la ciudad de Santa Cruz. Santa Cruz de la Sierra es la capital del departamento de Santa Cruz y est\u00e1 localizada en [&hellip;]<\/p>\n","protected":false},"author":2,"featured_media":0,"parent":0,"menu_order":0,"comment_status":"closed","ping_status":"closed","template":"","meta":{"footnotes":""},"class_list":["post-3231","page","type-page","status-publish","hentry"],"yoast_head":"<!-- This site is optimized with the Yoast SEO plugin v27.1.1 - https:\/\/yoast.com\/product\/yoast-seo-wordpress\/ -->\n<title>Acerca de Santa Cruz - Ruta Verde Tours<\/title>\n<meta name=\"description\" content=\"Facts and information about Santa Cruz de la Sierra, Bolivia. Large, dynamic, modern and tropical cit. One of the fastest growing cities in the world.\" \/>\n<meta name=\"robots\" content=\"index, follow, max-snippet:-1, max-image-preview:large, max-video-preview:-1\" \/>\n<link rel=\"canonical\" href=\"https:\/\/www.rutaverdebolivia.com\/es\/acerca-santa-cruz\/\" \/>\n<meta property=\"og:locale\" content=\"es_ES\" \/>\n<meta property=\"og:type\" content=\"article\" \/>\n<meta property=\"og:title\" content=\"Acerca de Santa Cruz - Ruta Verde Tours\" \/>\n<meta property=\"og:description\" content=\"Facts and information about Santa Cruz de la Sierra, Bolivia. Large, dynamic, modern and tropical cit. One of the fastest growing cities in the world.\" \/>\n<meta property=\"og:url\" content=\"https:\/\/www.rutaverdebolivia.com\/es\/acerca-santa-cruz\/\" \/>\n<meta property=\"og:site_name\" content=\"Ruta Verde Tours\" \/>\n<meta property=\"article:publisher\" content=\"https:\/\/www.facebook.com\/rutaverdebolivia\/\" \/>\n<meta property=\"article:modified_time\" content=\"2023-08-05T18:26:12+00:00\" \/>\n<meta name=\"twitter:card\" content=\"summary_large_image\" \/>\n<meta name=\"twitter:site\" content=\"@rutaverde\" \/>\n<meta name=\"twitter:label1\" content=\"Tiempo de lectura\" \/>\n\t<meta name=\"twitter:data1\" content=\"6 minutos\" \/>\n<script type=\"application\/ld+json\" class=\"yoast-schema-graph\">{\"@context\":\"https:\/\/schema.org\",\"@graph\":[{\"@type\":\"WebPage\",\"@id\":\"https:\/\/www.rutaverdebolivia.com\/es\/acerca-santa-cruz\/\",\"url\":\"https:\/\/www.rutaverdebolivia.com\/es\/acerca-santa-cruz\/\",\"name\":\"Acerca de Santa Cruz - Ruta Verde Tours\",\"isPartOf\":{\"@id\":\"https:\/\/www.rutaverdebolivia.com\/#website\"},\"datePublished\":\"2016-07-06T08:31:29+00:00\",\"dateModified\":\"2023-08-05T18:26:12+00:00\",\"description\":\"Facts and information about Santa Cruz de la Sierra, Bolivia. Large, dynamic, modern and tropical cit. One of the fastest growing cities in the world.\",\"breadcrumb\":{\"@id\":\"https:\/\/www.rutaverdebolivia.com\/es\/acerca-santa-cruz\/#breadcrumb\"},\"inLanguage\":\"es\",\"potentialAction\":[{\"@type\":\"ReadAction\",\"target\":[\"https:\/\/www.rutaverdebolivia.com\/es\/acerca-santa-cruz\/\"]}]},{\"@type\":\"BreadcrumbList\",\"@id\":\"https:\/\/www.rutaverdebolivia.com\/es\/acerca-santa-cruz\/#breadcrumb\",\"itemListElement\":[{\"@type\":\"ListItem\",\"position\":1,\"name\":\"Startseite\",\"item\":\"https:\/\/www.rutaverdebolivia.com\/es\/\"},{\"@type\":\"ListItem\",\"position\":2,\"name\":\"Acerca de Santa Cruz\"}]},{\"@type\":\"WebSite\",\"@id\":\"https:\/\/www.rutaverdebolivia.com\/#website\",\"url\":\"https:\/\/www.rutaverdebolivia.com\/\",\"name\":\"Ruta Verde Tours\",\"description\":\"Ruta Verde Bolivia\",\"potentialAction\":[{\"@type\":\"SearchAction\",\"target\":{\"@type\":\"EntryPoint\",\"urlTemplate\":\"https:\/\/www.rutaverdebolivia.com\/?s={search_term_string}\"},\"query-input\":{\"@type\":\"PropertyValueSpecification\",\"valueRequired\":true,\"valueName\":\"search_term_string\"}}],\"inLanguage\":\"es\"}]}<\/script>\n<!-- \/ Yoast SEO plugin. -->","yoast_head_json":{"title":"Acerca de Santa Cruz - Ruta Verde Tours","description":"Facts and information about Santa Cruz de la Sierra, Bolivia. Large, dynamic, modern and tropical cit. One of the fastest growing cities in the world.","robots":{"index":"index","follow":"follow","max-snippet":"max-snippet:-1","max-image-preview":"max-image-preview:large","max-video-preview":"max-video-preview:-1"},"canonical":"https:\/\/www.rutaverdebolivia.com\/es\/acerca-santa-cruz\/","og_locale":"es_ES","og_type":"article","og_title":"Acerca de Santa Cruz - Ruta Verde Tours","og_description":"Facts and information about Santa Cruz de la Sierra, Bolivia. Large, dynamic, modern and tropical cit. One of the fastest growing cities in the world.","og_url":"https:\/\/www.rutaverdebolivia.com\/es\/acerca-santa-cruz\/","og_site_name":"Ruta Verde Tours","article_publisher":"https:\/\/www.facebook.com\/rutaverdebolivia\/","article_modified_time":"2023-08-05T18:26:12+00:00","twitter_card":"summary_large_image","twitter_site":"@rutaverde","twitter_misc":{"Tiempo de lectura":"6 minutos"},"schema":{"@context":"https:\/\/schema.org","@graph":[{"@type":"WebPage","@id":"https:\/\/www.rutaverdebolivia.com\/es\/acerca-santa-cruz\/","url":"https:\/\/www.rutaverdebolivia.com\/es\/acerca-santa-cruz\/","name":"Acerca de Santa Cruz - Ruta Verde Tours","isPartOf":{"@id":"https:\/\/www.rutaverdebolivia.com\/#website"},"datePublished":"2016-07-06T08:31:29+00:00","dateModified":"2023-08-05T18:26:12+00:00","description":"Facts and information about Santa Cruz de la Sierra, Bolivia. Large, dynamic, modern and tropical cit. One of the fastest growing cities in the world.","breadcrumb":{"@id":"https:\/\/www.rutaverdebolivia.com\/es\/acerca-santa-cruz\/#breadcrumb"},"inLanguage":"es","potentialAction":[{"@type":"ReadAction","target":["https:\/\/www.rutaverdebolivia.com\/es\/acerca-santa-cruz\/"]}]},{"@type":"BreadcrumbList","@id":"https:\/\/www.rutaverdebolivia.com\/es\/acerca-santa-cruz\/#breadcrumb","itemListElement":[{"@type":"ListItem","position":1,"name":"Startseite","item":"https:\/\/www.rutaverdebolivia.com\/es\/"},{"@type":"ListItem","position":2,"name":"Acerca de Santa Cruz"}]},{"@type":"WebSite","@id":"https:\/\/www.rutaverdebolivia.com\/#website","url":"https:\/\/www.rutaverdebolivia.com\/","name":"Ruta Verde Tours","description":"Ruta Verde Bolivia","potentialAction":[{"@type":"SearchAction","target":{"@type":"EntryPoint","urlTemplate":"https:\/\/www.rutaverdebolivia.com\/?s={search_term_string}"},"query-input":{"@type":"PropertyValueSpecification","valueRequired":true,"valueName":"search_term_string"}}],"inLanguage":"es"}]}},"_links":{"self":[{"href":"https:\/\/www.rutaverdebolivia.com\/es\/wp-json\/wp\/v2\/pages\/3231","targetHints":{"allow":["GET"]}}],"collection":[{"href":"https:\/\/www.rutaverdebolivia.com\/es\/wp-json\/wp\/v2\/pages"}],"about":[{"href":"https:\/\/www.rutaverdebolivia.com\/es\/wp-json\/wp\/v2\/types\/page"}],"author":[{"embeddable":true,"href":"https:\/\/www.rutaverdebolivia.com\/es\/wp-json\/wp\/v2\/users\/2"}],"replies":[{"embeddable":true,"href":"https:\/\/www.rutaverdebolivia.com\/es\/wp-json\/wp\/v2\/comments?post=3231"}],"version-history":[{"count":13,"href":"https:\/\/www.rutaverdebolivia.com\/es\/wp-json\/wp\/v2\/pages\/3231\/revisions"}],"predecessor-version":[{"id":21196,"href":"https:\/\/www.rutaverdebolivia.com\/es\/wp-json\/wp\/v2\/pages\/3231\/revisions\/21196"}],"wp:attachment":[{"href":"https:\/\/www.rutaverdebolivia.com\/es\/wp-json\/wp\/v2\/media?parent=3231"}],"curies":[{"name":"wp","href":"https:\/\/api.w.org\/{rel}","templated":true}]}}