{"id":3287,"date":"2016-04-05T14:26:49","date_gmt":"2016-04-05T14:26:49","guid":{"rendered":"https:\/\/www.rutaverdebolivia.com\/about-us\/?lang=es"},"modified":"2026-03-03T20:53:58","modified_gmt":"2026-03-03T19:53:58","slug":"acerca-ruta-verde","status":"publish","type":"page","link":"https:\/\/www.rutaverdebolivia.com\/es\/acerca-ruta-verde\/","title":{"rendered":"Acerca de Ruta Verde"},"content":{"rendered":"<div class=\"wpb-content-wrapper\">[mk_page_section bg_image=\u00bbhttps:\/\/www.rutaverdebolivia.com\/wp-content\/uploads\/groen-e1484658492240.jpg\u00bb bg_position=\u00bbcenter center\u00bb bg_stretch=\u00bbtrue\u00bb enable_3d=\u00bbtrue\u00bb top_shadow=\u00bbtrue\u00bb min_height=\u00bb400&#8243; full_width=\u00bbtrue\u00bb sidebar=\u00bbsidebar-1&#8243;][vc_column][\/vc_column][\/mk_page_section][vc_row css=\u00bb.vc_custom_1475580710079{margin-top: 0px !important;}\u00bb][vc_column width=\u00bb1\/2&#8243;][mk_padding_divider size=\u00bb80&#8243;][mk_fancy_title color=\u00bb#b6d100&#8243; size=\u00bb56&#8243; force_font_size=\u00bbtrue\u00bb size_tablet=\u00bb40&#8243; font_weight=\u00bb300&#8243; txt_transform=\u00bbcapitalize\u00bb font_family=\u00bbPoppins\u00bb font_type=\u00bbgoogle\u00bb animation=\u00bbright-to-left\u00bb]Acerca de Ruta Verde Tours[\/mk_fancy_title][mk_image_slideshow images=\u00bb5426,1503&#8243; image_height=\u00bb750&#8243; animation_speed=\u00bb509&#8243;][\/vc_column][vc_column width=\u00bb1\/2&#8243;][mk_padding_divider size=\u00bb300&#8243;][vc_column_text css=\u00bb.vc_custom_1761670082746{margin-bottom: 0px !important;}\u00bb]Ruta Verde Tours es una agencia de turismo fundada por una pareja holandesa\/boliviana apasionada por mostrar las maravillas de Bolivia. El nombre \u00abRuta Verde,\u00bb est\u00e1 inspirado en la vibrante naturaleza verde de Santa Cruz de la Sierra, una ciudad tropical en Bolivia.<\/p>\n<p>Nuestra misi\u00f3n es compartir la impresionante belleza natural y los ricos tesoros culturales de Bolivia con el mundo. Gijs y Maria Eugenia han estado ofreciendo una diversa gama de tours con eficiencia holandesa desde el 2006.<\/p>\n<p>Sea cual sea tu inter\u00e9s, podemos crear un viaje personalizado que nunca olvidar\u00e1s. Ofrecemos excursiones culturales, de aventura o de exploraci\u00f3n de la naturaleza en uno de los pa\u00edses m\u00e1s bellos, diversos y fascinantes del mundo: Bolivia!<\/p>\n<p>Por favor, revisa nuestra oferta de\u00a0<a href=\"https:\/\/www.rutaverdebolivia.com\/es\/tours\/\">TOURS<\/a>\u00a0en nuestra p\u00e1gina web para un vistazo completo de los tours que ofrecemos en todo el pa\u00eds.[\/vc_column_text][\/vc_column][\/vc_row][mk_page_section bg_repeat=\u00bbno-repeat\u00bb bg_stretch=\u00bbtrue\u00bb video_opacity=\u00bb0.9&#8243; padding_top=\u00bb160&#8243; padding_bottom=\u00bb160&#8243; sidebar=\u00bbsidebar-1&#8243;][vc_column width=\u00bb6\/12&#8243;][mk_fancy_title tag_name=\u00bbh3&#8243; color=\u00bb#b6d100&#8243; size=\u00bb56&#8243; force_font_size=\u00bbtrue\u00bb size_tablet=\u00bb40&#8243; font_weight=\u00bb300&#8243; txt_transform=\u00bbcapitalize\u00bb font_family=\u00bbPoppins\u00bb font_type=\u00bbgoogle\u00bb animation=\u00bbright-to-left\u00bb]Razones \u00a0para escoger a\u00a0Ruta Verde:[\/mk_fancy_title][mk_custom_list]\n<ul>\n<li>Ofrecemos asistencia r\u00e1pida y amigable desde el primer momento en que entras en contacto con nosotros.<\/li>\n<li>Hablamos Espa\u00f1ol, Ingl\u00e9s y Holand\u00e9s.<\/li>\n<li>En el caso improbable de que nuestra empresa se vuelva financieramente insolvente, su pago estar\u00e1 protegido a trav\u00e9s de <a href=\"http:\/\/www.vzr-garant.nl\/en\">VZR Garant<\/a> (un sistema de garant\u00eda reconocido) que garantizar\u00e1 la devoluci\u00f3n del pago de su reserva.<\/li>\n<li>Amamos nuestro trabajo y eso se muestra a trav\u00e9s de los comentarios de satisfacci\u00f3n de nuestros clientes. Con muchos a\u00f1os de experiencia en Bolivia, nuestro equipo y nuestros tours han sido mencionados y recomendados en importantes gu\u00edas de viaje como <em data-start=\"473\" data-end=\"488\">Lonely Planet<\/em>, <em data-start=\"490\" data-end=\"503\">Rough Guide<\/em>, <em data-start=\"505\" data-end=\"516\">Footprint<\/em>, <em data-start=\"518\" data-end=\"527\">Routard<\/em> y <em data-start=\"530\" data-end=\"542\">The Amazon<\/em>.<\/li>\n<li>Amamos Bolivia y apreciamos la oportunidad de mostr\u00e1rtela. Trabajamos arduamente para asegurarnos que regreses a casa llevando maravillosos recuerdos de tu estad\u00eda en Bolivia.<\/li>\n<li>Trabajamos con las comunidades locales a lo largo del pa\u00eds para ayudarles a involucrarse y por lo tanto a beneficiarse del desarrollo del turismo.<\/li>\n<li>Disfrutamos de nuestro trabajo y esto se muestra a trav\u00e9s de los comentarios de nuestros clientes.<\/li>\n<li>Nos aseguramos que el staff local reciba un pago justo por la prestaci\u00f3n de sus servicios.<\/li>\n<li>Somos una agencia de turismo amiga de los animales. Estamos conscientes de que el turismo tiene el potencial ya sea para destruir o para salvar comunidades de vida silvestre. Aseg\u00farate que mientras viajas est\u00e1s colaborando a hacer lo \u00faltimo.<\/li>\n<\/ul>\n[\/mk_custom_list][vc_column_text margin_bottom=\u00bb0&#8243; css=\u00bb.vc_custom_1772567634910{margin-bottom: 0px !important;}\u00bb]\n<h6>Ruta Verde Tours B.V. CdC 74495925 &#8211;\u00a0Holanda<\/h6>\n<h6>info@rutaverdebolivia.com<\/h6>\n<h6>Para asistencia en Bolivia:<br \/>\nTel. +591 70849871 (partner local)<\/h6>\n<h6><\/h6>\n[\/vc_column_text][\/vc_column][vc_column width=\u00bb1\/12&#8243;][\/vc_column][vc_column width=\u00bb5\/12&#8243;][mk_padding_divider size=\u00bb260&#8243;][vc_column_text disable_pattern=\u00bbfalse\u00bb css=\u00bb.vc_custom_1656157685668{margin-bottom: 0px !important;}\u00bb]\n<div style=\"color: #b6d100; font-size: 30px; line-height: 40px;\">\u201cAmamos Bolivia y apreciamos la oportunidad de mostr\u00e1rtela. Trabajamos arduamente para asegurarnos que regreses a casa llevando maravillosos recuerdos de Bolivia\u201d<\/div>\n[\/vc_column_text][mk_padding_divider size=\u00bb80&#8243;][\/vc_column][\/mk_page_section]\n<\/div>","protected":false},"excerpt":{"rendered":"<p>[mk_page_section bg_image=\u00bbhttps:\/\/www.rutaverdebolivia.com\/wp-content\/uploads\/groen-e1484658492240.jpg\u00bb bg_position=\u00bbcenter center\u00bb bg_stretch=\u00bbtrue\u00bb enable_3d=\u00bbtrue\u00bb top_shadow=\u00bbtrue\u00bb min_height=\u00bb400&#8243; full_width=\u00bbtrue\u00bb sidebar=\u00bbsidebar-1&#8243;][vc_column][\/vc_column][\/mk_page_section][vc_row css=\u00bb.vc_custom_1475580710079{margin-top: 0px !important;}\u00bb][vc_column width=\u00bb1\/2&#8243;][mk_padding_divider size=\u00bb80&#8243;][mk_fancy_title color=\u00bb#b6d100&#8243; size=\u00bb56&#8243; force_font_size=\u00bbtrue\u00bb size_tablet=\u00bb40&#8243; font_weight=\u00bb300&#8243; txt_transform=\u00bbcapitalize\u00bb font_family=\u00bbPoppins\u00bb font_type=\u00bbgoogle\u00bb animation=\u00bbright-to-left\u00bb]Acerca de Ruta Verde Tours[\/mk_fancy_title][mk_image_slideshow images=\u00bb5426,1503&#8243; image_height=\u00bb750&#8243; animation_speed=\u00bb509&#8243;][\/vc_column][vc_column width=\u00bb1\/2&#8243;][mk_padding_divider size=\u00bb300&#8243;][vc_column_text css=\u00bb.vc_custom_1761670082746{margin-bottom: 0px !important;}\u00bb]Ruta Verde Tours es una agencia de turismo fundada por una pareja holandesa\/boliviana apasionada por mostrar las maravillas de Bolivia. [&hellip;]<\/p>\n","protected":false},"author":2,"featured_media":0,"parent":0,"menu_order":0,"comment_status":"closed","ping_status":"closed","template":"","meta":{"footnotes":""},"class_list":["post-3287","page","type-page","status-publish","hentry"],"yoast_head":"<!-- This site is optimized with the Yoast SEO plugin v27.1.1 - https:\/\/yoast.com\/product\/yoast-seo-wordpress\/ -->\n<title>Acerca de Ruta Verde - Ruta Verde Tours<\/title>\n<meta name=\"description\" content=\"Ruta Verde es una agencia de turismo Boliviano\/Holandesa. Nos encanta compartir con el resto del mundo los tesoros de Bolivia.\" \/>\n<meta name=\"robots\" content=\"index, follow, max-snippet:-1, max-image-preview:large, max-video-preview:-1\" \/>\n<link rel=\"canonical\" href=\"https:\/\/www.rutaverdebolivia.com\/es\/acerca-ruta-verde\/\" \/>\n<meta property=\"og:locale\" content=\"es_ES\" \/>\n<meta property=\"og:type\" content=\"article\" \/>\n<meta property=\"og:title\" content=\"Acerca de Ruta Verde - Ruta Verde Tours\" \/>\n<meta property=\"og:description\" content=\"Ruta Verde es una agencia de turismo Boliviano\/Holandesa. Nos encanta compartir con el resto del mundo los tesoros de Bolivia.\" \/>\n<meta property=\"og:url\" content=\"https:\/\/www.rutaverdebolivia.com\/es\/acerca-ruta-verde\/\" \/>\n<meta property=\"og:site_name\" content=\"Ruta Verde Tours\" \/>\n<meta property=\"article:publisher\" content=\"https:\/\/www.facebook.com\/rutaverdebolivia\/\" \/>\n<meta property=\"article:modified_time\" content=\"2026-03-03T19:53:58+00:00\" \/>\n<meta name=\"twitter:card\" content=\"summary_large_image\" \/>\n<meta name=\"twitter:site\" content=\"@rutaverde\" \/>\n<meta name=\"twitter:label1\" content=\"Tiempo de lectura\" \/>\n\t<meta name=\"twitter:data1\" content=\"3 minutos\" \/>\n<script type=\"application\/ld+json\" class=\"yoast-schema-graph\">{\"@context\":\"https:\/\/schema.org\",\"@graph\":[{\"@type\":\"WebPage\",\"@id\":\"https:\/\/www.rutaverdebolivia.com\/es\/acerca-ruta-verde\/\",\"url\":\"https:\/\/www.rutaverdebolivia.com\/es\/acerca-ruta-verde\/\",\"name\":\"Acerca de Ruta Verde - Ruta Verde Tours\",\"isPartOf\":{\"@id\":\"https:\/\/www.rutaverdebolivia.com\/#website\"},\"datePublished\":\"2016-04-05T14:26:49+00:00\",\"dateModified\":\"2026-03-03T19:53:58+00:00\",\"description\":\"Ruta Verde es una agencia de turismo Boliviano\/Holandesa. Nos encanta compartir con el resto del mundo los tesoros de Bolivia.\",\"breadcrumb\":{\"@id\":\"https:\/\/www.rutaverdebolivia.com\/es\/acerca-ruta-verde\/#breadcrumb\"},\"inLanguage\":\"es\",\"potentialAction\":[{\"@type\":\"ReadAction\",\"target\":[\"https:\/\/www.rutaverdebolivia.com\/es\/acerca-ruta-verde\/\"]}]},{\"@type\":\"BreadcrumbList\",\"@id\":\"https:\/\/www.rutaverdebolivia.com\/es\/acerca-ruta-verde\/#breadcrumb\",\"itemListElement\":[{\"@type\":\"ListItem\",\"position\":1,\"name\":\"Startseite\",\"item\":\"https:\/\/www.rutaverdebolivia.com\/es\/\"},{\"@type\":\"ListItem\",\"position\":2,\"name\":\"Acerca de Ruta Verde\"}]},{\"@type\":\"WebSite\",\"@id\":\"https:\/\/www.rutaverdebolivia.com\/#website\",\"url\":\"https:\/\/www.rutaverdebolivia.com\/\",\"name\":\"Ruta Verde Tours\",\"description\":\"Ruta Verde Bolivia\",\"potentialAction\":[{\"@type\":\"SearchAction\",\"target\":{\"@type\":\"EntryPoint\",\"urlTemplate\":\"https:\/\/www.rutaverdebolivia.com\/?s={search_term_string}\"},\"query-input\":{\"@type\":\"PropertyValueSpecification\",\"valueRequired\":true,\"valueName\":\"search_term_string\"}}],\"inLanguage\":\"es\"}]}<\/script>\n<!-- \/ Yoast SEO plugin. -->","yoast_head_json":{"title":"Acerca de Ruta Verde - Ruta Verde Tours","description":"Ruta Verde es una agencia de turismo Boliviano\/Holandesa. Nos encanta compartir con el resto del mundo los tesoros de Bolivia.","robots":{"index":"index","follow":"follow","max-snippet":"max-snippet:-1","max-image-preview":"max-image-preview:large","max-video-preview":"max-video-preview:-1"},"canonical":"https:\/\/www.rutaverdebolivia.com\/es\/acerca-ruta-verde\/","og_locale":"es_ES","og_type":"article","og_title":"Acerca de Ruta Verde - Ruta Verde Tours","og_description":"Ruta Verde es una agencia de turismo Boliviano\/Holandesa. Nos encanta compartir con el resto del mundo los tesoros de Bolivia.","og_url":"https:\/\/www.rutaverdebolivia.com\/es\/acerca-ruta-verde\/","og_site_name":"Ruta Verde Tours","article_publisher":"https:\/\/www.facebook.com\/rutaverdebolivia\/","article_modified_time":"2026-03-03T19:53:58+00:00","twitter_card":"summary_large_image","twitter_site":"@rutaverde","twitter_misc":{"Tiempo de lectura":"3 minutos"},"schema":{"@context":"https:\/\/schema.org","@graph":[{"@type":"WebPage","@id":"https:\/\/www.rutaverdebolivia.com\/es\/acerca-ruta-verde\/","url":"https:\/\/www.rutaverdebolivia.com\/es\/acerca-ruta-verde\/","name":"Acerca de Ruta Verde - Ruta Verde Tours","isPartOf":{"@id":"https:\/\/www.rutaverdebolivia.com\/#website"},"datePublished":"2016-04-05T14:26:49+00:00","dateModified":"2026-03-03T19:53:58+00:00","description":"Ruta Verde es una agencia de turismo Boliviano\/Holandesa. Nos encanta compartir con el resto del mundo los tesoros de Bolivia.","breadcrumb":{"@id":"https:\/\/www.rutaverdebolivia.com\/es\/acerca-ruta-verde\/#breadcrumb"},"inLanguage":"es","potentialAction":[{"@type":"ReadAction","target":["https:\/\/www.rutaverdebolivia.com\/es\/acerca-ruta-verde\/"]}]},{"@type":"BreadcrumbList","@id":"https:\/\/www.rutaverdebolivia.com\/es\/acerca-ruta-verde\/#breadcrumb","itemListElement":[{"@type":"ListItem","position":1,"name":"Startseite","item":"https:\/\/www.rutaverdebolivia.com\/es\/"},{"@type":"ListItem","position":2,"name":"Acerca de Ruta Verde"}]},{"@type":"WebSite","@id":"https:\/\/www.rutaverdebolivia.com\/#website","url":"https:\/\/www.rutaverdebolivia.com\/","name":"Ruta Verde Tours","description":"Ruta Verde Bolivia","potentialAction":[{"@type":"SearchAction","target":{"@type":"EntryPoint","urlTemplate":"https:\/\/www.rutaverdebolivia.com\/?s={search_term_string}"},"query-input":{"@type":"PropertyValueSpecification","valueRequired":true,"valueName":"search_term_string"}}],"inLanguage":"es"}]}},"_links":{"self":[{"href":"https:\/\/www.rutaverdebolivia.com\/es\/wp-json\/wp\/v2\/pages\/3287","targetHints":{"allow":["GET"]}}],"collection":[{"href":"https:\/\/www.rutaverdebolivia.com\/es\/wp-json\/wp\/v2\/pages"}],"about":[{"href":"https:\/\/www.rutaverdebolivia.com\/es\/wp-json\/wp\/v2\/types\/page"}],"author":[{"embeddable":true,"href":"https:\/\/www.rutaverdebolivia.com\/es\/wp-json\/wp\/v2\/users\/2"}],"replies":[{"embeddable":true,"href":"https:\/\/www.rutaverdebolivia.com\/es\/wp-json\/wp\/v2\/comments?post=3287"}],"version-history":[{"count":37,"href":"https:\/\/www.rutaverdebolivia.com\/es\/wp-json\/wp\/v2\/pages\/3287\/revisions"}],"predecessor-version":[{"id":25370,"href":"https:\/\/www.rutaverdebolivia.com\/es\/wp-json\/wp\/v2\/pages\/3287\/revisions\/25370"}],"wp:attachment":[{"href":"https:\/\/www.rutaverdebolivia.com\/es\/wp-json\/wp\/v2\/media?parent=3287"}],"curies":[{"name":"wp","href":"https:\/\/api.w.org\/{rel}","templated":true}]}}