{"id":4864,"date":"2016-11-04T14:40:41","date_gmt":"2016-11-04T13:40:41","guid":{"rendered":"https:\/\/www.rutaverdebolivia.com\/es\/?page_id=4864"},"modified":"2016-11-11T16:57:29","modified_gmt":"2016-11-11T15:57:29","slug":"noel-kempff-lista-que-llevar","status":"publish","type":"page","link":"https:\/\/www.rutaverdebolivia.com\/es\/noel-kempff-lista-que-llevar\/","title":{"rendered":"Noel kempff pack list"},"content":{"rendered":"<p style=\"text-align: center;\"><strong>Parque Nacional Noel Kempff Mercado<\/strong><\/p>\n<p><strong><img loading=\"lazy\" decoding=\"async\" class=\"size-medium wp-image-4865 aligncenter\" src=\"https:\/\/www.rutaverdebolivia.com\/wp-content\/uploads\/Noel-Kempff-park-logo-288x300.png\" alt=\"Noel Kempff Mercado national park logo\" width=\"288\" height=\"300\" srcset=\"https:\/\/www.rutaverdebolivia.com\/wp-content\/uploads\/Noel-Kempff-park-logo-288x300.png 288w, https:\/\/www.rutaverdebolivia.com\/wp-content\/uploads\/Noel-Kempff-park-logo-250x260.png 250w, https:\/\/www.rutaverdebolivia.com\/wp-content\/uploads\/Noel-Kempff-park-logo.png 600w, https:\/\/www.rutaverdebolivia.com\/wp-content\/uploads\/Noel-Kempff-park-logo-398x414.png 398w, https:\/\/www.rutaverdebolivia.com\/wp-content\/uploads\/Noel-Kempff-park-logo-414x431.png 414w\" sizes=\"auto, (max-width: 288px) 100vw, 288px\" \/><\/strong><\/p>\n<p><strong>Qu\u00e9 Llevar al Parque<\/strong><\/p>\n<p>La siguiente lista muestra los \u00edtemes que consideramos ser\u00e1n esenciales para un viaje de 5 o 6 d\u00edas al Parque Nacional Noel Kempff Mercado. De ninguna manera es una lista completa, ya que cada viajero tiene sus propias necesidades. Sin embargo, por favor acepte nuestro consejo de tratar de viajar lo m\u00e1s liviano posible cuando est\u00e9 escogiendo \u00edtems adicionales que sienta que son indispensables durante su viaje.<\/p>\n<p><strong>Ropa de Campo<\/strong><\/p>\n<p>2 pares de pantalones largos (sueltos, que sequen r\u00e1pido, de algod\u00f3n son ideales)<\/p>\n<p>1 camisa de manga larga, liviana, de algod\u00f3n<\/p>\n<p>4 camisetas de manga corta de algod\u00f3n<\/p>\n<p>1 par de shorts para caminar\/nadar<\/p>\n<p>4 juegos de ropa interior (algod\u00f3n es mejor, evite sint\u00e9ticos pesados)<\/p>\n<p>6 pares de calcetines (evite materiales sint\u00e9ticos pesados)<\/p>\n<p>1 par de zapatillas deportivas\/sandalias o chinelas para usar cerca del alojamiento<\/p>\n<p>1 sombrero impermeable con ala (muy importante para viajar por el r\u00edo y encima de la meseta)<\/p>\n<p>1 impermeable (si lo desea)<\/p>\n<p>1 bandana o pa\u00f1oleta<\/p>\n<p><strong>Equipo<\/strong><\/p>\n<p>1 par de binoculares (estos ser\u00e1n una de las m\u00e1s importantes piezas de su equipo)<\/p>\n<p>1 c\u00e1mara fotogr\u00e1fica, flash y rollos de pel\u00edcula (ASA 400 es recomendada para dentro del bosque, 100 en la sabana o encima de la meseta)<\/p>\n<p>1 linterna para caminatas nocturnas y\u00a0viajes en canoa (m\u00e1s varios juegos de bater\u00edas)<\/p>\n<p>1 cuaderno o diario (l\u00e1pices mec\u00e1nicos o bol\u00edgrafos funcionan mejor para escribir)<\/p>\n<p>1 navaja de bolsillo<\/p>\n<p>1 encendedor (aunque no fume ser\u00e1 muy \u00fatil.)<\/p>\n<p>1 par de gafas para el sol<\/p>\n<h4>\u00a0Otros<\/h4>\n<p>1 pasaporte o documento de identidad<\/p>\n<p>1 frasco de repelente de insectos (aquellos con 90-100% de DEET ser\u00e1n los m\u00e1s efectivos)<\/p>\n<p>1 frasco de bloqueador de sol (el sol cerca del ecuador es muy fuerte), para labios y piel<\/p>\n<p>1 botella de agua (es importante tomar muchos l\u00edquidos)<\/p>\n<p>1 mochila peque\u00f1a para cargar su equipo por el d\u00eda<\/p>\n<p>6 bolsas de pl\u00e1stico grandes (para proteger el equipo de la lluvia)<\/p>\n<p>1 bolsa de basura (para cargar ropa sucia)<\/p>\n<p>Aspirinas u otra medicina y vitaminas que normalmente toma<\/p>\n<p>&nbsp;<\/p>\n<p>Es siempre recomendable que consulte con su medico con respecto a medidas de salud antes de viajar.<\/p>\n","protected":false},"excerpt":{"rendered":"<p>Parque Nacional Noel Kempff Mercado Qu\u00e9 Llevar al Parque La siguiente lista muestra los \u00edtemes que consideramos ser\u00e1n esenciales para un viaje de 5 o 6 d\u00edas al Parque Nacional Noel Kempff Mercado. De ninguna manera es una lista completa, ya que cada viajero tiene sus propias necesidades. Sin embargo, por favor acepte nuestro consejo [&hellip;]<\/p>\n","protected":false},"author":3,"featured_media":0,"parent":0,"menu_order":0,"comment_status":"closed","ping_status":"closed","template":"","meta":{"footnotes":""},"class_list":["post-4864","page","type-page","status-publish","hentry"],"yoast_head":"<!-- This site is optimized with the Yoast SEO plugin v27.1.1 - https:\/\/yoast.com\/product\/yoast-seo-wordpress\/ -->\n<title>Noel kempff pack list - Ruta Verde Tours<\/title>\n<meta name=\"description\" content=\"Noel Kempff packing list. Todo los items que le recomendamos llevar durante un tour a Los Fierros o a Flor de Oro en el parque Noel Kempff Mercado.\" \/>\n<meta name=\"robots\" content=\"index, follow, max-snippet:-1, max-image-preview:large, max-video-preview:-1\" \/>\n<link rel=\"canonical\" href=\"https:\/\/www.rutaverdebolivia.com\/es\/noel-kempff-lista-que-llevar\/\" \/>\n<meta property=\"og:locale\" content=\"es_ES\" \/>\n<meta property=\"og:type\" content=\"article\" \/>\n<meta property=\"og:title\" content=\"Noel kempff pack list - Ruta Verde Tours\" \/>\n<meta property=\"og:description\" content=\"Noel Kempff packing list. Todo los items que le recomendamos llevar durante un tour a Los Fierros o a Flor de Oro en el parque Noel Kempff Mercado.\" \/>\n<meta property=\"og:url\" content=\"https:\/\/www.rutaverdebolivia.com\/es\/noel-kempff-lista-que-llevar\/\" \/>\n<meta property=\"og:site_name\" content=\"Ruta Verde Tours\" \/>\n<meta property=\"article:publisher\" content=\"https:\/\/www.facebook.com\/rutaverdebolivia\/\" \/>\n<meta property=\"article:modified_time\" content=\"2016-11-11T15:57:29+00:00\" \/>\n<meta property=\"og:image\" content=\"https:\/\/www.rutaverdebolivia.com\/wp-content\/uploads\/Noel-Kempff-park-logo-288x300.png\" \/>\n<meta name=\"twitter:card\" content=\"summary_large_image\" \/>\n<meta name=\"twitter:site\" content=\"@rutaverde\" \/>\n<meta name=\"twitter:label1\" content=\"Tiempo de lectura\" \/>\n\t<meta name=\"twitter:data1\" content=\"2 minutos\" \/>\n<script type=\"application\/ld+json\" class=\"yoast-schema-graph\">{\"@context\":\"https:\/\/schema.org\",\"@graph\":[{\"@type\":\"WebPage\",\"@id\":\"https:\/\/www.rutaverdebolivia.com\/es\/noel-kempff-lista-que-llevar\/\",\"url\":\"https:\/\/www.rutaverdebolivia.com\/es\/noel-kempff-lista-que-llevar\/\",\"name\":\"Noel kempff pack list - Ruta Verde Tours\",\"isPartOf\":{\"@id\":\"https:\/\/www.rutaverdebolivia.com\/#website\"},\"primaryImageOfPage\":{\"@id\":\"https:\/\/www.rutaverdebolivia.com\/es\/noel-kempff-lista-que-llevar\/#primaryimage\"},\"image\":{\"@id\":\"https:\/\/www.rutaverdebolivia.com\/es\/noel-kempff-lista-que-llevar\/#primaryimage\"},\"thumbnailUrl\":\"https:\/\/www.rutaverdebolivia.com\/wp-content\/uploads\/Noel-Kempff-park-logo-288x300.png\",\"datePublished\":\"2016-11-04T13:40:41+00:00\",\"dateModified\":\"2016-11-11T15:57:29+00:00\",\"description\":\"Noel Kempff packing list. Todo los items que le recomendamos llevar durante un tour a Los Fierros o a Flor de Oro en el parque Noel Kempff Mercado.\",\"breadcrumb\":{\"@id\":\"https:\/\/www.rutaverdebolivia.com\/es\/noel-kempff-lista-que-llevar\/#breadcrumb\"},\"inLanguage\":\"es\",\"potentialAction\":[{\"@type\":\"ReadAction\",\"target\":[\"https:\/\/www.rutaverdebolivia.com\/es\/noel-kempff-lista-que-llevar\/\"]}]},{\"@type\":\"ImageObject\",\"inLanguage\":\"es\",\"@id\":\"https:\/\/www.rutaverdebolivia.com\/es\/noel-kempff-lista-que-llevar\/#primaryimage\",\"url\":\"https:\/\/www.rutaverdebolivia.com\/wp-content\/uploads\/Noel-Kempff-park-logo-288x300.png\",\"contentUrl\":\"https:\/\/www.rutaverdebolivia.com\/wp-content\/uploads\/Noel-Kempff-park-logo-288x300.png\"},{\"@type\":\"BreadcrumbList\",\"@id\":\"https:\/\/www.rutaverdebolivia.com\/es\/noel-kempff-lista-que-llevar\/#breadcrumb\",\"itemListElement\":[{\"@type\":\"ListItem\",\"position\":1,\"name\":\"Startseite\",\"item\":\"https:\/\/www.rutaverdebolivia.com\/es\/\"},{\"@type\":\"ListItem\",\"position\":2,\"name\":\"Noel kempff pack list\"}]},{\"@type\":\"WebSite\",\"@id\":\"https:\/\/www.rutaverdebolivia.com\/#website\",\"url\":\"https:\/\/www.rutaverdebolivia.com\/\",\"name\":\"Ruta Verde Tours\",\"description\":\"Ruta Verde Bolivia\",\"potentialAction\":[{\"@type\":\"SearchAction\",\"target\":{\"@type\":\"EntryPoint\",\"urlTemplate\":\"https:\/\/www.rutaverdebolivia.com\/?s={search_term_string}\"},\"query-input\":{\"@type\":\"PropertyValueSpecification\",\"valueRequired\":true,\"valueName\":\"search_term_string\"}}],\"inLanguage\":\"es\"}]}<\/script>\n<!-- \/ Yoast SEO plugin. -->","yoast_head_json":{"title":"Noel kempff pack list - Ruta Verde Tours","description":"Noel Kempff packing list. Todo los items que le recomendamos llevar durante un tour a Los Fierros o a Flor de Oro en el parque Noel Kempff Mercado.","robots":{"index":"index","follow":"follow","max-snippet":"max-snippet:-1","max-image-preview":"max-image-preview:large","max-video-preview":"max-video-preview:-1"},"canonical":"https:\/\/www.rutaverdebolivia.com\/es\/noel-kempff-lista-que-llevar\/","og_locale":"es_ES","og_type":"article","og_title":"Noel kempff pack list - Ruta Verde Tours","og_description":"Noel Kempff packing list. Todo los items que le recomendamos llevar durante un tour a Los Fierros o a Flor de Oro en el parque Noel Kempff Mercado.","og_url":"https:\/\/www.rutaverdebolivia.com\/es\/noel-kempff-lista-que-llevar\/","og_site_name":"Ruta Verde Tours","article_publisher":"https:\/\/www.facebook.com\/rutaverdebolivia\/","article_modified_time":"2016-11-11T15:57:29+00:00","og_image":[{"url":"https:\/\/www.rutaverdebolivia.com\/wp-content\/uploads\/Noel-Kempff-park-logo-288x300.png","type":"","width":"","height":""}],"twitter_card":"summary_large_image","twitter_site":"@rutaverde","twitter_misc":{"Tiempo de lectura":"2 minutos"},"schema":{"@context":"https:\/\/schema.org","@graph":[{"@type":"WebPage","@id":"https:\/\/www.rutaverdebolivia.com\/es\/noel-kempff-lista-que-llevar\/","url":"https:\/\/www.rutaverdebolivia.com\/es\/noel-kempff-lista-que-llevar\/","name":"Noel kempff pack list - Ruta Verde Tours","isPartOf":{"@id":"https:\/\/www.rutaverdebolivia.com\/#website"},"primaryImageOfPage":{"@id":"https:\/\/www.rutaverdebolivia.com\/es\/noel-kempff-lista-que-llevar\/#primaryimage"},"image":{"@id":"https:\/\/www.rutaverdebolivia.com\/es\/noel-kempff-lista-que-llevar\/#primaryimage"},"thumbnailUrl":"https:\/\/www.rutaverdebolivia.com\/wp-content\/uploads\/Noel-Kempff-park-logo-288x300.png","datePublished":"2016-11-04T13:40:41+00:00","dateModified":"2016-11-11T15:57:29+00:00","description":"Noel Kempff packing list. Todo los items que le recomendamos llevar durante un tour a Los Fierros o a Flor de Oro en el parque Noel Kempff Mercado.","breadcrumb":{"@id":"https:\/\/www.rutaverdebolivia.com\/es\/noel-kempff-lista-que-llevar\/#breadcrumb"},"inLanguage":"es","potentialAction":[{"@type":"ReadAction","target":["https:\/\/www.rutaverdebolivia.com\/es\/noel-kempff-lista-que-llevar\/"]}]},{"@type":"ImageObject","inLanguage":"es","@id":"https:\/\/www.rutaverdebolivia.com\/es\/noel-kempff-lista-que-llevar\/#primaryimage","url":"https:\/\/www.rutaverdebolivia.com\/wp-content\/uploads\/Noel-Kempff-park-logo-288x300.png","contentUrl":"https:\/\/www.rutaverdebolivia.com\/wp-content\/uploads\/Noel-Kempff-park-logo-288x300.png"},{"@type":"BreadcrumbList","@id":"https:\/\/www.rutaverdebolivia.com\/es\/noel-kempff-lista-que-llevar\/#breadcrumb","itemListElement":[{"@type":"ListItem","position":1,"name":"Startseite","item":"https:\/\/www.rutaverdebolivia.com\/es\/"},{"@type":"ListItem","position":2,"name":"Noel kempff pack list"}]},{"@type":"WebSite","@id":"https:\/\/www.rutaverdebolivia.com\/#website","url":"https:\/\/www.rutaverdebolivia.com\/","name":"Ruta Verde Tours","description":"Ruta Verde Bolivia","potentialAction":[{"@type":"SearchAction","target":{"@type":"EntryPoint","urlTemplate":"https:\/\/www.rutaverdebolivia.com\/?s={search_term_string}"},"query-input":{"@type":"PropertyValueSpecification","valueRequired":true,"valueName":"search_term_string"}}],"inLanguage":"es"}]}},"_links":{"self":[{"href":"https:\/\/www.rutaverdebolivia.com\/es\/wp-json\/wp\/v2\/pages\/4864","targetHints":{"allow":["GET"]}}],"collection":[{"href":"https:\/\/www.rutaverdebolivia.com\/es\/wp-json\/wp\/v2\/pages"}],"about":[{"href":"https:\/\/www.rutaverdebolivia.com\/es\/wp-json\/wp\/v2\/types\/page"}],"author":[{"embeddable":true,"href":"https:\/\/www.rutaverdebolivia.com\/es\/wp-json\/wp\/v2\/users\/3"}],"replies":[{"embeddable":true,"href":"https:\/\/www.rutaverdebolivia.com\/es\/wp-json\/wp\/v2\/comments?post=4864"}],"version-history":[{"count":2,"href":"https:\/\/www.rutaverdebolivia.com\/es\/wp-json\/wp\/v2\/pages\/4864\/revisions"}],"predecessor-version":[{"id":5277,"href":"https:\/\/www.rutaverdebolivia.com\/es\/wp-json\/wp\/v2\/pages\/4864\/revisions\/5277"}],"wp:attachment":[{"href":"https:\/\/www.rutaverdebolivia.com\/es\/wp-json\/wp\/v2\/media?parent=4864"}],"curies":[{"name":"wp","href":"https:\/\/api.w.org\/{rel}","templated":true}]}}