{"id":3229,"date":"2016-07-06T10:31:29","date_gmt":"2016-07-06T08:31:29","guid":{"rendered":"https:\/\/www.rutaverdebolivia.com\/about-santa-cruz\/?lang=fr"},"modified":"2016-11-08T15:20:55","modified_gmt":"2016-11-08T14:20:55","slug":"sur-santa-cruz","status":"publish","type":"page","link":"https:\/\/www.rutaverdebolivia.com\/fr\/sur-santa-cruz\/","title":{"rendered":"Sur Santa Cruz"},"content":{"rendered":"<div class=\"wpb-content-wrapper\">[vc_row][vc_column][mk_padding_divider size=\u00a0\u00bb50&Prime;][vc_column_text]\n<h3>Sur Santa Cruz de la Sierra<\/h3>\n[\/vc_column_text][mk_padding_divider size=\u00a0\u00bb20&Prime;][\/vc_column][\/vc_row][vc_row][vc_column width=\u00a0\u00bb1\/2&Prime;][vc_column_text]Avant ou apr\u00e8s avoir visit\u00e9 les environs, vous voudrez sans doute sortir un peu \u00e0 Santa Cruz. Santa Cruz de la Sierra est la capitale du d\u00e9partement de Santa Cruz et est situ\u00e9e dans la partie orientale du pays. Santa Cruz est une jeune ville en pleine croissance, commerciale, moderne et dynamique.<\/p>\n[\/vc_column_text][\/vc_column][vc_column width=\u00a0\u00bb1\/2&Prime;][vc_column_text]Lors de la derni\u00e8re d\u00e9cennie joyeuse de prosp\u00e9rit\u00e9, Santa Cruz est devenue une grande ville de plus de 1,5 millions d&rsquo;habitants et la capitale \u00e9conomique du pays. La ville fut construite en divers anneaux concentriques avec la vieille partie de la ville, connue sous le nom de Casco Viejo, situ\u00e9e \u00e0 l&rsquo;int\u00e9rieur du premier anneau.[\/vc_column_text][\/vc_column][\/vc_row][vc_row][vc_column][mk_padding_divider size=\u00a0\u00bb30&Prime;][mk_gallery images=\u00a0\u00bb1195&Prime; column=\u00a0\u00bb1&Prime; height=\u00a0\u00bb300&Prime;][\/vc_column][\/vc_row][mk_page_section video_opacity=\u00a0\u00bb0.7&Prime; padding_top=\u00a0\u00bb0&Prime; padding_bottom=\u00a0\u00bb0&Prime; top_shape_color=\u00a0\u00bb#ffffff\u00a0\u00bb bottom_shape_color=\u00a0\u00bb#ffffff\u00a0\u00bb sidebar=\u00a0\u00bbsidebar-1&Prime;][vc_column][mk_padding_divider size=\u00a0\u00bb30&Prime;][vc_column_text]<strong>Climat<\/strong><\/p>\n<p>En g\u00e9n\u00e9ral, les terres basses tropicales sont chaudes et humides durant toute l&rsquo;ann\u00e9e, la temp\u00e9rature moyenne pour la ville de Santa Cruz est entre 26 and 30 degr\u00e9s Celsius, mais durant les mois d&rsquo;hivers (mai &#8211; ao\u00fbt), la temp\u00e9rature peut descendre \u00e0 12 degr\u00e9s Celsius (mais jamais pour plus de quelques jours).<\/p>\n<p><strong>Langue<\/strong><\/p>\n<p>L&rsquo;espagnol est la langue officielle de la Bolivie, par contre, en tant que pays culturellement et ethniquement diversifi\u00e9, il y a une grande vari\u00e9t\u00e9 de langues et dialectes parl\u00e9s \u00e0 travers le pays. Dans le d\u00e9partement de Santa Cruz, les principaux groupes ethniques (avec leur propre dialecte) son les peuples Chiquitano, Guarani et Ayoreo. Les gens de Santa Cruz (connu comme cruce\u00f1os) ont un diff\u00e9rent accent \u00e0 celui de La Paz ou \u00e0 d&rsquo;autres r\u00e9gions boliviennes.<\/p>\n<p><strong>Taux de change et monnaie<\/strong><\/p>\n<p>La monnaie officielle de la Bolivie est le Boliviano. Toutefois, plusieurs \u00e9tablissements vont accepter des dollars am\u00e9ricains. La fa\u00e7on la plus s\u00e9curitaire de changer votre monnaie est en allant \u00e0 une banque. Nous ne vous recommandons pas d&rsquo;\u00e9changer votre monnaie dans la rue. Ne pas accepter la monnaie am\u00e9ricaine qui est en mal \u00e9tat parce qu&rsquo;elle pourrait \u00eatre rejet\u00e9e quand vous essayerez de l&rsquo;utiliser. Plusieurs entreprises bancaires sont dot\u00e9es de guichets automatiques (ATM) o\u00f9 il est possible de sortir de l&rsquo;argent (en Bolivianos ou en Dollars am\u00e9ricain) en tout temps.<\/p>\n<p><strong>Fuseau horaire<\/strong><\/p>\n<p>L&rsquo;heure officielle de la Bolivie (sur tout son territoire) est -04:00 (GMT)<\/p>\n<p><strong>\u00c9lectricit\u00e9<\/strong><\/p>\n<p>L&rsquo;\u00e9lectricit\u00e9 est de 220V partout au pays. Plusieurs h\u00f4tels cinq \u00e9toiles offrent aussi du 110V.<\/p>\n<p><strong>A\u00e9roports<\/strong><\/p>\n<p>La ville de Santa Cruz contient deux a\u00e9roports: \u00a8El Trompillo\u00a8, dessert les petits vols internes et l&rsquo;A\u00e9roport International \u00a8Viru Viru\u00a8, la plus importante et l&rsquo;une des plus modernes au pays, assure les liaisons entre Santa Cruz et les autres d\u00e9partements de Bolivie, pays voisins et le reste du monde. Les frais de taxi pour vous rendre de l&rsquo;a\u00e9roport en ville est environ de 45-60 Bolivianos d\u00e9pendamment de votre destination. Vous pouvez aussi prendre l&rsquo;autobus de l&rsquo;a\u00e9roport pour rejoindre la ville.<\/p>\n[\/vc_column_text][\/vc_column][\/mk_page_section][vc_row][vc_column][mk_padding_divider size=\u00a0\u00bb30&Prime;][mk_gallery images=\u00a0\u00bb1199&Prime; column=\u00a0\u00bb1&Prime; height=\u00a0\u00bb300&Prime;][mk_padding_divider size=\u00a0\u00bb30&Prime;][\/vc_column][\/vc_row][vc_row][vc_column][vc_column_text]\n<h3>Quoi faire<\/h3>\n[\/vc_column_text][mk_padding_divider size=\u00a0\u00bb20&Prime;][vc_column_text]<strong>Vie nocturne<\/strong><br \/>\nIl y a plusieurs endroits int\u00e9ressants pour sortir \u00e0 Santa Cruz. Un endroit populaire pour vous distraire est l&rsquo;avenue San Mart\u00edn en Ventura Mall dans le quartier Equipetrol. Regardez tous les choix de clubs, bars, discos, restaurants, grills, p\u00e2tisserie, bars cr\u00e8me glac\u00e9e et pubs avec de la musique live tout au long de l&rsquo;avenue San Mart\u00edn.<br \/>\nUne autre avenue populaire, remplis de bars, caf\u00e9s et restaurants est l&rsquo;avenue Monse\u00f1or Rivero (aussi appel\u00e9 Boulevard). Le Boulevard est une destination populaire durant toute la journ\u00e9e. Il y a plusieurs bons restaurants d&rsquo;align\u00e9s, de bars et de caf\u00e9s servants d&rsquo;excellentes sp\u00e9cialit\u00e9s. Choisissez en un, assoyiez-vous dehors et profitez de l&rsquo;ambiance.<br \/>\nIl y a aussi plusieurs bons restaurants \u00e0 l&rsquo;ext\u00e9rieur de Santa Cruz. Ces restaurants sont visit\u00e9s par les gens locaux les samedis et dimanches. Contactez-nous pour plus de d\u00e9tails pour savoir comment vous y rendre.<\/p>\n<p><strong>\u00c9v\u00e9nements <\/strong><\/p>\n<p>Santa Cruz a plusieurs \u00e9v\u00e9nements durant toute l&rsquo;ann\u00e9e. Valant une visite sont: le Carnaval (F\u00e9vrier), le Festival du Th\u00e9\u00e2tre (Avril-Mai), Festival de Musique Baroque (Avril-Mai), Film Festival de Film Ib\u00e9roam\u00e9ricain (Ao\u00fbt), l&rsquo; Expo gourmet et le Festival Vins et Fromages (Juillet-Ao\u00fbt), l&rsquo; Exposition Internationale Expocruz (Septembre), etc.<\/p>\n<p><strong>Parcs aquatiques<\/strong><\/p>\n<p>Aqualand est un grand parc aquatique estival avec plusieurs divertissements pour toute la journ\u00e9e. Il y a plusieurs attractions et une gigantesque piscine avec des vagues artificielles. Playland est un autre parc aquatique, ouvert durant toute l&rsquo;ann\u00e9e avec piscines, attractions aquatiques, mini zoo et jeux \u00e9lectroniques.<\/p>\n<p><strong>Cin\u00e9<\/strong><\/p>\n<p>Le Cin\u00e9 Center Complexe, Cinemark et Multicine sont cin\u00e9mas tr\u00e8s moderne entour\u00e9 de quelques bars et plusieurs restaurants. C&rsquo;est un endroit tr\u00e8s pris\u00e9 par la population locale pour sortir.<\/p>\n<p><strong>Mus\u00e9es<\/strong><\/p>\n<p>D\u00e9pendamment de vos int\u00e9r\u00eats, les mus\u00e9es suivants valent la peine d&rsquo;y jeter un coup d&rsquo;oeil:<br \/>\nMus\u00e9e des arts religieux. mus\u00e9e est situ\u00e9 \u00e0 l&rsquo;int\u00e9rieur de la Cath\u00e9drale de la Plaza principale et le plus petit livre au monde peut y \u00eatre vu;<br \/>\nMus\u00e9e historique r\u00e9gional (situ\u00e9 en face du bureau de poste pr\u00e8s de la plaza principale);<br \/>\nMus\u00e9e d&rsquo;Arts contemporains.<br \/>\nMus\u00e9e Ethno-Folkloriste<\/p>\n<p>Contactez nous pour la localisation exacte de chaque mus\u00e9e.<\/p>\n<p><strong>Ferme de papillons &amp; exposition d&rsquo;orchid\u00e9es<\/strong><\/p>\n<p>\u00c0 seulement 25 minutes du centre de Santa Cruz, il y a une gigantesque ferme de papillons, la plus grande au monde. Dans le parc il y a aussi une spectaculaire exposition d&rsquo;orchid\u00e9es ainsi qu&rsquo;une piscine naturelle. Le tour peut \u00eatre r\u00e9serv\u00e9 \u00e0 notre bureau.<\/p>\n<p><strong>Tour de la ville<\/strong><\/p>\n<p>Une bonne fa\u00e7on de mieux conna\u00eetre l&rsquo;histoire de Santa Cruz est de prendre un tour de ville en autobus. Le tour prend environ 3 heures. Le tour peut \u00eatre r\u00e9serv\u00e9 \u00e0 notre bureau.<\/p>\n<p><strong>Plaza 24 de Septiembre<\/strong><\/p>\n<p>La Plaza principale de Santa Cruz (Plaza 24 de Septiembre) est un bel endroit pour s&rsquo;assoir, lire un livre, regarder les gens ou jouer une partie d&rsquo;\u00e9checs avec les gens locaux. Autour de la Plaza, il y a quelques \u00e9difices int\u00e9ressants. Premi\u00e8rement, il y a la Cath\u00e9drale. \u00c0 l&rsquo;int\u00e9rieur de celle-ci, il y a un mus\u00e9e d&rsquo;arts religieux, o\u00f9 vous pouvez trouver le plus petit livre au monde.<\/p>\n<p>Manzano Uno, situ\u00e9 tout pr\u00e8s de la Cath\u00e9drale, est le nouvel endroit pour les expositions d&rsquo;artistes locaux. La Maison de la Culture &#8211; situ\u00e9e dans le carr\u00e9 principal- expose en permanence des peintures et des sculptures.<\/p>\n<p><strong>Zoo\u00a0<\/strong><br \/>\nLe zoo de Santa Cruz est le seul zoo sp\u00e9cialis\u00e9 dans la faune sud-am\u00e9ricaine. Il est situ\u00e9 \u00e0 15 minutes en taxi de la plaza principale et est ouvert tous les jours.<\/p>\n[\/vc_column_text][mk_padding_divider size=\u00a0\u00bb50&Prime;][\/vc_column][\/vc_row]\n<\/div>","protected":false},"excerpt":{"rendered":"<p>[vc_row][vc_column][mk_padding_divider size=\u00a0\u00bb50&Prime;][vc_column_text] Sur Santa Cruz de la Sierra [\/vc_column_text][mk_padding_divider size=\u00a0\u00bb20&Prime;][\/vc_column][\/vc_row][vc_row][vc_column width=\u00a0\u00bb1\/2&Prime;][vc_column_text]Avant ou apr\u00e8s avoir visit\u00e9 les environs, vous voudrez sans doute sortir un peu \u00e0 Santa Cruz. Santa Cruz de la Sierra est la capitale du d\u00e9partement de Santa Cruz et est situ\u00e9e dans la partie orientale du pays. Santa Cruz est une jeune ville [&hellip;]<\/p>\n","protected":false},"author":2,"featured_media":0,"parent":0,"menu_order":0,"comment_status":"closed","ping_status":"closed","template":"","meta":{"footnotes":""},"class_list":["post-3229","page","type-page","status-publish","hentry"],"yoast_head":"<!-- This site is optimized with the Yoast SEO plugin v27.1.1 - https:\/\/yoast.com\/product\/yoast-seo-wordpress\/ -->\n<title>Sur Santa Cruz - Ruta Verde Tours<\/title>\n<meta name=\"description\" content=\"Infos sur Santa Cruz de la Sierra, la capitale du d\u00e9partement de Santa Cruz et est situ\u00e9e dans la partie orientale du Bolivie.\" \/>\n<meta name=\"robots\" content=\"index, follow, max-snippet:-1, max-image-preview:large, max-video-preview:-1\" \/>\n<link rel=\"canonical\" href=\"https:\/\/www.rutaverdebolivia.com\/fr\/sur-santa-cruz\/\" \/>\n<meta property=\"og:locale\" content=\"fr_FR\" \/>\n<meta property=\"og:type\" content=\"article\" \/>\n<meta property=\"og:title\" content=\"Sur Santa Cruz - Ruta Verde Tours\" \/>\n<meta property=\"og:description\" content=\"Infos sur Santa Cruz de la Sierra, la capitale du d\u00e9partement de Santa Cruz et est situ\u00e9e dans la partie orientale du Bolivie.\" \/>\n<meta property=\"og:url\" content=\"https:\/\/www.rutaverdebolivia.com\/fr\/sur-santa-cruz\/\" \/>\n<meta property=\"og:site_name\" content=\"Ruta Verde Tours\" \/>\n<meta property=\"article:publisher\" content=\"https:\/\/www.facebook.com\/rutaverdebolivia\/\" \/>\n<meta property=\"article:modified_time\" content=\"2016-11-08T14:20:55+00:00\" \/>\n<meta name=\"twitter:card\" content=\"summary_large_image\" \/>\n<meta name=\"twitter:site\" content=\"@rutaverde\" \/>\n<meta name=\"twitter:label1\" content=\"Dur\u00e9e de lecture estim\u00e9e\" \/>\n\t<meta name=\"twitter:data1\" content=\"6 minutes\" \/>\n<script type=\"application\/ld+json\" class=\"yoast-schema-graph\">{\"@context\":\"https:\/\/schema.org\",\"@graph\":[{\"@type\":\"WebPage\",\"@id\":\"https:\/\/www.rutaverdebolivia.com\/fr\/sur-santa-cruz\/\",\"url\":\"https:\/\/www.rutaverdebolivia.com\/fr\/sur-santa-cruz\/\",\"name\":\"Sur Santa Cruz - Ruta Verde Tours\",\"isPartOf\":{\"@id\":\"https:\/\/www.rutaverdebolivia.com\/#website\"},\"datePublished\":\"2016-07-06T08:31:29+00:00\",\"dateModified\":\"2016-11-08T14:20:55+00:00\",\"description\":\"Infos sur Santa Cruz de la Sierra, la capitale du d\u00e9partement de Santa Cruz et est situ\u00e9e dans la partie orientale du Bolivie.\",\"breadcrumb\":{\"@id\":\"https:\/\/www.rutaverdebolivia.com\/fr\/sur-santa-cruz\/#breadcrumb\"},\"inLanguage\":\"fr-FR\",\"potentialAction\":[{\"@type\":\"ReadAction\",\"target\":[\"https:\/\/www.rutaverdebolivia.com\/fr\/sur-santa-cruz\/\"]}]},{\"@type\":\"BreadcrumbList\",\"@id\":\"https:\/\/www.rutaverdebolivia.com\/fr\/sur-santa-cruz\/#breadcrumb\",\"itemListElement\":[{\"@type\":\"ListItem\",\"position\":1,\"name\":\"Startseite\",\"item\":\"https:\/\/www.rutaverdebolivia.com\/fr\/\"},{\"@type\":\"ListItem\",\"position\":2,\"name\":\"Sur Santa Cruz\"}]},{\"@type\":\"WebSite\",\"@id\":\"https:\/\/www.rutaverdebolivia.com\/#website\",\"url\":\"https:\/\/www.rutaverdebolivia.com\/\",\"name\":\"Ruta Verde Tours\",\"description\":\"Ruta Verde Bolivia\",\"potentialAction\":[{\"@type\":\"SearchAction\",\"target\":{\"@type\":\"EntryPoint\",\"urlTemplate\":\"https:\/\/www.rutaverdebolivia.com\/?s={search_term_string}\"},\"query-input\":{\"@type\":\"PropertyValueSpecification\",\"valueRequired\":true,\"valueName\":\"search_term_string\"}}],\"inLanguage\":\"fr-FR\"}]}<\/script>\n<!-- \/ Yoast SEO plugin. -->","yoast_head_json":{"title":"Sur Santa Cruz - Ruta Verde Tours","description":"Infos sur Santa Cruz de la Sierra, la capitale du d\u00e9partement de Santa Cruz et est situ\u00e9e dans la partie orientale du Bolivie.","robots":{"index":"index","follow":"follow","max-snippet":"max-snippet:-1","max-image-preview":"max-image-preview:large","max-video-preview":"max-video-preview:-1"},"canonical":"https:\/\/www.rutaverdebolivia.com\/fr\/sur-santa-cruz\/","og_locale":"fr_FR","og_type":"article","og_title":"Sur Santa Cruz - Ruta Verde Tours","og_description":"Infos sur Santa Cruz de la Sierra, la capitale du d\u00e9partement de Santa Cruz et est situ\u00e9e dans la partie orientale du Bolivie.","og_url":"https:\/\/www.rutaverdebolivia.com\/fr\/sur-santa-cruz\/","og_site_name":"Ruta Verde Tours","article_publisher":"https:\/\/www.facebook.com\/rutaverdebolivia\/","article_modified_time":"2016-11-08T14:20:55+00:00","twitter_card":"summary_large_image","twitter_site":"@rutaverde","twitter_misc":{"Dur\u00e9e de lecture estim\u00e9e":"6 minutes"},"schema":{"@context":"https:\/\/schema.org","@graph":[{"@type":"WebPage","@id":"https:\/\/www.rutaverdebolivia.com\/fr\/sur-santa-cruz\/","url":"https:\/\/www.rutaverdebolivia.com\/fr\/sur-santa-cruz\/","name":"Sur Santa Cruz - Ruta Verde Tours","isPartOf":{"@id":"https:\/\/www.rutaverdebolivia.com\/#website"},"datePublished":"2016-07-06T08:31:29+00:00","dateModified":"2016-11-08T14:20:55+00:00","description":"Infos sur Santa Cruz de la Sierra, la capitale du d\u00e9partement de Santa Cruz et est situ\u00e9e dans la partie orientale du Bolivie.","breadcrumb":{"@id":"https:\/\/www.rutaverdebolivia.com\/fr\/sur-santa-cruz\/#breadcrumb"},"inLanguage":"fr-FR","potentialAction":[{"@type":"ReadAction","target":["https:\/\/www.rutaverdebolivia.com\/fr\/sur-santa-cruz\/"]}]},{"@type":"BreadcrumbList","@id":"https:\/\/www.rutaverdebolivia.com\/fr\/sur-santa-cruz\/#breadcrumb","itemListElement":[{"@type":"ListItem","position":1,"name":"Startseite","item":"https:\/\/www.rutaverdebolivia.com\/fr\/"},{"@type":"ListItem","position":2,"name":"Sur Santa Cruz"}]},{"@type":"WebSite","@id":"https:\/\/www.rutaverdebolivia.com\/#website","url":"https:\/\/www.rutaverdebolivia.com\/","name":"Ruta Verde Tours","description":"Ruta Verde Bolivia","potentialAction":[{"@type":"SearchAction","target":{"@type":"EntryPoint","urlTemplate":"https:\/\/www.rutaverdebolivia.com\/?s={search_term_string}"},"query-input":{"@type":"PropertyValueSpecification","valueRequired":true,"valueName":"search_term_string"}}],"inLanguage":"fr-FR"}]}},"_links":{"self":[{"href":"https:\/\/www.rutaverdebolivia.com\/fr\/wp-json\/wp\/v2\/pages\/3229","targetHints":{"allow":["GET"]}}],"collection":[{"href":"https:\/\/www.rutaverdebolivia.com\/fr\/wp-json\/wp\/v2\/pages"}],"about":[{"href":"https:\/\/www.rutaverdebolivia.com\/fr\/wp-json\/wp\/v2\/types\/page"}],"author":[{"embeddable":true,"href":"https:\/\/www.rutaverdebolivia.com\/fr\/wp-json\/wp\/v2\/users\/2"}],"replies":[{"embeddable":true,"href":"https:\/\/www.rutaverdebolivia.com\/fr\/wp-json\/wp\/v2\/comments?post=3229"}],"version-history":[{"count":7,"href":"https:\/\/www.rutaverdebolivia.com\/fr\/wp-json\/wp\/v2\/pages\/3229\/revisions"}],"predecessor-version":[{"id":5076,"href":"https:\/\/www.rutaverdebolivia.com\/fr\/wp-json\/wp\/v2\/pages\/3229\/revisions\/5076"}],"wp:attachment":[{"href":"https:\/\/www.rutaverdebolivia.com\/fr\/wp-json\/wp\/v2\/media?parent=3229"}],"curies":[{"name":"wp","href":"https:\/\/api.w.org\/{rel}","templated":true}]}}