{"id":3234,"date":"2016-06-27T15:44:05","date_gmt":"2016-06-27T13:44:05","guid":{"rendered":"https:\/\/www.rutaverdebolivia.com\/ruta-de-bolivia\/?lang=fr"},"modified":"2025-10-29T17:03:50","modified_gmt":"2025-10-29T16:03:50","slug":"travel-agency-bolivia","status":"publish","type":"page","link":"https:\/\/www.rutaverdebolivia.com\/fr\/","title":{"rendered":"Tours en Bolivie"},"content":{"rendered":"<div class=\"wpb-content-wrapper\">[mk_page_section bg_repeat=\u00a0\u00bbno-repeat\u00a0\u00bb bg_stretch=\u00a0\u00bbtrue\u00a0\u00bb video_opacity=\u00a0\u00bb0&Prime; full_width=\u00a0\u00bbtrue\u00a0\u00bb full_height=\u00a0\u00bbtrue\u00a0\u00bb padding_top=\u00a0\u00bb0&Prime; padding_bottom=\u00a0\u00bb0&Prime; visibility=\u00a0\u00bbhidden-sm\u00a0\u00bb sidebar=\u00a0\u00bbsidebar-1&Prime;][vc_column][mk_edge_slider first_el=\u00a0\u00bbtrue\u00a0\u00bb order=\u00a0\u00bbASC\u00a0\u00bb height=\u00a0\u00bb800&Prime; slideshow_speed=\u00a0\u00bb6000&Prime; direction_nav=\u00a0\u00bbslit\u00a0\u00bb skip_arrow=\u00a0\u00bbfalse\u00a0\u00bb slides=\u00a0\u00bb11821, 11814, 11807&Prime;][\/vc_column][\/mk_page_section][mk_page_section bg_image=\u00a0\u00bbhttps:\/\/www.rutaverdebolivia.com\/wp-content\/uploads\/uyuni-salt-flats-mobile.jpg\u00a0\u00bb bg_position=\u00a0\u00bbcenter top\u00a0\u00bb bg_repeat=\u00a0\u00bbno-repeat\u00a0\u00bb bg_stretch=\u00a0\u00bbtrue\u00a0\u00bb video_opacity=\u00a0\u00bb0&Prime; min_height=\u00a0\u00bb256&Prime; full_width=\u00a0\u00bbtrue\u00a0\u00bb full_height=\u00a0\u00bbtrue\u00a0\u00bb padding_top=\u00a0\u00bb0&Prime; padding_bottom=\u00a0\u00bb0&Prime; visibility=\u00a0\u00bbvisible-sm\u00a0\u00bb sidebar=\u00a0\u00bbsidebar-1&Prime;][vc_column][mk_fancy_title color=\u00a0\u00bb#ffffff\u00a0\u00bb size=\u00a0\u00bb42&Prime; font_weight=\u00a0\u00bb400&Prime; font_family=\u00a0\u00bbnone\u00a0\u00bb align=\u00a0\u00bbcenter\u00a0\u00bb]\n<div class=\"edge-title-area\">\n<div class=\"edge-title\">Salar de Uyuni<\/div>\n<\/div>\n[\/mk_fancy_title][mk_button dimension=\u00a0\u00bbflat\u00a0\u00bb size=\u00a0\u00bblarge\u00a0\u00bb url=\u00a0\u00bbhttps:\/\/www.rutaverdebolivia.com\/fr\/tour\/uyuni-desert-de-sel\/\u00a0\u00bb align=\u00a0\u00bbcenter\u00a0\u00bb margin_top=\u00a0\u00bb40&Prime; margin_bottom=\u00a0\u00bb0&Prime; margin_right=\u00a0\u00bb0&Prime; bg_color=\u00a0\u00bb#b6d100&Prime;]Read more&#8230;.[\/mk_button][\/vc_column][\/mk_page_section][vc_row][vc_column][mk_padding_divider size=\u00a0\u00bb50&Prime;][\/vc_column][\/vc_row][vc_row][vc_column width=\u00a0\u00bb1\/2&Prime;][mk_fancy_title color=\u00a0\u00bb#b6d100&Prime; size=\u00a0\u00bb56&Prime; force_font_size=\u00a0\u00bbtrue\u00a0\u00bb size_tablet=\u00a0\u00bb40&Prime; size_phone=\u00a0\u00bb30&Prime; font_weight=\u00a0\u00bb300&Prime; txt_transform=\u00a0\u00bbnone\u00a0\u00bb margin_bottom=\u00a0\u00bb40&Prime; font_family=\u00a0\u00bbPoppins\u00a0\u00bb font_type=\u00a0\u00bbgoogle\u00a0\u00bb animation=\u00a0\u00bbright-to-left\u00a0\u00bb]Discover Bolivia[\/mk_fancy_title][vc_column_text css=\u00a0\u00bb.vc_custom_1761753825032{margin-bottom: 0px !important;}\u00a0\u00bb]<span class=\"Estilo3\">R<\/span>uta Verde est une agence touristique. Nous offrons une grande vari\u00e9t\u00e9 de programmes, decouverte de la nature, aventure et voyage culturel dans l&rsquo;un des plus diversifi\u00e9 et fascinant pays au monde.<br \/>\n<span class=\"Estilo3\">N<\/span>ous offrons des <a href=\"https:\/\/www.rutaverdebolivia.com\/fr\/tours\/\">tours en Bolivie<\/a> dans les parcs nationaux encore vierges comme <a class=\"Estilo4\" href=\"https:\/\/www.rutaverdebolivia.com\/fr\/tour\/parc-national-amboro\/\">Amboro<\/a>, <a class=\"Estilo4\" href=\"https:\/\/www.rutaverdebolivia.com\/fr\/tour\/parc-national-noel-kempff-mercado\/\">Noel Kempff<\/a> et <a class=\"Estilo4\" href=\"https:\/\/www.rutaverdebolivia.com\/fr\/tour\/chalalan-ecolodge-madidi-national-park\/\">Madidi<\/a>, des exp\u00e9ditions culturelles dans les magnifiques et uniques regions des <a class=\"Estilo4\" href=\"https:\/\/www.rutaverdebolivia.com\/fr\/tour\/missions-jesuites-bolivie\/\">Missions J\u00e9suites<\/a>, le site historique de <a class=\"Estilo4\" href=\"https:\/\/www.rutaverdebolivia.com\/fr\/tour\/el-fuerte-samaipata\/\">El Fuerte \u00e0 Samaipata<\/a>, <a class=\"Estilo4\" href=\"https:\/\/www.rutaverdebolivia.com\/fr\/tour\/reina-de-enin-amazon-cruiser\/\">des exp\u00e9ditions en b\u00e2teau sur l&rsquo;Amazone bolivien<\/a>, d&rsquo;autres dans <a class=\"Estilo4\" href=\"https:\/\/www.rutaverdebolivia.com\/fr\/tour\/pantanal-tour\/\">le Pantanal<\/a> ainsi que <a class=\"Estilo4\" href=\"https:\/\/www.rutaverdebolivia.com\/fr\/che-guevara.php\">la route des derniers jours de Che Guevara<\/a> en Bolivie.<br \/>\n<span class=\"Estilo3\">N<\/span>ous offrons aussi des exp\u00e9ditions vers les magnifiques villes coloniales de <a class=\"Estilo4\" href=\"https:\/\/www.rutaverdebolivia.com\/fr\/tour\/sucre-potosi-tour\/\">Sucre et Potosi<\/a>, des randonn\u00e9es spectaculaires dans <a class=\"Estilo4\" href=\"https:\/\/www.rutaverdebolivia.com\/fr\/tour\/uyuni-desert-de-sel\/\">le Salar de Uyuni<\/a>(D\u00e9sert de Sel) ainsi que diverses <a class=\"Estilo4\" href=\"https:\/\/www.rutaverdebolivia.com\/fr\/tour\/tours-sur-mesure-bolivie\/\">exp\u00e9ditions sur demande ou faites sur mesure partout<\/a> en Bolivie.<\/p>\n<p><em>With many years of experience in Bolivia, our team and tours were featured and recommended in major travel guides such as Lonely Planet, Rough Guide, Footprint, Routard and The Amazon.\u00a0<\/em>[\/vc_column_text][\/vc_column][vc_column width=\u00a0\u00bb1\/2&Prime;][mk_gallery images=\u00a0\u00bb535,536,537,538&Prime; column=\u00a0\u00bb2&Prime; hover_scenarios=\u00a0\u00bbnone\u00a0\u00bb item_spacing=\u00a0\u00bb20&Prime;][\/vc_column][\/vc_row][vc_row][vc_column][mk_padding_divider size=\u00a0\u00bb50&Prime;][\/vc_column][\/vc_row][mk_page_section bg_color=\u00a0\u00bb#2f271f\u00a0\u00bb padding_top=\u00a0\u00bb60&Prime; padding_bottom=\u00a0\u00bb40&Prime; top_shape_color=\u00a0\u00bb#ffffff\u00a0\u00bb bottom_shape_color=\u00a0\u00bb#ffffff\u00a0\u00bb sidebar=\u00a0\u00bbsidebar-1&Prime;][vc_column][mk_fancy_title color=\u00a0\u00bb#b6d100&Prime; size=\u00a0\u00bb56&Prime; force_font_size=\u00a0\u00bbtrue\u00a0\u00bb size_tablet=\u00a0\u00bb40&Prime; font_weight=\u00a0\u00bb300&Prime; txt_transform=\u00a0\u00bbnone\u00a0\u00bb margin_bottom=\u00a0\u00bb0&Prime; font_family=\u00a0\u00bbPoppins\u00a0\u00bb font_type=\u00a0\u00bbgoogle\u00a0\u00bb align=\u00a0\u00bbcenter\u00a0\u00bb animation=\u00a0\u00bbright-to-left\u00a0\u00bb]Most popular tours[\/mk_fancy_title][\/vc_column][\/mk_page_section][vc_row fullwidth=\u00a0\u00bbtrue\u00a0\u00bb css=\u00a0\u00bb.vc_custom_1467198158902{background-color: #2f271f !important;}\u00a0\u00bb][vc_column][mk_portfolio image_size=\u00a0\u00bbfull\u00a0\u00bb count=\u00a0\u00bb3&Prime; sortable=\u00a0\u00bbfalse\u00a0\u00bb pagination=\u00a0\u00bbfalse\u00a0\u00bb posts=\u00a0\u00bb1521, 2667, 3195&Prime;][mk_padding_divider size=\u00a0\u00bb140&Prime;][\/vc_column][\/vc_row][mk_page_section bg_image=\u00a0\u00bbhttp:\/\/demos.artbees.net\/jupiter5\/ruminus\/wp-content\/uploads\/sites\/100\/2016\/04\/testimonial-pattern.png\u00a0\u00bb padding_top=\u00a0\u00bb100&Prime; padding_bottom=\u00a0\u00bb80&Prime; sidebar=\u00a0\u00bbsidebar-1&Prime;][vc_column][mk_fancy_title tag_name=\u00a0\u00bbh3&Prime; color=\u00a0\u00bb#b6d100&Prime; size=\u00a0\u00bb56&Prime; force_font_size=\u00a0\u00bbtrue\u00a0\u00bb size_tablet=\u00a0\u00bb40&Prime; font_weight=\u00a0\u00bb300&Prime; txt_transform=\u00a0\u00bbnone\u00a0\u00bb margin_bottom=\u00a0\u00bb0&Prime; font_family=\u00a0\u00bbPoppins\u00a0\u00bb font_type=\u00a0\u00bbgoogle\u00a0\u00bb align=\u00a0\u00bbcenter\u00a0\u00bb animation=\u00a0\u00bbright-to-left\u00a0\u00bb]Commentaires[\/mk_fancy_title][mk_padding_divider visibility=\u00a0\u00bbvisible-sm\u00a0\u00bb][mk_testimonials style=\u00a0\u00bbboxed\u00a0\u00bb count=\u00a0\u00bb5&Prime; order=\u00a0\u00bbDESC\u00a0\u00bb orderby=\u00a0\u00bbrand\u00a0\u00bb animation_speed=\u00a0\u00bb1332&Prime; slideshow_speed=\u00a0\u00bb20000&Prime; testimonials=\u00a0\u00bb603, 605, 623, 613, 635&Prime;][mk_button dimension=\u00a0\u00bbflat\u00a0\u00bb size=\u00a0\u00bblarge\u00a0\u00bb url=\u00a0\u00bbhttps:\/\/www.rutaverdebolivia.com\/testimonials\u00a0\u00bb align=\u00a0\u00bbcenter\u00a0\u00bb margin_top=\u00a0\u00bb40&Prime; margin_bottom=\u00a0\u00bb0&Prime; margin_right=\u00a0\u00bb0&Prime; bg_color=\u00a0\u00bb#b6d100&Prime;]Plus de commentaires[\/mk_button][\/vc_column][\/mk_page_section]\n<\/div>","protected":false},"excerpt":{"rendered":"<p>[mk_page_section bg_repeat=\u00a0\u00bbno-repeat\u00a0\u00bb bg_stretch=\u00a0\u00bbtrue\u00a0\u00bb video_opacity=\u00a0\u00bb0&Prime; full_width=\u00a0\u00bbtrue\u00a0\u00bb full_height=\u00a0\u00bbtrue\u00a0\u00bb padding_top=\u00a0\u00bb0&Prime; padding_bottom=\u00a0\u00bb0&Prime; visibility=\u00a0\u00bbhidden-sm\u00a0\u00bb sidebar=\u00a0\u00bbsidebar-1&Prime;][vc_column][mk_edge_slider first_el=\u00a0\u00bbtrue\u00a0\u00bb order=\u00a0\u00bbASC\u00a0\u00bb height=\u00a0\u00bb800&Prime; slideshow_speed=\u00a0\u00bb6000&Prime; direction_nav=\u00a0\u00bbslit\u00a0\u00bb skip_arrow=\u00a0\u00bbfalse\u00a0\u00bb slides=\u00a0\u00bb11821, 11814, 11807&Prime;][\/vc_column][\/mk_page_section][mk_page_section bg_image=\u00a0\u00bbhttps:\/\/www.rutaverdebolivia.com\/wp-content\/uploads\/uyuni-salt-flats-mobile.jpg\u00a0\u00bb bg_position=\u00a0\u00bbcenter top\u00a0\u00bb bg_repeat=\u00a0\u00bbno-repeat\u00a0\u00bb bg_stretch=\u00a0\u00bbtrue\u00a0\u00bb video_opacity=\u00a0\u00bb0&Prime; min_height=\u00a0\u00bb256&Prime; full_width=\u00a0\u00bbtrue\u00a0\u00bb full_height=\u00a0\u00bbtrue\u00a0\u00bb padding_top=\u00a0\u00bb0&Prime; padding_bottom=\u00a0\u00bb0&Prime; visibility=\u00a0\u00bbvisible-sm\u00a0\u00bb sidebar=\u00a0\u00bbsidebar-1&Prime;][vc_column][mk_fancy_title color=\u00a0\u00bb#ffffff\u00a0\u00bb size=\u00a0\u00bb42&Prime; font_weight=\u00a0\u00bb400&Prime; font_family=\u00a0\u00bbnone\u00a0\u00bb align=\u00a0\u00bbcenter\u00a0\u00bb] Salar de Uyuni [\/mk_fancy_title][mk_button dimension=\u00a0\u00bbflat\u00a0\u00bb size=\u00a0\u00bblarge\u00a0\u00bb url=\u00a0\u00bbhttps:\/\/www.rutaverdebolivia.com\/fr\/tour\/uyuni-desert-de-sel\/\u00a0\u00bb align=\u00a0\u00bbcenter\u00a0\u00bb margin_top=\u00a0\u00bb40&Prime; margin_bottom=\u00a0\u00bb0&Prime; margin_right=\u00a0\u00bb0&Prime; bg_color=\u00a0\u00bb#b6d100&Prime;]Read more&#8230;.[\/mk_button][\/vc_column][\/mk_page_section][vc_row][vc_column][mk_padding_divider size=\u00a0\u00bb50&Prime;][\/vc_column][\/vc_row][vc_row][vc_column width=\u00a0\u00bb1\/2&Prime;][mk_fancy_title color=\u00a0\u00bb#b6d100&Prime; size=\u00a0\u00bb56&Prime; force_font_size=\u00a0\u00bbtrue\u00a0\u00bb [&hellip;]<\/p>\n","protected":false},"author":2,"featured_media":0,"parent":0,"menu_order":0,"comment_status":"closed","ping_status":"closed","template":"","meta":{"footnotes":""},"class_list":["post-3234","page","type-page","status-publish","hentry"],"yoast_head":"<!-- This site is optimized with the Yoast SEO plugin v27.1.1 - https:\/\/yoast.com\/product\/yoast-seo-wordpress\/ -->\n<title>Tours en Bolivie - Ruta Verde Tours<\/title>\n<meta name=\"description\" content=\"Agence touristique situ\u00e9e en Bolivie. Nous offrons une grande vari\u00e9t\u00e9 de programmes, decouverte de la nature, aventure et voyage culturel dans l&#039;un des plus diversifi\u00e9 et fascinant pays au monde.\" \/>\n<meta name=\"robots\" content=\"index, follow, max-snippet:-1, max-image-preview:large, max-video-preview:-1\" \/>\n<link rel=\"canonical\" href=\"https:\/\/www.rutaverdebolivia.com\/fr\/\" \/>\n<meta property=\"og:locale\" content=\"fr_FR\" \/>\n<meta property=\"og:type\" content=\"article\" \/>\n<meta property=\"og:title\" content=\"Tours en Bolivie - Ruta Verde Tours\" \/>\n<meta property=\"og:description\" content=\"Agence touristique situ\u00e9e en Bolivie. Nous offrons une grande vari\u00e9t\u00e9 de programmes, decouverte de la nature, aventure et voyage culturel dans l&#039;un des plus diversifi\u00e9 et fascinant pays au monde.\" \/>\n<meta property=\"og:url\" content=\"https:\/\/www.rutaverdebolivia.com\/fr\/\" \/>\n<meta property=\"og:site_name\" content=\"Ruta Verde Tours\" \/>\n<meta property=\"article:publisher\" content=\"https:\/\/www.facebook.com\/rutaverdebolivia\/\" \/>\n<meta property=\"article:modified_time\" content=\"2025-10-29T16:03:50+00:00\" \/>\n<meta name=\"twitter:card\" content=\"summary_large_image\" \/>\n<meta name=\"twitter:site\" content=\"@rutaverde\" \/>\n<meta name=\"twitter:label1\" content=\"Dur\u00e9e de lecture estim\u00e9e\" \/>\n\t<meta name=\"twitter:data1\" content=\"3 minutes\" \/>\n<script type=\"application\/ld+json\" class=\"yoast-schema-graph\">{\"@context\":\"https:\/\/schema.org\",\"@graph\":[{\"@type\":\"WebPage\",\"@id\":\"https:\/\/www.rutaverdebolivia.com\/fr\/\",\"url\":\"https:\/\/www.rutaverdebolivia.com\/fr\/\",\"name\":\"Tours en Bolivie - Ruta Verde Tours\",\"isPartOf\":{\"@id\":\"https:\/\/www.rutaverdebolivia.com\/#website\"},\"datePublished\":\"2016-06-27T13:44:05+00:00\",\"dateModified\":\"2025-10-29T16:03:50+00:00\",\"description\":\"Agence touristique situ\u00e9e en Bolivie. Nous offrons une grande vari\u00e9t\u00e9 de programmes, decouverte de la nature, aventure et voyage culturel dans l'un des plus diversifi\u00e9 et fascinant pays au monde.\",\"breadcrumb\":{\"@id\":\"https:\/\/www.rutaverdebolivia.com\/fr\/#breadcrumb\"},\"inLanguage\":\"fr-FR\",\"potentialAction\":[{\"@type\":\"ReadAction\",\"target\":[\"https:\/\/www.rutaverdebolivia.com\/fr\/\"]}]},{\"@type\":\"BreadcrumbList\",\"@id\":\"https:\/\/www.rutaverdebolivia.com\/fr\/#breadcrumb\",\"itemListElement\":[{\"@type\":\"ListItem\",\"position\":1,\"name\":\"Startseite\",\"item\":\"https:\/\/www.rutaverdebolivia.com\/fr\/\"},{\"@type\":\"ListItem\",\"position\":2,\"name\":\"Tours en Bolivie\"}]},{\"@type\":\"WebSite\",\"@id\":\"https:\/\/www.rutaverdebolivia.com\/#website\",\"url\":\"https:\/\/www.rutaverdebolivia.com\/\",\"name\":\"Ruta Verde Tours\",\"description\":\"Ruta Verde Bolivia\",\"potentialAction\":[{\"@type\":\"SearchAction\",\"target\":{\"@type\":\"EntryPoint\",\"urlTemplate\":\"https:\/\/www.rutaverdebolivia.com\/?s={search_term_string}\"},\"query-input\":{\"@type\":\"PropertyValueSpecification\",\"valueRequired\":true,\"valueName\":\"search_term_string\"}}],\"inLanguage\":\"fr-FR\"}]}<\/script>\n<!-- \/ Yoast SEO plugin. -->","yoast_head_json":{"title":"Tours en Bolivie - Ruta Verde Tours","description":"Agence touristique situ\u00e9e en Bolivie. Nous offrons une grande vari\u00e9t\u00e9 de programmes, decouverte de la nature, aventure et voyage culturel dans l'un des plus diversifi\u00e9 et fascinant pays au monde.","robots":{"index":"index","follow":"follow","max-snippet":"max-snippet:-1","max-image-preview":"max-image-preview:large","max-video-preview":"max-video-preview:-1"},"canonical":"https:\/\/www.rutaverdebolivia.com\/fr\/","og_locale":"fr_FR","og_type":"article","og_title":"Tours en Bolivie - Ruta Verde Tours","og_description":"Agence touristique situ\u00e9e en Bolivie. Nous offrons une grande vari\u00e9t\u00e9 de programmes, decouverte de la nature, aventure et voyage culturel dans l'un des plus diversifi\u00e9 et fascinant pays au monde.","og_url":"https:\/\/www.rutaverdebolivia.com\/fr\/","og_site_name":"Ruta Verde Tours","article_publisher":"https:\/\/www.facebook.com\/rutaverdebolivia\/","article_modified_time":"2025-10-29T16:03:50+00:00","twitter_card":"summary_large_image","twitter_site":"@rutaverde","twitter_misc":{"Dur\u00e9e de lecture estim\u00e9e":"3 minutes"},"schema":{"@context":"https:\/\/schema.org","@graph":[{"@type":"WebPage","@id":"https:\/\/www.rutaverdebolivia.com\/fr\/","url":"https:\/\/www.rutaverdebolivia.com\/fr\/","name":"Tours en Bolivie - Ruta Verde Tours","isPartOf":{"@id":"https:\/\/www.rutaverdebolivia.com\/#website"},"datePublished":"2016-06-27T13:44:05+00:00","dateModified":"2025-10-29T16:03:50+00:00","description":"Agence touristique situ\u00e9e en Bolivie. Nous offrons une grande vari\u00e9t\u00e9 de programmes, decouverte de la nature, aventure et voyage culturel dans l'un des plus diversifi\u00e9 et fascinant pays au monde.","breadcrumb":{"@id":"https:\/\/www.rutaverdebolivia.com\/fr\/#breadcrumb"},"inLanguage":"fr-FR","potentialAction":[{"@type":"ReadAction","target":["https:\/\/www.rutaverdebolivia.com\/fr\/"]}]},{"@type":"BreadcrumbList","@id":"https:\/\/www.rutaverdebolivia.com\/fr\/#breadcrumb","itemListElement":[{"@type":"ListItem","position":1,"name":"Startseite","item":"https:\/\/www.rutaverdebolivia.com\/fr\/"},{"@type":"ListItem","position":2,"name":"Tours en Bolivie"}]},{"@type":"WebSite","@id":"https:\/\/www.rutaverdebolivia.com\/#website","url":"https:\/\/www.rutaverdebolivia.com\/","name":"Ruta Verde Tours","description":"Ruta Verde Bolivia","potentialAction":[{"@type":"SearchAction","target":{"@type":"EntryPoint","urlTemplate":"https:\/\/www.rutaverdebolivia.com\/?s={search_term_string}"},"query-input":{"@type":"PropertyValueSpecification","valueRequired":true,"valueName":"search_term_string"}}],"inLanguage":"fr-FR"}]}},"_links":{"self":[{"href":"https:\/\/www.rutaverdebolivia.com\/fr\/wp-json\/wp\/v2\/pages\/3234","targetHints":{"allow":["GET"]}}],"collection":[{"href":"https:\/\/www.rutaverdebolivia.com\/fr\/wp-json\/wp\/v2\/pages"}],"about":[{"href":"https:\/\/www.rutaverdebolivia.com\/fr\/wp-json\/wp\/v2\/types\/page"}],"author":[{"embeddable":true,"href":"https:\/\/www.rutaverdebolivia.com\/fr\/wp-json\/wp\/v2\/users\/2"}],"replies":[{"embeddable":true,"href":"https:\/\/www.rutaverdebolivia.com\/fr\/wp-json\/wp\/v2\/comments?post=3234"}],"version-history":[{"count":28,"href":"https:\/\/www.rutaverdebolivia.com\/fr\/wp-json\/wp\/v2\/pages\/3234\/revisions"}],"predecessor-version":[{"id":24781,"href":"https:\/\/www.rutaverdebolivia.com\/fr\/wp-json\/wp\/v2\/pages\/3234\/revisions\/24781"}],"wp:attachment":[{"href":"https:\/\/www.rutaverdebolivia.com\/fr\/wp-json\/wp\/v2\/media?parent=3234"}],"curies":[{"name":"wp","href":"https:\/\/api.w.org\/{rel}","templated":true}]}}