{"id":3284,"date":"2016-04-05T14:26:49","date_gmt":"2016-04-05T14:26:49","guid":{"rendered":"https:\/\/www.rutaverdebolivia.com\/about-us\/?lang=fr"},"modified":"2026-03-03T20:54:26","modified_gmt":"2026-03-03T19:54:26","slug":"sur-ruta-verde","status":"publish","type":"page","link":"https:\/\/www.rutaverdebolivia.com\/fr\/sur-ruta-verde\/","title":{"rendered":"Sur Ruta Verde"},"content":{"rendered":"<div class=\"wpb-content-wrapper\">[mk_page_section bg_image=\u00a0\u00bbhttps:\/\/www.rutaverdebolivia.com\/wp-content\/uploads\/groen-e1484658492240.jpg\u00a0\u00bb bg_position=\u00a0\u00bbcenter center\u00a0\u00bb bg_stretch=\u00a0\u00bbtrue\u00a0\u00bb enable_3d=\u00a0\u00bbtrue\u00a0\u00bb top_shadow=\u00a0\u00bbtrue\u00a0\u00bb min_height=\u00a0\u00bb400&Prime; full_width=\u00a0\u00bbtrue\u00a0\u00bb sidebar=\u00a0\u00bbsidebar-1&Prime;][vc_column][\/vc_column][\/mk_page_section][vc_row css=\u00a0\u00bb.vc_custom_1475580710079{margin-top: 0px !important;}\u00a0\u00bb][vc_column width=\u00a0\u00bb1\/2&Prime;][mk_padding_divider size=\u00a0\u00bb80&Prime;][mk_fancy_title color=\u00a0\u00bb#b6d100&Prime; size=\u00a0\u00bb56&Prime; force_font_size=\u00a0\u00bbtrue\u00a0\u00bb size_tablet=\u00a0\u00bb40&Prime; font_weight=\u00a0\u00bb300&Prime; txt_transform=\u00a0\u00bbcapitalize\u00a0\u00bb font_family=\u00a0\u00bbPoppins\u00a0\u00bb font_type=\u00a0\u00bbgoogle\u00a0\u00bb animation=\u00a0\u00bbright-to-left\u00a0\u00bb]Sur Ruta Verde Tours[\/mk_fancy_title][mk_image_slideshow images=\u00a0\u00bb5426,1503&Prime; image_height=\u00a0\u00bb750&Prime; animation_speed=\u00a0\u00bb350&Prime;][\/vc_column][vc_column width=\u00a0\u00bb1\/2&Prime;][mk_padding_divider size=\u00a0\u00bb180&Prime;][vc_column_text css=\u00a0\u00bb.vc_custom_1707242112987{margin-bottom: 0px !important;}\u00a0\u00bb]Ruta Verde Tours est une agence touristique cr\u00e9\u00e9e par un couple Hollando-Bolivien qui souhaite partager les tr\u00e9sors rencontr\u00e9s avec le reste du monde. Que vos int\u00e9r\u00eats soient l&rsquo;aventure, l&rsquo;histoire, l&rsquo;observation ou la spiritualit\u00e9, nous pouvons vous offrir une excursion personnalis\u00e9e que vous n&rsquo;oublierez jamais.<\/p>\r\n<p>Nous oeuvrons principalement dans la partie orientale de la Bolivie. Ces terres contiennent la majorit\u00e9 du territoire bolivien et b\u00e9n\u00e9ficient d&rsquo;une grande vari\u00e9t\u00e9 d&rsquo;\u00e9cosyst\u00e8mes. Nous offrons des excursions en nature ainsi que des excursions d&rsquo;aventure et culturelle dans l&rsquo;un des plus magnifique, diversifi\u00e9, et fascinant pays au monde. Par exemple, nous organisons des randonn\u00e9es dans les Parcs Nationaux comme Amboro, Noel Kempff, Madidi, des excursions en bateau sur l&rsquo;Amazone bolivien, des excursions culturelles vers les Missions J\u00e9suites, ainsi que d&rsquo;autres excursions faites sur mesure et beaucoup plus.<\/p>\r\n<p>Nous organisons aussi des tours dans la partie ouest de la Bolivie: le d\u00e9sert de sel d&rsquo;Uyuni (Salar de Uyuni), le Lac Titicaca, Tiwanaku et les villes coloniales de Sucre et Potosi.[\/vc_column_text][\/vc_column][\/vc_row][mk_page_section bg_repeat=\u00a0\u00bbno-repeat\u00a0\u00bb bg_stretch=\u00a0\u00bbtrue\u00a0\u00bb video_opacity=\u00a0\u00bb0.9&Prime; padding_top=\u00a0\u00bb160&Prime; padding_bottom=\u00a0\u00bb160&Prime; sidebar=\u00a0\u00bbsidebar-1&Prime;][vc_column width=\u00a0\u00bb6\/12&Prime;][mk_fancy_title tag_name=\u00a0\u00bbh3&Prime; color=\u00a0\u00bb#b6d100&Prime; size=\u00a0\u00bb56&Prime; force_font_size=\u00a0\u00bbtrue\u00a0\u00bb size_tablet=\u00a0\u00bb40&Prime; font_weight=\u00a0\u00bb300&Prime; txt_transform=\u00a0\u00bbcapitalize\u00a0\u00bb font_family=\u00a0\u00bbPoppins\u00a0\u00bb font_type=\u00a0\u00bbgoogle\u00a0\u00bb animation=\u00a0\u00bbright-to-left\u00a0\u00bb]Raisons de choisir Ruta Verde:[\/mk_fancy_title][mk_custom_list]\r\n<ul>\r\n<li>Nous offrons une assistance amicale et rapide d\u00e8s le premier contact avec nous.<\/li>\r\n<li>Nous parlons Espagnol, Anglais et Hollandais.<\/li>\r\n<li>Dans le cas improbable o\u00f9 notre soci\u00e9t\u00e9 deviendrait insolvable, votre paiement est prot\u00e9g\u00e9 par <a href=\"http:\/\/www.vzr-garant.nl\/en\">VZR Garant<\/a> (un organisme de garantie reconnu) qui garantira le remboursement de votre paiement de r\u00e9servation.<\/li>\r\n<li>Nous travaillons fort pour nous assurer que vous retournerez \u00e0 la maison avec des souvenirs inoubliables de la Bolivie.<\/li>\r\n<li>Nous \u00e9vitons les destinations o\u00f9 se trouvent de grands groupes de touristes.<\/li>\r\n<li>Nous travaillons de pair avec plusieurs communaut\u00e9s locales \u00e0 travers le pays pour les aider \u00e0 s&rsquo;impliquer pour ensuite pouvoir b\u00e9n\u00e9ficier du d\u00e9veloppement touristique.<\/li>\r\n<li>Nous adorons notre travail, comme en t\u00e9moignent les <a href=\"https:\/\/www.rutaverdebolivia.com\/fr\/commentaires\/\" target=\"_blank\" rel=\"noopener noreferrer\">commentaires de nos clients<\/a>. Forts de nombreuses ann\u00e9es d\u2019exp\u00e9rience en Bolivie, notre \u00e9quipe et nos circuits ont \u00e9t\u00e9 pr\u00e9sent\u00e9s et recommand\u00e9s dans d\u2019importants guides de voyage tels que <em data-start=\"869\" data-end=\"884\">Lonely Planet<\/em>, <em data-start=\"886\" data-end=\"899\">Rough Guide<\/em>, <em data-start=\"901\" data-end=\"912\">Footprint<\/em>, <em data-start=\"914\" data-end=\"923\">Routard<\/em> et <em data-start=\"927\" data-end=\"939\">The Amazon<\/em>.<\/li>\r\n<li>Nous pouvons vous guider vers des endroits o\u00f9 tr\u00e8s peu de gens ont mis les pieds.<\/li>\r\n<li>Nous prenons bien soins de nous assurer que les employ\u00e9s locaux re\u00e7oivent un salaire d\u00e9cent pour leurs services.<\/li>\r\n<\/ul>\r\n<p>Si ceci vous semble ce que vous chercher, <a class=\"Estilo4\" href=\"https:\/\/www.rutaverdebolivia.com\/fr\/contactez.php\" target=\"_blank\" rel=\"noopener noreferrer\">contactez-nous!<\/a><\/p>\r\n[\/mk_custom_list][vc_column_text margin_bottom=\u00a0\u00bb0&Prime; css=\u00a0\u00bb.vc_custom_1772567664176{margin-bottom: 0px !important;}\u00a0\u00bb]\r\n<h6>Registre du commerce n\u00e9erlandais (KvK) 74495925; TVA 859924221 \u2013 Pays-Bas<\/h6>\r\n<h6>info@rutaverdebolivia.com<\/h6>\r\n<h6>Pour une assistance sur place en Bolivie :<br \/>T\u00e9l. +591 70849871 (partenaire local)<\/h6>\r\n\r\n<p>&nbsp;<\/p>\r\n[\/vc_column_text][\/vc_column][vc_column width=\u00a0\u00bb1\/12&Prime;][\/vc_column][vc_column width=\u00a0\u00bb5\/12&Prime;][mk_padding_divider size=\u00a0\u00bb260&Prime;][vc_column_text disable_pattern=\u00a0\u00bbfalse\u00a0\u00bb]\r\n<div style=\"color: #b6d100; font-size: 30px; line-height: 40px;\">\u00ab\u00a0Nous adorons notre travail, comme en t\u00e9moignent les commentaires de nos clients.\u00a0\u00bb<\/div>\r\n[\/vc_column_text][mk_padding_divider size=\u00a0\u00bb80&Prime;][\/vc_column][\/mk_page_section]<\/div>","protected":false},"excerpt":{"rendered":"<p>[mk_page_section bg_image=\u00a0\u00bbhttps:\/\/www.rutaverdebolivia.com\/wp-content\/uploads\/groen-e1484658492240.jpg\u00a0\u00bb bg_position=\u00a0\u00bbcenter center\u00a0\u00bb bg_stretch=\u00a0\u00bbtrue\u00a0\u00bb enable_3d=\u00a0\u00bbtrue\u00a0\u00bb top_shadow=\u00a0\u00bbtrue\u00a0\u00bb min_height=\u00a0\u00bb400&Prime; full_width=\u00a0\u00bbtrue\u00a0\u00bb sidebar=\u00a0\u00bbsidebar-1&Prime;][vc_column][\/vc_column][\/mk_page_section][vc_row css=\u00a0\u00bb.vc_custom_1475580710079{margin-top: 0px !important;}\u00a0\u00bb][vc_column width=\u00a0\u00bb1\/2&Prime;][mk_padding_divider size=\u00a0\u00bb80&Prime;][mk_fancy_title color=\u00a0\u00bb#b6d100&Prime; size=\u00a0\u00bb56&Prime; force_font_size=\u00a0\u00bbtrue\u00a0\u00bb size_tablet=\u00a0\u00bb40&Prime; font_weight=\u00a0\u00bb300&Prime; txt_transform=\u00a0\u00bbcapitalize\u00a0\u00bb font_family=\u00a0\u00bbPoppins\u00a0\u00bb font_type=\u00a0\u00bbgoogle\u00a0\u00bb animation=\u00a0\u00bbright-to-left\u00a0\u00bb]Sur Ruta Verde Tours[\/mk_fancy_title][mk_image_slideshow images=\u00a0\u00bb5426,1503&Prime; image_height=\u00a0\u00bb750&Prime; animation_speed=\u00a0\u00bb350&Prime;][\/vc_column][vc_column width=\u00a0\u00bb1\/2&Prime;][mk_padding_divider size=\u00a0\u00bb180&Prime;][vc_column_text css=\u00a0\u00bb.vc_custom_1707242112987{margin-bottom: 0px !important;}\u00a0\u00bb]Ruta Verde Tours est une agence touristique cr\u00e9\u00e9e par un couple Hollando-Bolivien qui souhaite partager les tr\u00e9sors rencontr\u00e9s avec le reste [&hellip;]<\/p>\n","protected":false},"author":2,"featured_media":0,"parent":0,"menu_order":0,"comment_status":"closed","ping_status":"closed","template":"","meta":{"footnotes":""},"class_list":["post-3284","page","type-page","status-publish","hentry"],"yoast_head":"<!-- This site is optimized with the Yoast SEO plugin v27.1.1 - https:\/\/yoast.com\/product\/yoast-seo-wordpress\/ -->\n<title>Sur Ruta Verde - Ruta Verde Tours<\/title>\n<meta name=\"description\" content=\"Ruta Verde est une agence touristique Hollando-Bolivien, situ\u00e9e dans la ville tropicale de Santa Cruz, Bolivia.\" \/>\n<meta name=\"robots\" content=\"index, follow, max-snippet:-1, max-image-preview:large, max-video-preview:-1\" \/>\n<link rel=\"canonical\" href=\"https:\/\/www.rutaverdebolivia.com\/fr\/sur-ruta-verde\/\" \/>\n<meta property=\"og:locale\" content=\"fr_FR\" \/>\n<meta property=\"og:type\" content=\"article\" \/>\n<meta property=\"og:title\" content=\"Sur Ruta Verde - Ruta Verde Tours\" \/>\n<meta property=\"og:description\" content=\"Ruta Verde est une agence touristique Hollando-Bolivien, situ\u00e9e dans la ville tropicale de Santa Cruz, Bolivia.\" \/>\n<meta property=\"og:url\" content=\"https:\/\/www.rutaverdebolivia.com\/fr\/sur-ruta-verde\/\" \/>\n<meta property=\"og:site_name\" content=\"Ruta Verde Tours\" \/>\n<meta property=\"article:publisher\" content=\"https:\/\/www.facebook.com\/rutaverdebolivia\/\" \/>\n<meta property=\"article:modified_time\" content=\"2026-03-03T19:54:26+00:00\" \/>\n<meta name=\"twitter:card\" content=\"summary_large_image\" \/>\n<meta name=\"twitter:site\" content=\"@rutaverde\" \/>\n<meta name=\"twitter:label1\" content=\"Dur\u00e9e de lecture estim\u00e9e\" \/>\n\t<meta name=\"twitter:data1\" content=\"3 minutes\" \/>\n<script type=\"application\/ld+json\" class=\"yoast-schema-graph\">{\"@context\":\"https:\/\/schema.org\",\"@graph\":[{\"@type\":\"WebPage\",\"@id\":\"https:\/\/www.rutaverdebolivia.com\/fr\/sur-ruta-verde\/\",\"url\":\"https:\/\/www.rutaverdebolivia.com\/fr\/sur-ruta-verde\/\",\"name\":\"Sur Ruta Verde - Ruta Verde Tours\",\"isPartOf\":{\"@id\":\"https:\/\/www.rutaverdebolivia.com\/#website\"},\"datePublished\":\"2016-04-05T14:26:49+00:00\",\"dateModified\":\"2026-03-03T19:54:26+00:00\",\"description\":\"Ruta Verde est une agence touristique Hollando-Bolivien, situ\u00e9e dans la ville tropicale de Santa Cruz, Bolivia.\",\"breadcrumb\":{\"@id\":\"https:\/\/www.rutaverdebolivia.com\/fr\/sur-ruta-verde\/#breadcrumb\"},\"inLanguage\":\"fr-FR\",\"potentialAction\":[{\"@type\":\"ReadAction\",\"target\":[\"https:\/\/www.rutaverdebolivia.com\/fr\/sur-ruta-verde\/\"]}]},{\"@type\":\"BreadcrumbList\",\"@id\":\"https:\/\/www.rutaverdebolivia.com\/fr\/sur-ruta-verde\/#breadcrumb\",\"itemListElement\":[{\"@type\":\"ListItem\",\"position\":1,\"name\":\"Startseite\",\"item\":\"https:\/\/www.rutaverdebolivia.com\/fr\/\"},{\"@type\":\"ListItem\",\"position\":2,\"name\":\"Sur Ruta Verde\"}]},{\"@type\":\"WebSite\",\"@id\":\"https:\/\/www.rutaverdebolivia.com\/#website\",\"url\":\"https:\/\/www.rutaverdebolivia.com\/\",\"name\":\"Ruta Verde Tours\",\"description\":\"Ruta Verde Bolivia\",\"potentialAction\":[{\"@type\":\"SearchAction\",\"target\":{\"@type\":\"EntryPoint\",\"urlTemplate\":\"https:\/\/www.rutaverdebolivia.com\/?s={search_term_string}\"},\"query-input\":{\"@type\":\"PropertyValueSpecification\",\"valueRequired\":true,\"valueName\":\"search_term_string\"}}],\"inLanguage\":\"fr-FR\"}]}<\/script>\n<!-- \/ Yoast SEO plugin. -->","yoast_head_json":{"title":"Sur Ruta Verde - Ruta Verde Tours","description":"Ruta Verde est une agence touristique Hollando-Bolivien, situ\u00e9e dans la ville tropicale de Santa Cruz, Bolivia.","robots":{"index":"index","follow":"follow","max-snippet":"max-snippet:-1","max-image-preview":"max-image-preview:large","max-video-preview":"max-video-preview:-1"},"canonical":"https:\/\/www.rutaverdebolivia.com\/fr\/sur-ruta-verde\/","og_locale":"fr_FR","og_type":"article","og_title":"Sur Ruta Verde - Ruta Verde Tours","og_description":"Ruta Verde est une agence touristique Hollando-Bolivien, situ\u00e9e dans la ville tropicale de Santa Cruz, Bolivia.","og_url":"https:\/\/www.rutaverdebolivia.com\/fr\/sur-ruta-verde\/","og_site_name":"Ruta Verde Tours","article_publisher":"https:\/\/www.facebook.com\/rutaverdebolivia\/","article_modified_time":"2026-03-03T19:54:26+00:00","twitter_card":"summary_large_image","twitter_site":"@rutaverde","twitter_misc":{"Dur\u00e9e de lecture estim\u00e9e":"3 minutes"},"schema":{"@context":"https:\/\/schema.org","@graph":[{"@type":"WebPage","@id":"https:\/\/www.rutaverdebolivia.com\/fr\/sur-ruta-verde\/","url":"https:\/\/www.rutaverdebolivia.com\/fr\/sur-ruta-verde\/","name":"Sur Ruta Verde - Ruta Verde Tours","isPartOf":{"@id":"https:\/\/www.rutaverdebolivia.com\/#website"},"datePublished":"2016-04-05T14:26:49+00:00","dateModified":"2026-03-03T19:54:26+00:00","description":"Ruta Verde est une agence touristique Hollando-Bolivien, situ\u00e9e dans la ville tropicale de Santa Cruz, Bolivia.","breadcrumb":{"@id":"https:\/\/www.rutaverdebolivia.com\/fr\/sur-ruta-verde\/#breadcrumb"},"inLanguage":"fr-FR","potentialAction":[{"@type":"ReadAction","target":["https:\/\/www.rutaverdebolivia.com\/fr\/sur-ruta-verde\/"]}]},{"@type":"BreadcrumbList","@id":"https:\/\/www.rutaverdebolivia.com\/fr\/sur-ruta-verde\/#breadcrumb","itemListElement":[{"@type":"ListItem","position":1,"name":"Startseite","item":"https:\/\/www.rutaverdebolivia.com\/fr\/"},{"@type":"ListItem","position":2,"name":"Sur Ruta Verde"}]},{"@type":"WebSite","@id":"https:\/\/www.rutaverdebolivia.com\/#website","url":"https:\/\/www.rutaverdebolivia.com\/","name":"Ruta Verde Tours","description":"Ruta Verde Bolivia","potentialAction":[{"@type":"SearchAction","target":{"@type":"EntryPoint","urlTemplate":"https:\/\/www.rutaverdebolivia.com\/?s={search_term_string}"},"query-input":{"@type":"PropertyValueSpecification","valueRequired":true,"valueName":"search_term_string"}}],"inLanguage":"fr-FR"}]}},"_links":{"self":[{"href":"https:\/\/www.rutaverdebolivia.com\/fr\/wp-json\/wp\/v2\/pages\/3284","targetHints":{"allow":["GET"]}}],"collection":[{"href":"https:\/\/www.rutaverdebolivia.com\/fr\/wp-json\/wp\/v2\/pages"}],"about":[{"href":"https:\/\/www.rutaverdebolivia.com\/fr\/wp-json\/wp\/v2\/types\/page"}],"author":[{"embeddable":true,"href":"https:\/\/www.rutaverdebolivia.com\/fr\/wp-json\/wp\/v2\/users\/2"}],"replies":[{"embeddable":true,"href":"https:\/\/www.rutaverdebolivia.com\/fr\/wp-json\/wp\/v2\/comments?post=3284"}],"version-history":[{"count":32,"href":"https:\/\/www.rutaverdebolivia.com\/fr\/wp-json\/wp\/v2\/pages\/3284\/revisions"}],"predecessor-version":[{"id":25371,"href":"https:\/\/www.rutaverdebolivia.com\/fr\/wp-json\/wp\/v2\/pages\/3284\/revisions\/25371"}],"wp:attachment":[{"href":"https:\/\/www.rutaverdebolivia.com\/fr\/wp-json\/wp\/v2\/media?parent=3284"}],"curies":[{"name":"wp","href":"https:\/\/api.w.org\/{rel}","templated":true}]}}