{"id":3233,"date":"2016-06-27T15:44:05","date_gmt":"2016-06-27T13:44:05","guid":{"rendered":"https:\/\/www.rutaverdebolivia.com\/ruta-de-bolivia\/?lang=nl"},"modified":"2025-10-29T17:04:27","modified_gmt":"2025-10-29T16:04:27","slug":"travel-agency-bolivia","status":"publish","type":"page","link":"https:\/\/www.rutaverdebolivia.com\/nl\/","title":{"rendered":"Reisbureau Bolivia"},"content":{"rendered":"<div class=\"wpb-content-wrapper\">[mk_page_section bg_repeat=&#8221;no-repeat&#8221; bg_stretch=&#8221;true&#8221; video_opacity=&#8221;0&#8243; full_width=&#8221;true&#8221; full_height=&#8221;true&#8221; padding_top=&#8221;0&#8243; padding_bottom=&#8221;0&#8243; visibility=&#8221;hidden-sm&#8221; sidebar=&#8221;sidebar-1&#8243;][vc_column][mk_edge_slider first_el=&#8221;true&#8221; order=&#8221;ASC&#8221; height=&#8221;800&#8243; slideshow_speed=&#8221;6000&#8243; direction_nav=&#8221;slit&#8221; skip_arrow=&#8221;false&#8221; slides=&#8221;11820, 11813, 11806&#8243;][\/vc_column][\/mk_page_section][mk_page_section bg_image=&#8221;https:\/\/www.rutaverdebolivia.com\/wp-content\/uploads\/uyuni-salt-flats-mobile.jpg&#8221; bg_position=&#8221;center top&#8221; bg_repeat=&#8221;no-repeat&#8221; bg_stretch=&#8221;true&#8221; video_opacity=&#8221;0&#8243; min_height=&#8221;256&#8243; full_width=&#8221;true&#8221; full_height=&#8221;true&#8221; padding_top=&#8221;0&#8243; padding_bottom=&#8221;0&#8243; visibility=&#8221;visible-sm&#8221; sidebar=&#8221;sidebar-1&#8243;][vc_column][mk_fancy_title color=&#8221;#ffffff&#8221; size=&#8221;42&#8243; font_weight=&#8221;400&#8243; font_family=&#8221;none&#8221; align=&#8221;center&#8221;]\n<div class=\"edge-title-area\">\n<div class=\"edge-title\">Salar de Uyuni<\/div>\n<\/div>\n[\/mk_fancy_title][mk_button dimension=&#8221;flat&#8221; size=&#8221;large&#8221; url=&#8221;https:\/\/www.rutaverdebolivia.com\/nl\/tour\/uyuni-zoutvlakte\/&#8221; align=&#8221;center&#8221; margin_top=&#8221;40&#8243; margin_bottom=&#8221;0&#8243; margin_right=&#8221;0&#8243; bg_color=&#8221;#b6d100&#8243;]Meer info&#8230;.[\/mk_button][\/vc_column][\/mk_page_section][vc_row][vc_column][mk_padding_divider size=&#8221;50&#8243;][\/vc_column][\/vc_row][vc_row][vc_column width=&#8221;1\/2&#8243;][mk_fancy_title color=&#8221;#b6d100&#8243; size=&#8221;56&#8243; force_font_size=&#8221;true&#8221; size_tablet=&#8221;40&#8243; size_phone=&#8221;30&#8243; font_weight=&#8221;300&#8243; txt_transform=&#8221;none&#8221; margin_bottom=&#8221;40&#8243; font_family=&#8221;Poppins&#8221; font_type=&#8221;google&#8221; animation=&#8221;right-to-left&#8221;]Ontdek\u00a0Bolivia[\/mk_fancy_title][vc_column_text css=&#8221;.vc_custom_1761753863066{margin-bottom: 0px !important;}&#8221;]Ruta Verde is een reisbureau dat een <a href=\"https:\/\/www.rutaverdebolivia.com\/nl\/tours\/\">grote vari\u00ebteit aan reizen<\/a> aanbiedt in \u00e9\u00e9n van de mooiste en fascinerendste landen ter wereld: <strong>Bolivia! <\/strong>We bieden reizen aan naar het prachtige en <a href=\"https:\/\/www.rutaverdebolivia.com\/nl\/tour\/uyuni-zoutvlakte\/\">grootste zoutmeer ter wereld: Uyuni<\/a>, naar ongerepte nationale parken, culturele trips, maatwerk reizen, <a href=\"https:\/\/www.rutaverdebolivia.com\/nl\/tour\/rond-reis-bolivia\/\">rondreizen<\/a> en meer.<\/p>\n<p><em>With many years of experience in Bolivia, our team and tours were featured and recommended in major travel guides such as Lonely Planet, Rough Guide, Footprint, Routard and The Amazon.\u00a0<\/em>[\/vc_column_text][mk_image src=&#8221;https:\/\/www.rutaverdebolivia.com\/wp-content\/uploads\/marcapais.jpg&#8221; image_size=&#8221;medium&#8221; align=&#8221;center&#8221;][\/vc_column][vc_column width=&#8221;1\/2&#8243;][mk_gallery images=&#8221;535,536,537,538&#8243; column=&#8221;2&#8243; hover_scenarios=&#8221;none&#8221; item_spacing=&#8221;20&#8243;][\/vc_column][\/vc_row][vc_row][vc_column][mk_padding_divider size=&#8221;50&#8243;][\/vc_column][\/vc_row][mk_page_section bg_color=&#8221;#2f271f&#8221; padding_top=&#8221;60&#8243; padding_bottom=&#8221;40&#8243; top_shape_color=&#8221;#ffffff&#8221; bottom_shape_color=&#8221;#ffffff&#8221; sidebar=&#8221;sidebar-1&#8243;][vc_column][mk_fancy_title color=&#8221;#b6d100&#8243; size=&#8221;56&#8243; force_font_size=&#8221;true&#8221; size_tablet=&#8221;40&#8243; font_weight=&#8221;300&#8243; txt_transform=&#8221;none&#8221; margin_bottom=&#8221;0&#8243; font_family=&#8221;Poppins&#8221; font_type=&#8221;google&#8221; align=&#8221;center&#8221; animation=&#8221;right-to-left&#8221;]Most popular tours[\/mk_fancy_title][\/vc_column][\/mk_page_section][vc_row fullwidth=&#8221;true&#8221; css=&#8221;.vc_custom_1467198158902{background-color: #2f271f !important;}&#8221;][vc_column][mk_portfolio image_size=&#8221;full&#8221; count=&#8221;3&#8243; sortable=&#8221;false&#8221; pagination=&#8221;false&#8221; posts=&#8221;1521, 2666, 1816, 3194&#8243;][mk_padding_divider size=&#8221;140&#8243;][\/vc_column][\/vc_row][mk_page_section bg_image=&#8221;http:\/\/demos.artbees.net\/jupiter5\/ruminus\/wp-content\/uploads\/sites\/100\/2016\/04\/testimonial-pattern.png&#8221; padding_top=&#8221;100&#8243; padding_bottom=&#8221;80&#8243; sidebar=&#8221;sidebar-1&#8243;][vc_column][mk_fancy_title tag_name=&#8221;h3&#8243; color=&#8221;#b6d100&#8243; size=&#8221;56&#8243; force_font_size=&#8221;true&#8221; size_tablet=&#8221;40&#8243; font_weight=&#8221;300&#8243; txt_transform=&#8221;none&#8221; margin_bottom=&#8221;0&#8243; font_family=&#8221;Poppins&#8221; font_type=&#8221;google&#8221; align=&#8221;center&#8221; animation=&#8221;right-to-left&#8221;]Testimonials[\/mk_fancy_title][mk_padding_divider visibility=&#8221;visible-sm&#8221;][mk_testimonials style=&#8221;boxed&#8221; count=&#8221;5&#8243; order=&#8221;DESC&#8221; orderby=&#8221;rand&#8221; animation_speed=&#8221;1332&#8243; slideshow_speed=&#8221;20000&#8243; testimonials=&#8221;603, 605, 623, 613, 635&#8243;][mk_button dimension=&#8221;flat&#8221; size=&#8221;large&#8221; url=&#8221;https:\/\/www.rutaverdebolivia.com\/testimonials&#8221; align=&#8221;center&#8221; margin_top=&#8221;40&#8243; margin_bottom=&#8221;0&#8243; margin_right=&#8221;0&#8243; bg_color=&#8221;#b6d100&#8243;]More testimonials[\/mk_button][\/vc_column][\/mk_page_section]\n<\/div>","protected":false},"excerpt":{"rendered":"<p>[mk_page_section bg_repeat=&#8221;no-repeat&#8221; bg_stretch=&#8221;true&#8221; video_opacity=&#8221;0&#8243; full_width=&#8221;true&#8221; full_height=&#8221;true&#8221; padding_top=&#8221;0&#8243; padding_bottom=&#8221;0&#8243; visibility=&#8221;hidden-sm&#8221; sidebar=&#8221;sidebar-1&#8243;][vc_column][mk_edge_slider first_el=&#8221;true&#8221; order=&#8221;ASC&#8221; height=&#8221;800&#8243; slideshow_speed=&#8221;6000&#8243; direction_nav=&#8221;slit&#8221; skip_arrow=&#8221;false&#8221; slides=&#8221;11820, 11813, 11806&#8243;][\/vc_column][\/mk_page_section][mk_page_section bg_image=&#8221;https:\/\/www.rutaverdebolivia.com\/wp-content\/uploads\/uyuni-salt-flats-mobile.jpg&#8221; bg_position=&#8221;center top&#8221; bg_repeat=&#8221;no-repeat&#8221; bg_stretch=&#8221;true&#8221; video_opacity=&#8221;0&#8243; min_height=&#8221;256&#8243; full_width=&#8221;true&#8221; full_height=&#8221;true&#8221; padding_top=&#8221;0&#8243; padding_bottom=&#8221;0&#8243; visibility=&#8221;visible-sm&#8221; sidebar=&#8221;sidebar-1&#8243;][vc_column][mk_fancy_title color=&#8221;#ffffff&#8221; size=&#8221;42&#8243; font_weight=&#8221;400&#8243; font_family=&#8221;none&#8221; align=&#8221;center&#8221;] Salar de Uyuni [\/mk_fancy_title][mk_button dimension=&#8221;flat&#8221; size=&#8221;large&#8221; url=&#8221;https:\/\/www.rutaverdebolivia.com\/nl\/tour\/uyuni-zoutvlakte\/&#8221; align=&#8221;center&#8221; margin_top=&#8221;40&#8243; margin_bottom=&#8221;0&#8243; margin_right=&#8221;0&#8243; bg_color=&#8221;#b6d100&#8243;]Meer info&#8230;.[\/mk_button][\/vc_column][\/mk_page_section][vc_row][vc_column][mk_padding_divider size=&#8221;50&#8243;][\/vc_column][\/vc_row][vc_row][vc_column width=&#8221;1\/2&#8243;][mk_fancy_title color=&#8221;#b6d100&#8243; size=&#8221;56&#8243; force_font_size=&#8221;true&#8221; [&hellip;]<\/p>\n","protected":false},"author":2,"featured_media":0,"parent":0,"menu_order":0,"comment_status":"closed","ping_status":"closed","template":"","meta":{"footnotes":""},"class_list":["post-3233","page","type-page","status-publish","hentry"],"yoast_head":"<!-- This site is optimized with the Yoast SEO plugin v27.1.1 - https:\/\/yoast.com\/product\/yoast-seo-wordpress\/ -->\n<title>Reisbureau Bolivia - Ruta Verde Tours<\/title>\n<meta name=\"description\" content=\"Nederlandse reisbureau voor tours in Bolivia. Grote vari\u00ebteit aan reizen in \u00e9\u00e9n van de mooiste en fascinerendste landen ter wereld: Bolivia!\" \/>\n<meta name=\"robots\" content=\"index, follow, max-snippet:-1, max-image-preview:large, max-video-preview:-1\" \/>\n<link rel=\"canonical\" href=\"https:\/\/www.rutaverdebolivia.com\/nl\/\" \/>\n<meta property=\"og:locale\" content=\"nl_NL\" \/>\n<meta property=\"og:type\" content=\"article\" \/>\n<meta property=\"og:title\" content=\"Reisbureau Bolivia - Ruta Verde Tours\" \/>\n<meta property=\"og:description\" content=\"Nederlandse reisbureau voor tours in Bolivia. Grote vari\u00ebteit aan reizen in \u00e9\u00e9n van de mooiste en fascinerendste landen ter wereld: Bolivia!\" \/>\n<meta property=\"og:url\" content=\"https:\/\/www.rutaverdebolivia.com\/nl\/\" \/>\n<meta property=\"og:site_name\" content=\"Ruta Verde Tours\" \/>\n<meta property=\"article:publisher\" content=\"https:\/\/www.facebook.com\/rutaverdebolivia\/\" \/>\n<meta property=\"article:modified_time\" content=\"2025-10-29T16:04:27+00:00\" \/>\n<meta name=\"twitter:card\" content=\"summary_large_image\" \/>\n<meta name=\"twitter:site\" content=\"@rutaverde\" \/>\n<meta name=\"twitter:label1\" content=\"Geschatte leestijd\" \/>\n\t<meta name=\"twitter:data1\" content=\"2 minuten\" \/>\n<script type=\"application\/ld+json\" class=\"yoast-schema-graph\">{\"@context\":\"https:\/\/schema.org\",\"@graph\":[{\"@type\":\"WebPage\",\"@id\":\"https:\/\/www.rutaverdebolivia.com\/nl\/\",\"url\":\"https:\/\/www.rutaverdebolivia.com\/nl\/\",\"name\":\"Reisbureau Bolivia - Ruta Verde Tours\",\"isPartOf\":{\"@id\":\"https:\/\/www.rutaverdebolivia.com\/#website\"},\"datePublished\":\"2016-06-27T13:44:05+00:00\",\"dateModified\":\"2025-10-29T16:04:27+00:00\",\"description\":\"Nederlandse reisbureau voor tours in Bolivia. Grote vari\u00ebteit aan reizen in \u00e9\u00e9n van de mooiste en fascinerendste landen ter wereld: Bolivia!\",\"breadcrumb\":{\"@id\":\"https:\/\/www.rutaverdebolivia.com\/nl\/#breadcrumb\"},\"inLanguage\":\"nl-NL\",\"potentialAction\":[{\"@type\":\"ReadAction\",\"target\":[\"https:\/\/www.rutaverdebolivia.com\/nl\/\"]}]},{\"@type\":\"BreadcrumbList\",\"@id\":\"https:\/\/www.rutaverdebolivia.com\/nl\/#breadcrumb\",\"itemListElement\":[{\"@type\":\"ListItem\",\"position\":1,\"name\":\"Startseite\",\"item\":\"https:\/\/www.rutaverdebolivia.com\/nl\/\"},{\"@type\":\"ListItem\",\"position\":2,\"name\":\"Reisbureau Bolivia\"}]},{\"@type\":\"WebSite\",\"@id\":\"https:\/\/www.rutaverdebolivia.com\/#website\",\"url\":\"https:\/\/www.rutaverdebolivia.com\/\",\"name\":\"Ruta Verde Tours\",\"description\":\"Ruta Verde Bolivia\",\"potentialAction\":[{\"@type\":\"SearchAction\",\"target\":{\"@type\":\"EntryPoint\",\"urlTemplate\":\"https:\/\/www.rutaverdebolivia.com\/?s={search_term_string}\"},\"query-input\":{\"@type\":\"PropertyValueSpecification\",\"valueRequired\":true,\"valueName\":\"search_term_string\"}}],\"inLanguage\":\"nl-NL\"}]}<\/script>\n<!-- \/ Yoast SEO plugin. -->","yoast_head_json":{"title":"Reisbureau Bolivia - Ruta Verde Tours","description":"Nederlandse reisbureau voor tours in Bolivia. Grote vari\u00ebteit aan reizen in \u00e9\u00e9n van de mooiste en fascinerendste landen ter wereld: Bolivia!","robots":{"index":"index","follow":"follow","max-snippet":"max-snippet:-1","max-image-preview":"max-image-preview:large","max-video-preview":"max-video-preview:-1"},"canonical":"https:\/\/www.rutaverdebolivia.com\/nl\/","og_locale":"nl_NL","og_type":"article","og_title":"Reisbureau Bolivia - Ruta Verde Tours","og_description":"Nederlandse reisbureau voor tours in Bolivia. Grote vari\u00ebteit aan reizen in \u00e9\u00e9n van de mooiste en fascinerendste landen ter wereld: Bolivia!","og_url":"https:\/\/www.rutaverdebolivia.com\/nl\/","og_site_name":"Ruta Verde Tours","article_publisher":"https:\/\/www.facebook.com\/rutaverdebolivia\/","article_modified_time":"2025-10-29T16:04:27+00:00","twitter_card":"summary_large_image","twitter_site":"@rutaverde","twitter_misc":{"Geschatte leestijd":"2 minuten"},"schema":{"@context":"https:\/\/schema.org","@graph":[{"@type":"WebPage","@id":"https:\/\/www.rutaverdebolivia.com\/nl\/","url":"https:\/\/www.rutaverdebolivia.com\/nl\/","name":"Reisbureau Bolivia - Ruta Verde Tours","isPartOf":{"@id":"https:\/\/www.rutaverdebolivia.com\/#website"},"datePublished":"2016-06-27T13:44:05+00:00","dateModified":"2025-10-29T16:04:27+00:00","description":"Nederlandse reisbureau voor tours in Bolivia. Grote vari\u00ebteit aan reizen in \u00e9\u00e9n van de mooiste en fascinerendste landen ter wereld: Bolivia!","breadcrumb":{"@id":"https:\/\/www.rutaverdebolivia.com\/nl\/#breadcrumb"},"inLanguage":"nl-NL","potentialAction":[{"@type":"ReadAction","target":["https:\/\/www.rutaverdebolivia.com\/nl\/"]}]},{"@type":"BreadcrumbList","@id":"https:\/\/www.rutaverdebolivia.com\/nl\/#breadcrumb","itemListElement":[{"@type":"ListItem","position":1,"name":"Startseite","item":"https:\/\/www.rutaverdebolivia.com\/nl\/"},{"@type":"ListItem","position":2,"name":"Reisbureau Bolivia"}]},{"@type":"WebSite","@id":"https:\/\/www.rutaverdebolivia.com\/#website","url":"https:\/\/www.rutaverdebolivia.com\/","name":"Ruta Verde Tours","description":"Ruta Verde Bolivia","potentialAction":[{"@type":"SearchAction","target":{"@type":"EntryPoint","urlTemplate":"https:\/\/www.rutaverdebolivia.com\/?s={search_term_string}"},"query-input":{"@type":"PropertyValueSpecification","valueRequired":true,"valueName":"search_term_string"}}],"inLanguage":"nl-NL"}]}},"_links":{"self":[{"href":"https:\/\/www.rutaverdebolivia.com\/nl\/wp-json\/wp\/v2\/pages\/3233","targetHints":{"allow":["GET"]}}],"collection":[{"href":"https:\/\/www.rutaverdebolivia.com\/nl\/wp-json\/wp\/v2\/pages"}],"about":[{"href":"https:\/\/www.rutaverdebolivia.com\/nl\/wp-json\/wp\/v2\/types\/page"}],"author":[{"embeddable":true,"href":"https:\/\/www.rutaverdebolivia.com\/nl\/wp-json\/wp\/v2\/users\/2"}],"replies":[{"embeddable":true,"href":"https:\/\/www.rutaverdebolivia.com\/nl\/wp-json\/wp\/v2\/comments?post=3233"}],"version-history":[{"count":37,"href":"https:\/\/www.rutaverdebolivia.com\/nl\/wp-json\/wp\/v2\/pages\/3233\/revisions"}],"predecessor-version":[{"id":24782,"href":"https:\/\/www.rutaverdebolivia.com\/nl\/wp-json\/wp\/v2\/pages\/3233\/revisions\/24782"}],"wp:attachment":[{"href":"https:\/\/www.rutaverdebolivia.com\/nl\/wp-json\/wp\/v2\/media?parent=3233"}],"curies":[{"name":"wp","href":"https:\/\/api.w.org\/{rel}","templated":true}]}}