{"id":1708,"date":"2016-07-06T10:23:30","date_gmt":"2016-07-06T08:23:30","guid":{"rendered":"https:\/\/www.rutaverdebolivia.com\/about-bolivia\/?lang=pt-br"},"modified":"2019-07-01T15:26:40","modified_gmt":"2019-07-01T13:26:40","slug":"sobre-bolivia","status":"publish","type":"page","link":"https:\/\/www.rutaverdebolivia.com\/pt-br\/sobre-bolivia\/","title":{"rendered":"Sobre a Bol\u00edvia"},"content":{"rendered":"<div class=\"wpb-content-wrapper\">[vc_row][vc_column][mk_padding_divider size=&#8221;50&#8243;][vc_column_text css=&#8221;.vc_custom_1561986627063{margin-bottom: 0px !important;}&#8221;]\n<h3>Sobre a Bol\u00edvia<\/h3>\n[\/vc_column_text][mk_padding_divider size=&#8221;20&#8243;][\/vc_column][\/vc_row][vc_row][vc_column width=&#8221;1\/2&#8243;][vc_column_text css=&#8221;.vc_custom_1561986606928{margin-bottom: 0px !important;}&#8221;]Visitar a Bol\u00edvia \u00e9 uma experi\u00eancia \u00fanica, inesquec\u00edvel e aut\u00eantica. A Bol\u00edvia \u00e9 um dos pa\u00edses mais diversos do mundo, tanto em termos culturais e \u00e9tnicos quanto em biodiversidade. A riqueza humana de seus habitantes \u00e9 composta de mais de trinta grupos \u00e9tnicos nativos (guarani, ayoreo, moxenho, aimar\u00e1, qu\u00edchua), mesti\u00e7os, europeus, japoneses, menonitas, afro-bolivianos e algumas outras minorias. E se, adicionalmente, voc\u00ea deseja ver a diversidade de express\u00f5es culturais, dan\u00e7as, fantasias ou variedade culin\u00e1ria, a lista \u00e9 intermin\u00e1vel.<\/p>\n<p>Se voc\u00ea est\u00e1 interessado na versao da natureza em seu mais selvagem, mais diversificada, pura, solit\u00e1ria e surpreendente, em todo o pa\u00eds voc\u00ea encontrar\u00e1 lugares fascinantes. Mais de 16% do territ\u00f3rio da Bol\u00edvia \u00e9 classificado como protegido, seja como parques nacionais, ou em outras categorias de \u00e1reas protegidas.[\/vc_column_text][mk_padding_divider size=&#8221;50&#8243;][\/vc_column][vc_column width=&#8221;1\/2&#8243;][vc_column_text css=&#8221;.vc_custom_1561987579724{margin-bottom: 0px !important;}&#8221;]A Bol\u00edvia ocupa o sexto lugar como o pa\u00eds com maior diversidade de aves, oitavo em r\u00e9pteis, d\u00e9cimo em mam\u00edferos e d\u00e9cimo primeiro em especies de plantas superiores. Mesmo nao tendo mar, a Bol\u00edvia \u00e9 membro de um clube seleto de pa\u00edses que oferecem uma amostra da maior parte das riquezas naturais de todo o mundo. Na verdade, o pa\u00eds \u00e9 aben\u00e7oado com uma grande variedade de ecossistemas, como florestas tropicais, montanhas andinas, vales, pampas, Chaco, Pantanal etc.<\/p>\n<p>A autenticidade do folclore, os imensur\u00e1veis cen\u00e1rios virgens e selvagens, a tranquilidade que se sente ao viajar, s\u00e3o algumas das muitas vantagens de viajar na Bol\u00edvia, no cora\u00e7\u00e3o da Am\u00e9rica do Sul, o resumo do continente.[\/vc_column_text][\/vc_column][\/vc_row][mk_page_section bg_image=&#8221;https:\/\/www.rutaverdebolivia.com\/wp-content\/uploads\/toro-toro-header.jpg&#8221; bg_position=&#8221;center center&#8221; video_color_mask=&#8221;#ffffff&#8221; video_opacity=&#8221;0.8&#8243; min_height=&#8221;400&#8243; sidebar=&#8221;sidebar-1&#8243;][vc_column][mk_padding_divider size=&#8221;60&#8243;][\/vc_column][\/mk_page_section]\n<\/div>","protected":false},"excerpt":{"rendered":"<p>[vc_row][vc_column][mk_padding_divider size=&#8221;50&#8243;][vc_column_text css=&#8221;.vc_custom_1561986627063{margin-bottom: 0px !important;}&#8221;] Sobre a Bol\u00edvia [\/vc_column_text][mk_padding_divider size=&#8221;20&#8243;][\/vc_column][\/vc_row][vc_row][vc_column width=&#8221;1\/2&#8243;][vc_column_text css=&#8221;.vc_custom_1561986606928{margin-bottom: 0px !important;}&#8221;]Visitar a Bol\u00edvia \u00e9 uma experi\u00eancia \u00fanica, inesquec\u00edvel e aut\u00eantica. A Bol\u00edvia \u00e9 um dos pa\u00edses mais diversos do mundo, tanto em termos culturais e \u00e9tnicos quanto em biodiversidade. A riqueza humana de seus habitantes \u00e9 composta de mais de trinta grupos [&hellip;]<\/p>\n","protected":false},"author":2,"featured_media":0,"parent":0,"menu_order":0,"comment_status":"closed","ping_status":"closed","template":"","meta":{"footnotes":""},"class_list":["post-1708","page","type-page","status-publish","hentry"],"yoast_head":"<!-- This site is optimized with the Yoast SEO plugin v27.1.1 - https:\/\/yoast.com\/product\/yoast-seo-wordpress\/ -->\n<title>Sobre a Bol\u00edvia - Ruta Verde Tours<\/title>\n<meta name=\"description\" content=\"Info sobre a Bol\u00edvia. Planeje sua viagem para Bol\u00edvia, um dos pa\u00edses mais diversos do mundo. No cora\u00e7\u00e3o da Am\u00e9rica do Sul, o resumo do continente.\" \/>\n<meta name=\"robots\" content=\"index, follow, max-snippet:-1, max-image-preview:large, max-video-preview:-1\" \/>\n<link rel=\"canonical\" href=\"https:\/\/www.rutaverdebolivia.com\/pt-br\/sobre-bolivia\/\" \/>\n<meta property=\"og:locale\" content=\"pt_BR\" \/>\n<meta property=\"og:type\" content=\"article\" \/>\n<meta property=\"og:title\" content=\"Sobre a Bol\u00edvia - Ruta Verde Tours\" \/>\n<meta property=\"og:description\" content=\"Info sobre a Bol\u00edvia. Planeje sua viagem para Bol\u00edvia, um dos pa\u00edses mais diversos do mundo. No cora\u00e7\u00e3o da Am\u00e9rica do Sul, o resumo do continente.\" \/>\n<meta property=\"og:url\" content=\"https:\/\/www.rutaverdebolivia.com\/pt-br\/sobre-bolivia\/\" \/>\n<meta property=\"og:site_name\" content=\"Ruta Verde Tours\" \/>\n<meta property=\"article:publisher\" content=\"https:\/\/www.facebook.com\/rutaverdebolivia\/\" \/>\n<meta property=\"article:modified_time\" content=\"2019-07-01T13:26:40+00:00\" \/>\n<meta name=\"twitter:card\" content=\"summary_large_image\" \/>\n<meta name=\"twitter:site\" content=\"@rutaverde\" \/>\n<meta name=\"twitter:label1\" content=\"Est. tempo de leitura\" \/>\n\t<meta name=\"twitter:data1\" content=\"2 minutos\" \/>\n<script type=\"application\/ld+json\" class=\"yoast-schema-graph\">{\"@context\":\"https:\/\/schema.org\",\"@graph\":[{\"@type\":\"WebPage\",\"@id\":\"https:\/\/www.rutaverdebolivia.com\/pt-br\/sobre-bolivia\/\",\"url\":\"https:\/\/www.rutaverdebolivia.com\/pt-br\/sobre-bolivia\/\",\"name\":\"Sobre a Bol\u00edvia - Ruta Verde Tours\",\"isPartOf\":{\"@id\":\"https:\/\/www.rutaverdebolivia.com\/#website\"},\"datePublished\":\"2016-07-06T08:23:30+00:00\",\"dateModified\":\"2019-07-01T13:26:40+00:00\",\"description\":\"Info sobre a Bol\u00edvia. Planeje sua viagem para Bol\u00edvia, um dos pa\u00edses mais diversos do mundo. No cora\u00e7\u00e3o da Am\u00e9rica do Sul, o resumo do continente.\",\"breadcrumb\":{\"@id\":\"https:\/\/www.rutaverdebolivia.com\/pt-br\/sobre-bolivia\/#breadcrumb\"},\"inLanguage\":\"pt-BR\",\"potentialAction\":[{\"@type\":\"ReadAction\",\"target\":[\"https:\/\/www.rutaverdebolivia.com\/pt-br\/sobre-bolivia\/\"]}]},{\"@type\":\"BreadcrumbList\",\"@id\":\"https:\/\/www.rutaverdebolivia.com\/pt-br\/sobre-bolivia\/#breadcrumb\",\"itemListElement\":[{\"@type\":\"ListItem\",\"position\":1,\"name\":\"Startseite\",\"item\":\"https:\/\/www.rutaverdebolivia.com\/pt-br\/\"},{\"@type\":\"ListItem\",\"position\":2,\"name\":\"Sobre a Bol\u00edvia\"}]},{\"@type\":\"WebSite\",\"@id\":\"https:\/\/www.rutaverdebolivia.com\/#website\",\"url\":\"https:\/\/www.rutaverdebolivia.com\/\",\"name\":\"Ruta Verde Tours\",\"description\":\"Ruta Verde Bolivia\",\"potentialAction\":[{\"@type\":\"SearchAction\",\"target\":{\"@type\":\"EntryPoint\",\"urlTemplate\":\"https:\/\/www.rutaverdebolivia.com\/?s={search_term_string}\"},\"query-input\":{\"@type\":\"PropertyValueSpecification\",\"valueRequired\":true,\"valueName\":\"search_term_string\"}}],\"inLanguage\":\"pt-BR\"}]}<\/script>\n<!-- \/ Yoast SEO plugin. -->","yoast_head_json":{"title":"Sobre a Bol\u00edvia - Ruta Verde Tours","description":"Info sobre a Bol\u00edvia. Planeje sua viagem para Bol\u00edvia, um dos pa\u00edses mais diversos do mundo. No cora\u00e7\u00e3o da Am\u00e9rica do Sul, o resumo do continente.","robots":{"index":"index","follow":"follow","max-snippet":"max-snippet:-1","max-image-preview":"max-image-preview:large","max-video-preview":"max-video-preview:-1"},"canonical":"https:\/\/www.rutaverdebolivia.com\/pt-br\/sobre-bolivia\/","og_locale":"pt_BR","og_type":"article","og_title":"Sobre a Bol\u00edvia - Ruta Verde Tours","og_description":"Info sobre a Bol\u00edvia. Planeje sua viagem para Bol\u00edvia, um dos pa\u00edses mais diversos do mundo. No cora\u00e7\u00e3o da Am\u00e9rica do Sul, o resumo do continente.","og_url":"https:\/\/www.rutaverdebolivia.com\/pt-br\/sobre-bolivia\/","og_site_name":"Ruta Verde Tours","article_publisher":"https:\/\/www.facebook.com\/rutaverdebolivia\/","article_modified_time":"2019-07-01T13:26:40+00:00","twitter_card":"summary_large_image","twitter_site":"@rutaverde","twitter_misc":{"Est. tempo de leitura":"2 minutos"},"schema":{"@context":"https:\/\/schema.org","@graph":[{"@type":"WebPage","@id":"https:\/\/www.rutaverdebolivia.com\/pt-br\/sobre-bolivia\/","url":"https:\/\/www.rutaverdebolivia.com\/pt-br\/sobre-bolivia\/","name":"Sobre a Bol\u00edvia - Ruta Verde Tours","isPartOf":{"@id":"https:\/\/www.rutaverdebolivia.com\/#website"},"datePublished":"2016-07-06T08:23:30+00:00","dateModified":"2019-07-01T13:26:40+00:00","description":"Info sobre a Bol\u00edvia. Planeje sua viagem para Bol\u00edvia, um dos pa\u00edses mais diversos do mundo. No cora\u00e7\u00e3o da Am\u00e9rica do Sul, o resumo do continente.","breadcrumb":{"@id":"https:\/\/www.rutaverdebolivia.com\/pt-br\/sobre-bolivia\/#breadcrumb"},"inLanguage":"pt-BR","potentialAction":[{"@type":"ReadAction","target":["https:\/\/www.rutaverdebolivia.com\/pt-br\/sobre-bolivia\/"]}]},{"@type":"BreadcrumbList","@id":"https:\/\/www.rutaverdebolivia.com\/pt-br\/sobre-bolivia\/#breadcrumb","itemListElement":[{"@type":"ListItem","position":1,"name":"Startseite","item":"https:\/\/www.rutaverdebolivia.com\/pt-br\/"},{"@type":"ListItem","position":2,"name":"Sobre a Bol\u00edvia"}]},{"@type":"WebSite","@id":"https:\/\/www.rutaverdebolivia.com\/#website","url":"https:\/\/www.rutaverdebolivia.com\/","name":"Ruta Verde Tours","description":"Ruta Verde Bolivia","potentialAction":[{"@type":"SearchAction","target":{"@type":"EntryPoint","urlTemplate":"https:\/\/www.rutaverdebolivia.com\/?s={search_term_string}"},"query-input":{"@type":"PropertyValueSpecification","valueRequired":true,"valueName":"search_term_string"}}],"inLanguage":"pt-BR"}]}},"_links":{"self":[{"href":"https:\/\/www.rutaverdebolivia.com\/pt-br\/wp-json\/wp\/v2\/pages\/1708","targetHints":{"allow":["GET"]}}],"collection":[{"href":"https:\/\/www.rutaverdebolivia.com\/pt-br\/wp-json\/wp\/v2\/pages"}],"about":[{"href":"https:\/\/www.rutaverdebolivia.com\/pt-br\/wp-json\/wp\/v2\/types\/page"}],"author":[{"embeddable":true,"href":"https:\/\/www.rutaverdebolivia.com\/pt-br\/wp-json\/wp\/v2\/users\/2"}],"replies":[{"embeddable":true,"href":"https:\/\/www.rutaverdebolivia.com\/pt-br\/wp-json\/wp\/v2\/comments?post=1708"}],"version-history":[{"count":11,"href":"https:\/\/www.rutaverdebolivia.com\/pt-br\/wp-json\/wp\/v2\/pages\/1708\/revisions"}],"predecessor-version":[{"id":12631,"href":"https:\/\/www.rutaverdebolivia.com\/pt-br\/wp-json\/wp\/v2\/pages\/1708\/revisions\/12631"}],"wp:attachment":[{"href":"https:\/\/www.rutaverdebolivia.com\/pt-br\/wp-json\/wp\/v2\/media?parent=1708"}],"curies":[{"name":"wp","href":"https:\/\/api.w.org\/{rel}","templated":true}]}}