{"id":3238,"date":"2016-06-27T15:44:05","date_gmt":"2016-06-27T13:44:05","guid":{"rendered":"https:\/\/www.rutaverdebolivia.com\/ruta-de-bolivia\/?lang=pt-br"},"modified":"2025-10-29T17:05:04","modified_gmt":"2025-10-29T16:05:04","slug":"travel-agency-bolivia","status":"publish","type":"page","link":"https:\/\/www.rutaverdebolivia.com\/pt-br\/","title":{"rendered":"Tours na Bol\u00edvia"},"content":{"rendered":"<div class=\"wpb-content-wrapper\">[mk_page_section bg_repeat=&#8221;no-repeat&#8221; bg_stretch=&#8221;true&#8221; video_opacity=&#8221;0&#8243; full_width=&#8221;true&#8221; full_height=&#8221;true&#8221; padding_top=&#8221;0&#8243; padding_bottom=&#8221;0&#8243; visibility=&#8221;hidden-sm&#8221; sidebar=&#8221;sidebar-1&#8243;][vc_column][mk_edge_slider first_el=&#8221;true&#8221; order=&#8221;ASC&#8221; height=&#8221;800&#8243; slideshow_speed=&#8221;6000&#8243; direction_nav=&#8221;slit&#8221; skip_arrow=&#8221;false&#8221; slides=&#8221;11824, 11817, 11810&#8243;][\/vc_column][\/mk_page_section][mk_page_section bg_image=&#8221;https:\/\/www.rutaverdebolivia.com\/wp-content\/uploads\/uyuni-salt-flats-mobile.jpg&#8221; bg_position=&#8221;center top&#8221; bg_repeat=&#8221;no-repeat&#8221; bg_stretch=&#8221;true&#8221; video_opacity=&#8221;0&#8243; min_height=&#8221;256&#8243; full_width=&#8221;true&#8221; full_height=&#8221;true&#8221; padding_top=&#8221;0&#8243; padding_bottom=&#8221;0&#8243; visibility=&#8221;visible-sm&#8221; sidebar=&#8221;sidebar-1&#8243;][vc_column][mk_fancy_title color=&#8221;#ffffff&#8221; size=&#8221;42&#8243; font_weight=&#8221;400&#8243; font_family=&#8221;none&#8221; align=&#8221;center&#8221;]\n<p>Salar de Uyuni<\/p>\n[\/mk_fancy_title][mk_button dimension=&#8221;flat&#8221; size=&#8221;large&#8221; url=&#8221;https:\/\/www.rutaverdebolivia.com\/pt-br\/tour\/uyuni-salt-flats\/&#8221; align=&#8221;center&#8221; margin_top=&#8221;40&#8243; margin_bottom=&#8221;0&#8243; margin_right=&#8221;0&#8243; bg_color=&#8221;#b6d100&#8243;]Mais informa\u00e7\u00e3o &#8230;[\/mk_button][\/vc_column][\/mk_page_section][vc_row][vc_column][mk_padding_divider size=&#8221;50&#8243;][\/vc_column][\/vc_row][vc_row][vc_column width=&#8221;1\/2&#8243;][mk_fancy_title color=&#8221;#b6d100&#8243; size=&#8221;56&#8243; force_font_size=&#8221;true&#8221; size_tablet=&#8221;40&#8243; size_phone=&#8221;30&#8243; font_weight=&#8221;300&#8243; txt_transform=&#8221;none&#8221; margin_bottom=&#8221;40&#8243; font_family=&#8221;Poppins&#8221; font_type=&#8221;google&#8221; animation=&#8221;right-to-left&#8221;]Descubra Bol\u00edvia[\/mk_fancy_title][vc_column_text css=&#8221;.vc_custom_1761753900781{margin-bottom: 0px !important;}&#8221;]Ruta Verde \u00e9 uma operadora de turismo oferecendo uma grande variedade de excurs\u00f5es de aventura, natureza e cultura num dos pa\u00edses mais belos, diversos e fascinantes do mundo.<\/p>\n<p>Oferecemos tours pelos parques nacionais como: o <a href=\"https:\/\/www.rutaverdebolivia.com\/pt-br\/tour\/amboro-national-park\/\">Amboro<\/a>, o <a href=\"https:\/\/www.rutaverdebolivia.com\/pt-br\/tour\/noel-kempff-mercado-national-park\/\">Noel Kempff Mercado<\/a> (de jeep 4&#215;4 ou de avi\u00e3o) e <a href=\"https:\/\/www.rutaverdebolivia.com\/pt-br\/tour\/chalalan-ecolodge-madidi-national-park\/\">Madidi<\/a>. Excurs\u00f5es culturais \u00e1s aut\u00eanticas e \u00fanicas <a href=\"https:\/\/www.rutaverdebolivia.com\/pt-br\/tour\/jesuit-missions-bolivia\/\">Misi\u00f5es Jesu\u00edticas<\/a> e ao <a href=\"https:\/\/www.rutaverdebolivia.com\/pt-br\/tour\/el-fuerte-samaipata\/\">Fuerte de Samaipata<\/a>. Viagens de barco pela Amaz\u00f4nia boliviana (<a href=\"https:\/\/www.rutaverdebolivia.com\/pt-br\/tour\/reina-de-enin-amazon-cruiser\/\">Reina de Enin<\/a>), tours pelo <a href=\"https:\/\/www.rutaverdebolivia.com\/pt-br\/tour\/pantanal-tour\/\">Pantanal<\/a> e a <a href=\"https:\/\/www.rutaverdebolivia.com\/pt-br\/tour\/che-guevara-tour\/\">Ruta do Che Guevara<\/a>.<\/p>\n<p>Tamb\u00e9m oferecemos tours pelas belas cidades coloniais <a href=\"https:\/\/www.rutaverdebolivia.com\/pt-br\/tour\/sucre-potosi-tour\/\">Sucre e Potosi<\/a>, viagens ao\u00a0espectacular mar de sal de <a href=\"https:\/\/www.rutaverdebolivia.com\/pt-br\/tour\/uyuni-salt-flats\/\">Uyuni<\/a> (salar de Uyuni) e <a href=\"https:\/\/www.rutaverdebolivia.com\/pt-br\/tour\/tailor-made-tours-bolivia\/\">tours feitos a sua medida<\/a> pela Bol\u00edvia toda.<\/p>\n<p><em>Com muitos anos de experi\u00eancia na Bol\u00edvia, nossa equipe e nossos passeios foram recomendados em guias de viagem renomados como Lonely Planet, Rough Guide, Footprint, Routard e The Amazon<\/em>[\/vc_column_text][mk_image src=&#8221;https:\/\/www.rutaverdebolivia.com\/wp-content\/uploads\/marcapais.jpg&#8221; image_size=&#8221;medium&#8221; align=&#8221;center&#8221;][\/vc_column][vc_column width=&#8221;1\/2&#8243;][mk_padding_divider size=&#8221;120&#8243;][mk_gallery images=&#8221;535,536,538,5455&#8243; column=&#8221;2&#8243; hover_scenarios=&#8221;none&#8221; item_spacing=&#8221;20&#8243;][\/vc_column][\/vc_row][vc_row][vc_column][mk_padding_divider size=&#8221;50&#8243;][\/vc_column][\/vc_row][mk_page_section bg_color=&#8221;#2f271f&#8221; padding_top=&#8221;60&#8243; padding_bottom=&#8221;40&#8243; top_shape_color=&#8221;#ffffff&#8221; bottom_shape_color=&#8221;#ffffff&#8221; sidebar=&#8221;sidebar-1&#8243;][vc_column][mk_fancy_title color=&#8221;#b6d100&#8243; size=&#8221;56&#8243; force_font_size=&#8221;true&#8221; size_tablet=&#8221;40&#8243; font_weight=&#8221;300&#8243; txt_transform=&#8221;none&#8221; margin_bottom=&#8221;0&#8243; font_family=&#8221;Poppins&#8221; font_type=&#8221;google&#8221; align=&#8221;center&#8221; animation=&#8221;right-to-left&#8221;]Most popular tours[\/mk_fancy_title][\/vc_column][\/mk_page_section][vc_row fullwidth=&#8221;true&#8221; css=&#8221;.vc_custom_1467198158902{background-color: #2f271f !important;}&#8221;][vc_column][mk_portfolio image_size=&#8221;full&#8221; count=&#8221;3&#8243; sortable=&#8221;false&#8221; pagination=&#8221;false&#8221; posts=&#8221;1052, 1821, 2671, 3199&#8243;][mk_padding_divider size=&#8221;140&#8243;][\/vc_column][\/vc_row][mk_page_section bg_image=&#8221;http:\/\/demos.artbees.net\/jupiter5\/ruminus\/wp-content\/uploads\/sites\/100\/2016\/04\/testimonial-pattern.png&#8221; padding_top=&#8221;100&#8243; padding_bottom=&#8221;80&#8243; sidebar=&#8221;sidebar-1&#8243;][vc_column][mk_fancy_title tag_name=&#8221;h3&#8243; color=&#8221;#b6d100&#8243; size=&#8221;56&#8243; force_font_size=&#8221;true&#8221; size_tablet=&#8221;40&#8243; font_weight=&#8221;300&#8243; txt_transform=&#8221;none&#8221; margin_bottom=&#8221;0&#8243; font_family=&#8221;Poppins&#8221; font_type=&#8221;google&#8221; align=&#8221;center&#8221; animation=&#8221;right-to-left&#8221;]Comentarios de nossos clientes[\/mk_fancy_title][mk_padding_divider visibility=&#8221;visible-sm&#8221;][mk_testimonials style=&#8221;boxed&#8221; count=&#8221;5&#8243; order=&#8221;DESC&#8221; orderby=&#8221;rand&#8221; animation_speed=&#8221;1332&#8243; slideshow_speed=&#8221;20000&#8243; testimonials=&#8221;603, 605, 623, 613, 635&#8243;][mk_button dimension=&#8221;flat&#8221; size=&#8221;large&#8221; url=&#8221;https:\/\/www.rutaverdebolivia.com\/testimonials&#8221; align=&#8221;center&#8221; margin_top=&#8221;40&#8243; margin_bottom=&#8221;0&#8243; margin_right=&#8221;0&#8243; bg_color=&#8221;#b6d100&#8243;]Mais comentarios[\/mk_button][\/vc_column][\/mk_page_section]\n<\/div>","protected":false},"excerpt":{"rendered":"<p>[mk_page_section bg_repeat=&#8221;no-repeat&#8221; bg_stretch=&#8221;true&#8221; video_opacity=&#8221;0&#8243; full_width=&#8221;true&#8221; full_height=&#8221;true&#8221; padding_top=&#8221;0&#8243; padding_bottom=&#8221;0&#8243; visibility=&#8221;hidden-sm&#8221; sidebar=&#8221;sidebar-1&#8243;][vc_column][mk_edge_slider first_el=&#8221;true&#8221; order=&#8221;ASC&#8221; height=&#8221;800&#8243; slideshow_speed=&#8221;6000&#8243; direction_nav=&#8221;slit&#8221; skip_arrow=&#8221;false&#8221; slides=&#8221;11824, 11817, 11810&#8243;][\/vc_column][\/mk_page_section][mk_page_section bg_image=&#8221;https:\/\/www.rutaverdebolivia.com\/wp-content\/uploads\/uyuni-salt-flats-mobile.jpg&#8221; bg_position=&#8221;center top&#8221; bg_repeat=&#8221;no-repeat&#8221; bg_stretch=&#8221;true&#8221; video_opacity=&#8221;0&#8243; min_height=&#8221;256&#8243; full_width=&#8221;true&#8221; full_height=&#8221;true&#8221; padding_top=&#8221;0&#8243; padding_bottom=&#8221;0&#8243; visibility=&#8221;visible-sm&#8221; sidebar=&#8221;sidebar-1&#8243;][vc_column][mk_fancy_title color=&#8221;#ffffff&#8221; size=&#8221;42&#8243; font_weight=&#8221;400&#8243; font_family=&#8221;none&#8221; align=&#8221;center&#8221;] Salar de Uyuni [\/mk_fancy_title][mk_button dimension=&#8221;flat&#8221; size=&#8221;large&#8221; url=&#8221;https:\/\/www.rutaverdebolivia.com\/pt-br\/tour\/uyuni-salt-flats\/&#8221; align=&#8221;center&#8221; margin_top=&#8221;40&#8243; margin_bottom=&#8221;0&#8243; margin_right=&#8221;0&#8243; bg_color=&#8221;#b6d100&#8243;]Mais informa\u00e7\u00e3o &#8230;[\/mk_button][\/vc_column][\/mk_page_section][vc_row][vc_column][mk_padding_divider size=&#8221;50&#8243;][\/vc_column][\/vc_row][vc_row][vc_column width=&#8221;1\/2&#8243;][mk_fancy_title color=&#8221;#b6d100&#8243; size=&#8221;56&#8243; [&hellip;]<\/p>\n","protected":false},"author":2,"featured_media":0,"parent":0,"menu_order":0,"comment_status":"closed","ping_status":"closed","template":"","meta":{"footnotes":""},"class_list":["post-3238","page","type-page","status-publish","hentry"],"yoast_head":"<!-- This site is optimized with the Yoast SEO plugin v27.1.1 - https:\/\/yoast.com\/product\/yoast-seo-wordpress\/ -->\n<title>Tours na Bol\u00edvia - Ruta Verde Tours<\/title>\n<meta name=\"description\" content=\"Ruta Verde \u00e9 uma operadora de turismo holandesa. Oferecemos uma grande variedade de tours na Bol\u00edvia: excurs\u00f5es de aventura, natureza e cultura.\" \/>\n<meta name=\"robots\" content=\"index, follow, max-snippet:-1, max-image-preview:large, max-video-preview:-1\" \/>\n<link rel=\"canonical\" href=\"https:\/\/www.rutaverdebolivia.com\/pt-br\/\" \/>\n<meta property=\"og:locale\" content=\"pt_BR\" \/>\n<meta property=\"og:type\" content=\"article\" \/>\n<meta property=\"og:title\" content=\"Tours na Bol\u00edvia - Ruta Verde Tours\" \/>\n<meta property=\"og:description\" content=\"Ruta Verde \u00e9 uma operadora de turismo holandesa. Oferecemos uma grande variedade de tours na Bol\u00edvia: excurs\u00f5es de aventura, natureza e cultura.\" \/>\n<meta property=\"og:url\" content=\"https:\/\/www.rutaverdebolivia.com\/pt-br\/\" \/>\n<meta property=\"og:site_name\" content=\"Ruta Verde Tours\" \/>\n<meta property=\"article:publisher\" content=\"https:\/\/www.facebook.com\/rutaverdebolivia\/\" \/>\n<meta property=\"article:modified_time\" content=\"2025-10-29T16:05:04+00:00\" \/>\n<meta name=\"twitter:card\" content=\"summary_large_image\" \/>\n<meta name=\"twitter:site\" content=\"@rutaverde\" \/>\n<meta name=\"twitter:label1\" content=\"Est. tempo de leitura\" \/>\n\t<meta name=\"twitter:data1\" content=\"3 minutos\" \/>\n<script type=\"application\/ld+json\" class=\"yoast-schema-graph\">{\"@context\":\"https:\/\/schema.org\",\"@graph\":[{\"@type\":\"WebPage\",\"@id\":\"https:\/\/www.rutaverdebolivia.com\/pt-br\/\",\"url\":\"https:\/\/www.rutaverdebolivia.com\/pt-br\/\",\"name\":\"Tours na Bol\u00edvia - Ruta Verde Tours\",\"isPartOf\":{\"@id\":\"https:\/\/www.rutaverdebolivia.com\/#website\"},\"datePublished\":\"2016-06-27T13:44:05+00:00\",\"dateModified\":\"2025-10-29T16:05:04+00:00\",\"description\":\"Ruta Verde \u00e9 uma operadora de turismo holandesa. Oferecemos uma grande variedade de tours na Bol\u00edvia: excurs\u00f5es de aventura, natureza e cultura.\",\"breadcrumb\":{\"@id\":\"https:\/\/www.rutaverdebolivia.com\/pt-br\/#breadcrumb\"},\"inLanguage\":\"pt-BR\",\"potentialAction\":[{\"@type\":\"ReadAction\",\"target\":[\"https:\/\/www.rutaverdebolivia.com\/pt-br\/\"]}]},{\"@type\":\"BreadcrumbList\",\"@id\":\"https:\/\/www.rutaverdebolivia.com\/pt-br\/#breadcrumb\",\"itemListElement\":[{\"@type\":\"ListItem\",\"position\":1,\"name\":\"Startseite\",\"item\":\"https:\/\/www.rutaverdebolivia.com\/pt-br\/\"},{\"@type\":\"ListItem\",\"position\":2,\"name\":\"Tours na Bol\u00edvia\"}]},{\"@type\":\"WebSite\",\"@id\":\"https:\/\/www.rutaverdebolivia.com\/#website\",\"url\":\"https:\/\/www.rutaverdebolivia.com\/\",\"name\":\"Ruta Verde Tours\",\"description\":\"Ruta Verde Bolivia\",\"potentialAction\":[{\"@type\":\"SearchAction\",\"target\":{\"@type\":\"EntryPoint\",\"urlTemplate\":\"https:\/\/www.rutaverdebolivia.com\/?s={search_term_string}\"},\"query-input\":{\"@type\":\"PropertyValueSpecification\",\"valueRequired\":true,\"valueName\":\"search_term_string\"}}],\"inLanguage\":\"pt-BR\"}]}<\/script>\n<!-- \/ Yoast SEO plugin. -->","yoast_head_json":{"title":"Tours na Bol\u00edvia - Ruta Verde Tours","description":"Ruta Verde \u00e9 uma operadora de turismo holandesa. Oferecemos uma grande variedade de tours na Bol\u00edvia: excurs\u00f5es de aventura, natureza e cultura.","robots":{"index":"index","follow":"follow","max-snippet":"max-snippet:-1","max-image-preview":"max-image-preview:large","max-video-preview":"max-video-preview:-1"},"canonical":"https:\/\/www.rutaverdebolivia.com\/pt-br\/","og_locale":"pt_BR","og_type":"article","og_title":"Tours na Bol\u00edvia - Ruta Verde Tours","og_description":"Ruta Verde \u00e9 uma operadora de turismo holandesa. Oferecemos uma grande variedade de tours na Bol\u00edvia: excurs\u00f5es de aventura, natureza e cultura.","og_url":"https:\/\/www.rutaverdebolivia.com\/pt-br\/","og_site_name":"Ruta Verde Tours","article_publisher":"https:\/\/www.facebook.com\/rutaverdebolivia\/","article_modified_time":"2025-10-29T16:05:04+00:00","twitter_card":"summary_large_image","twitter_site":"@rutaverde","twitter_misc":{"Est. tempo de leitura":"3 minutos"},"schema":{"@context":"https:\/\/schema.org","@graph":[{"@type":"WebPage","@id":"https:\/\/www.rutaverdebolivia.com\/pt-br\/","url":"https:\/\/www.rutaverdebolivia.com\/pt-br\/","name":"Tours na Bol\u00edvia - Ruta Verde Tours","isPartOf":{"@id":"https:\/\/www.rutaverdebolivia.com\/#website"},"datePublished":"2016-06-27T13:44:05+00:00","dateModified":"2025-10-29T16:05:04+00:00","description":"Ruta Verde \u00e9 uma operadora de turismo holandesa. Oferecemos uma grande variedade de tours na Bol\u00edvia: excurs\u00f5es de aventura, natureza e cultura.","breadcrumb":{"@id":"https:\/\/www.rutaverdebolivia.com\/pt-br\/#breadcrumb"},"inLanguage":"pt-BR","potentialAction":[{"@type":"ReadAction","target":["https:\/\/www.rutaverdebolivia.com\/pt-br\/"]}]},{"@type":"BreadcrumbList","@id":"https:\/\/www.rutaverdebolivia.com\/pt-br\/#breadcrumb","itemListElement":[{"@type":"ListItem","position":1,"name":"Startseite","item":"https:\/\/www.rutaverdebolivia.com\/pt-br\/"},{"@type":"ListItem","position":2,"name":"Tours na Bol\u00edvia"}]},{"@type":"WebSite","@id":"https:\/\/www.rutaverdebolivia.com\/#website","url":"https:\/\/www.rutaverdebolivia.com\/","name":"Ruta Verde Tours","description":"Ruta Verde Bolivia","potentialAction":[{"@type":"SearchAction","target":{"@type":"EntryPoint","urlTemplate":"https:\/\/www.rutaverdebolivia.com\/?s={search_term_string}"},"query-input":{"@type":"PropertyValueSpecification","valueRequired":true,"valueName":"search_term_string"}}],"inLanguage":"pt-BR"}]}},"_links":{"self":[{"href":"https:\/\/www.rutaverdebolivia.com\/pt-br\/wp-json\/wp\/v2\/pages\/3238","targetHints":{"allow":["GET"]}}],"collection":[{"href":"https:\/\/www.rutaverdebolivia.com\/pt-br\/wp-json\/wp\/v2\/pages"}],"about":[{"href":"https:\/\/www.rutaverdebolivia.com\/pt-br\/wp-json\/wp\/v2\/types\/page"}],"author":[{"embeddable":true,"href":"https:\/\/www.rutaverdebolivia.com\/pt-br\/wp-json\/wp\/v2\/users\/2"}],"replies":[{"embeddable":true,"href":"https:\/\/www.rutaverdebolivia.com\/pt-br\/wp-json\/wp\/v2\/comments?post=3238"}],"version-history":[{"count":39,"href":"https:\/\/www.rutaverdebolivia.com\/pt-br\/wp-json\/wp\/v2\/pages\/3238\/revisions"}],"predecessor-version":[{"id":24783,"href":"https:\/\/www.rutaverdebolivia.com\/pt-br\/wp-json\/wp\/v2\/pages\/3238\/revisions\/24783"}],"wp:attachment":[{"href":"https:\/\/www.rutaverdebolivia.com\/pt-br\/wp-json\/wp\/v2\/media?parent=3238"}],"curies":[{"name":"wp","href":"https:\/\/api.w.org\/{rel}","templated":true}]}}