{"id":6719,"date":"2017-04-25T14:49:27","date_gmt":"2017-04-25T12:49:27","guid":{"rendered":"https:\/\/www.rutaverdebolivia.com\/tayka-hotels\/"},"modified":"2017-05-19T11:54:51","modified_gmt":"2017-05-19T09:54:51","slug":"tayka-hotels","status":"publish","type":"page","link":"https:\/\/www.rutaverdebolivia.com\/pt-br\/tayka-hotels\/","title":{"rendered":"Hot\u00e9is Tayka Uyuni"},"content":{"rendered":"<div class=\"wpb-content-wrapper\">[mk_page_section bg_image=&#8221;https:\/\/www.rutaverdebolivia.com\/wp-content\/uploads\/Hotel-Tayka-del-Desierto-panorama.jpg&#8221; bg_position=&#8221;center center&#8221; bg_repeat=&#8221;no-repeat&#8221; bg_stretch=&#8221;true&#8221; enable_3d=&#8221;true&#8221; speed_factor=&#8221;1.2&#8243; video_opacity=&#8221;0.4&#8243; min_height=&#8221;600&#8243; full_width=&#8221;true&#8221; js_vertical_centered=&#8221;true&#8221; padding_top=&#8221;0&#8243; padding_bottom=&#8221;0&#8243; sidebar=&#8221;sidebar-1&#8243;][vc_column][mk_fancy_title tag_name=&#8221;h1&#8243; color=&#8221;#ffffff&#8221; size=&#8221;38&#8243; font_weight=&#8221;bold&#8221; txt_transform=&#8221;uppercase&#8221; letter_spacing=&#8221;2&#8243; margin_bottom=&#8221;0&#8243; font_family=&#8221;Ubuntu&#8221; font_type=&#8221;google&#8221; align=&#8221;center&#8221;]Hot\u00e9is Tayka &#8211; Uyuni, Bolivia[\/mk_fancy_title][\/vc_column][\/mk_page_section][vc_row][vc_column][mk_padding_divider size=&#8221;50&#8243;][\/vc_column][\/vc_row][vc_row bg_type=&#8221;bg_color&#8221;][vc_column][mk_padding_divider size=&#8221;50&#8243;][mk_fancy_title tag_name=&#8221;h3&#8243; color=&#8221;#161808&#8243; size=&#8221;18&#8243; font_weight=&#8221;bold&#8221; txt_transform=&#8221;uppercase&#8221; letter_spacing=&#8221;2&#8243; margin_bottom=&#8221;30&#8243; font_family=&#8221;Ubuntu&#8221; font_type=&#8221;google&#8221;]Hot\u00e9is Tayka Uyuni[\/mk_fancy_title][vc_column_text]\n<div>Os hot\u00e9is Tayka Uyuni s\u00e3o uma rede hoteleira comunit\u00e1ria localizada na regi\u00e3o de Uyuni, na Bol\u00edvia, perto de um dos lugares mais incr\u00edveis da Terra: o fascinante Salar de Uyuni. Estes hot\u00e9is proporcionam f\u00e1cil acesso aos locais mais espetaculares de Uyuni.<br \/>\nOs hot\u00e9is Tayka s\u00e3o alguns dos melhores hot\u00e9is da regi\u00e3o de Uyuni. Apesar de n\u00e3o serem luxuosos, cada um deles oferece quartos e \u00e1reas comuns com uma combina\u00e7\u00e3o de bela simplicidade e vistas magn\u00edficas, oferecendo ao visitante uma estadia acolhedora e confort\u00e1vel.<\/div>\n<div><strong>Comodidades dos Quartos:<\/strong><br \/>\nOs quartos s\u00e3o b\u00e1sicos mas aconchegantes e confort\u00e1veis.<br \/>\nTodos os quartos t\u00eam banheiro privado com \u00e1gua quente, aquecimento (embora n\u00e3o 24 horas por dia) e servi\u00e7o de limpeza.<\/div>\n[\/vc_column_text][mk_padding_divider size=&#8221;50&#8243;][mk_image src=&#8221;https:\/\/www.rutaverdebolivia.com\/wp-content\/uploads\/ruta_tayka-hotels.jpg&#8221; image_height=&#8221;1138&#8243; align=&#8221;center&#8221;][mk_padding_divider size=&#8221;50&#8243;][\/vc_column][\/vc_row][vc_row][vc_column][mk_fancy_title tag_name=&#8221;h3&#8243; color=&#8221;#161808&#8243; size=&#8221;18&#8243; font_weight=&#8221;bold&#8221; txt_transform=&#8221;uppercase&#8221; letter_spacing=&#8221;2&#8243; margin_bottom=&#8221;30&#8243; font_family=&#8221;Ubuntu&#8221; font_type=&#8221;google&#8221;]Hotel Tayka de Sal[\/mk_fancy_title][vc_column_text]\n<div>O Hotel Tayka de Sal (espanhol para Tayka Salt Hotel) \u00e9 quase inteiramente feito de sal puro do Salar de Uyuni. As paredes, as mesas, cadeiras, as cabeceiras de cada cama &#8211; \u00e9 feita de enormes tijolos de sal. Os telhados do hotel s\u00e3o feitos usando a &#8220;paja brava&#8221;, uma espessa palha andina end\u00eamica das montanhas des\u00e9rticas.<br \/>\nParedes de tijolos expostos s\u00e3o feitas de blocos de sal extra\u00eddos do mesmo deserto branco, todos combinados com a preciosa madeira boliviana &#8220;Tajibo&#8221; pisos de madeira parket, que proporcionam um toque de eleg\u00e2ncia.<br \/>\nO hotel de Tayka (Hotel Tayka de Sal) est\u00e1 localizado na costa norte do Sal Uyuni perto da vila de Tahua, no p\u00e9 do vulc\u00e3o Thunupa, a 3700 metros acima do n\u00edvel do mar ea 117 km de Uyuni. O hotel est\u00e1 voltado para o Salar de Uyuni e oferece vistas magn\u00edficas.<\/div>\n<div><strong>Servi\u00e7os do hotel:<\/strong><br \/>\nUm delicioso e completo buffet de cafe-da manh\u00e3 \u00e9 servido diariamente no restaurante do hotel, ou no terra\u00e7o, com vista para a Isla Pescado e para as ilhas de Incahuasi.<br \/>\nOs h\u00f3spedes do Hotel Tayka de Sal podem desfrutar de pratos internacionais e regionais durante o almo\u00e7o ou jantar no restaurante do hotel, ao calor de uma lareira.<\/div>\n[\/vc_column_text][mk_padding_divider size=&#8221;80&#8243;][mk_gallery images=&#8221;1555,1560,5543,6580,6578,6574,6573&#8243; style=&#8221;style1&#8243; height=&#8221;400&#8243;][\/vc_column][\/vc_row][vc_row][vc_column][mk_fancy_title tag_name=&#8221;h3&#8243; color=&#8221;#161808&#8243; size=&#8221;18&#8243; font_weight=&#8221;bold&#8221; txt_transform=&#8221;uppercase&#8221; letter_spacing=&#8221;2&#8243; margin_bottom=&#8221;30&#8243; font_family=&#8221;Ubuntu&#8221; font_type=&#8221;google&#8221;]Hotel Tayka del Desierto[\/mk_fancy_title][vc_column_text]\n<div>\n<div>O Hotel Tayka del Desierto\u00a0(espanhol para Tayka Desert hotel) est\u00e1 localizado no cora\u00e7\u00e3o do deserto de Siloli. Situado proximo a umas colinas, o visitante sente-se literalmente no meio do nada.<br \/>\nAs paredes foram feitas de rochas vulc\u00e2nicas.<br \/>\n<strong>Servi\u00e7os do hotel:<\/strong><br \/>\nOs h\u00f3spedes do Hotel Tayka del Desierto podem desfrutar do cafe-da manh\u00e3, almo\u00e7o ou jantar no restaurante do hotel, com vista para o deserto de Siloli.<br \/>\nO hotel \u00e9 aquecido significativamente por energia solar.<\/div>\n<div><\/div>\n<\/div>\n[\/vc_column_text][mk_padding_divider size=&#8221;80&#8243;][mk_gallery images=&#8221;6558,6557,6556,6555,6581,6577&#8243; height=&#8221;400&#8243;][mk_padding_divider size=&#8221;80&#8243;][\/vc_column][\/vc_row][vc_row][vc_column][mk_fancy_title tag_name=&#8221;h3&#8243; color=&#8221;#161808&#8243; size=&#8221;18&#8243; font_weight=&#8221;bold&#8221; txt_transform=&#8221;uppercase&#8221; letter_spacing=&#8221;2&#8243; margin_bottom=&#8221;30&#8243; font_family=&#8221;Ubuntu&#8221; font_type=&#8221;google&#8221;]Hotel Tayka de Piedra[\/mk_fancy_title][vc_column_text]\n<div>O Hotel Tayka das Pedras (Hotel Tayka de Piedra) est\u00e1 localizado na fronteira sul do Salar de Uyuni, a poucos metros das ru\u00ednas de Pueblo Quemado de San Pedro de Quemes e est\u00e1 rodeado por majestosas montanhas.<br \/>\nA charmosa decora\u00e7\u00e3o esta inspirada na paisagem natural dos arredores e a constru\u00e7\u00e3o assim como a antiga Vila de San Pedro foi feito com rochas vulc\u00e2nicas.<br \/>\n<strong>Servi\u00e7os do hotel:<\/strong><br \/>\nOs h\u00f3spedes do Hotel Tayka de Piedra podem desfrutar do caf\u00e9- da manh\u00e3, almo\u00e7o ou jantar no restaurante do hotel, com vista para as montanhas dos Andes.<br \/>\nO hotel \u00e9 aquecido principalmente por energia solar.<\/div>\n[\/vc_column_text][mk_padding_divider][mk_gallery images=&#8221;6554,6572,6585,6586,6576&#8243; style=&#8221;style3&#8243; height=&#8221;400&#8243;][\/vc_column][\/vc_row][vc_row bg_type=&#8221;bg_color&#8221; bg_color_value=&#8221;#ffffff&#8221;][vc_column][mk_padding_divider size=&#8221;20&#8243;][vc_column_text]\n<div>Confira nossos <a href=\"https:\/\/www.rutaverdebolivia.com\/pt-br\/tour\/uyuni-salt-flats\/\" target=\"_blank\" rel=\"noopener noreferrer\">Uyuni Salt Flats Tayka tours<\/a>.<\/div>\n<div>\n<p>Para informa\u00e7\u00f5es sobre como chegar a Uyuni veja a nossa p\u00e1gina: <a href=\"https:\/\/www.rutaverdebolivia.com\/pt-br\/getting-uyuni-salt-flats\/\" target=\"_blank\" rel=\"noopener noreferrer\">como viajar para Uyuni.<\/a><\/p>\n<div><\/div>\n<div>Voc\u00ea pode sempre entrar <a href=\"https:\/\/www.rutaverdebolivia.com\/pt-br\/contato\/\" target=\"_blank\" rel=\"noopener noreferrer\">em contato conosco<\/a> para mais informa\u00e7\u00f5es. Boa Viagem!<\/div>\n<\/div>\n[\/vc_column_text][mk_padding_divider size=&#8221;20&#8243;][\/vc_column][\/vc_row][vc_row][vc_column][mk_padding_divider size=&#8221;60&#8243;][mk_fancy_title tag_name=&#8221;h3&#8243; color=&#8221;#161808&#8243; size=&#8221;18&#8243; font_weight=&#8221;bold&#8221; txt_transform=&#8221;uppercase&#8221; letter_spacing=&#8221;2&#8243; margin_bottom=&#8221;30&#8243; font_family=&#8221;Ubuntu&#8221; font_type=&#8221;google&#8221;]REVIEWS[\/mk_fancy_title][mk_testimonials style=&#8221;boxed&#8221; count=&#8221;-1&#8243; slideshow_speed=&#8221;20000&#8243; categories=&#8221;salt-flats-uyuni, uyuni&#8221;][mk_padding_divider size=&#8221;100&#8243;][\/vc_column][\/vc_row]\n<\/div>","protected":false},"excerpt":{"rendered":"<p>[mk_page_section bg_image=&#8221;https:\/\/www.rutaverdebolivia.com\/wp-content\/uploads\/Hotel-Tayka-del-Desierto-panorama.jpg&#8221; bg_position=&#8221;center center&#8221; bg_repeat=&#8221;no-repeat&#8221; bg_stretch=&#8221;true&#8221; enable_3d=&#8221;true&#8221; speed_factor=&#8221;1.2&#8243; video_opacity=&#8221;0.4&#8243; min_height=&#8221;600&#8243; full_width=&#8221;true&#8221; js_vertical_centered=&#8221;true&#8221; padding_top=&#8221;0&#8243; padding_bottom=&#8221;0&#8243; sidebar=&#8221;sidebar-1&#8243;][vc_column][mk_fancy_title tag_name=&#8221;h1&#8243; color=&#8221;#ffffff&#8221; size=&#8221;38&#8243; font_weight=&#8221;bold&#8221; txt_transform=&#8221;uppercase&#8221; letter_spacing=&#8221;2&#8243; margin_bottom=&#8221;0&#8243; font_family=&#8221;Ubuntu&#8221; font_type=&#8221;google&#8221; align=&#8221;center&#8221;]Hot\u00e9is Tayka &#8211; Uyuni, Bolivia[\/mk_fancy_title][\/vc_column][\/mk_page_section][vc_row][vc_column][mk_padding_divider size=&#8221;50&#8243;][\/vc_column][\/vc_row][vc_row bg_type=&#8221;bg_color&#8221;][vc_column][mk_padding_divider size=&#8221;50&#8243;][mk_fancy_title tag_name=&#8221;h3&#8243; color=&#8221;#161808&#8243; size=&#8221;18&#8243; font_weight=&#8221;bold&#8221; txt_transform=&#8221;uppercase&#8221; letter_spacing=&#8221;2&#8243; margin_bottom=&#8221;30&#8243; font_family=&#8221;Ubuntu&#8221; font_type=&#8221;google&#8221;]Hot\u00e9is Tayka Uyuni[\/mk_fancy_title][vc_column_text] Os hot\u00e9is Tayka Uyuni s\u00e3o uma rede hoteleira comunit\u00e1ria localizada na regi\u00e3o [&hellip;]<\/p>\n","protected":false},"author":3,"featured_media":0,"parent":0,"menu_order":0,"comment_status":"closed","ping_status":"closed","template":"","meta":{"footnotes":""},"class_list":["post-6719","page","type-page","status-publish","hentry"],"yoast_head":"<!-- This site is optimized with the Yoast SEO plugin v27.1.1 - https:\/\/yoast.com\/product\/yoast-seo-wordpress\/ -->\n<title>Hot\u00e9is Tayka Uyuni - Ruta Verde Tours<\/title>\n<meta name=\"description\" content=\"Os hot\u00e9is Tayka Uyuni s\u00e3o uma rede hoteleira comunit\u00e1ria localizada na regi\u00e3o de Uyuni, na Bol\u00edvia, perto do fascinante Salar de Uyuni.\" \/>\n<meta name=\"robots\" content=\"index, follow, max-snippet:-1, max-image-preview:large, max-video-preview:-1\" \/>\n<link rel=\"canonical\" href=\"https:\/\/www.rutaverdebolivia.com\/pt-br\/tayka-hotels\/\" \/>\n<meta property=\"og:locale\" content=\"pt_BR\" \/>\n<meta property=\"og:type\" content=\"article\" \/>\n<meta property=\"og:title\" content=\"Hot\u00e9is Tayka Uyuni - Ruta Verde Tours\" \/>\n<meta property=\"og:description\" content=\"Os hot\u00e9is Tayka Uyuni s\u00e3o uma rede hoteleira comunit\u00e1ria localizada na regi\u00e3o de Uyuni, na Bol\u00edvia, perto do fascinante Salar de Uyuni.\" \/>\n<meta property=\"og:url\" content=\"https:\/\/www.rutaverdebolivia.com\/pt-br\/tayka-hotels\/\" \/>\n<meta property=\"og:site_name\" content=\"Ruta Verde Tours\" \/>\n<meta property=\"article:publisher\" content=\"https:\/\/www.facebook.com\/rutaverdebolivia\/\" \/>\n<meta property=\"article:modified_time\" content=\"2017-05-19T09:54:51+00:00\" \/>\n<meta name=\"twitter:card\" content=\"summary_large_image\" \/>\n<meta name=\"twitter:site\" content=\"@rutaverde\" \/>\n<meta name=\"twitter:label1\" content=\"Est. tempo de leitura\" \/>\n\t<meta name=\"twitter:data1\" content=\"5 minutos\" \/>\n<script type=\"application\/ld+json\" class=\"yoast-schema-graph\">{\"@context\":\"https:\/\/schema.org\",\"@graph\":[{\"@type\":\"WebPage\",\"@id\":\"https:\/\/www.rutaverdebolivia.com\/pt-br\/tayka-hotels\/\",\"url\":\"https:\/\/www.rutaverdebolivia.com\/pt-br\/tayka-hotels\/\",\"name\":\"Hot\u00e9is Tayka Uyuni - Ruta Verde Tours\",\"isPartOf\":{\"@id\":\"https:\/\/www.rutaverdebolivia.com\/#website\"},\"datePublished\":\"2017-04-25T12:49:27+00:00\",\"dateModified\":\"2017-05-19T09:54:51+00:00\",\"description\":\"Os hot\u00e9is Tayka Uyuni s\u00e3o uma rede hoteleira comunit\u00e1ria localizada na regi\u00e3o de Uyuni, na Bol\u00edvia, perto do fascinante Salar de Uyuni.\",\"breadcrumb\":{\"@id\":\"https:\/\/www.rutaverdebolivia.com\/pt-br\/tayka-hotels\/#breadcrumb\"},\"inLanguage\":\"pt-BR\",\"potentialAction\":[{\"@type\":\"ReadAction\",\"target\":[\"https:\/\/www.rutaverdebolivia.com\/pt-br\/tayka-hotels\/\"]}]},{\"@type\":\"BreadcrumbList\",\"@id\":\"https:\/\/www.rutaverdebolivia.com\/pt-br\/tayka-hotels\/#breadcrumb\",\"itemListElement\":[{\"@type\":\"ListItem\",\"position\":1,\"name\":\"Startseite\",\"item\":\"https:\/\/www.rutaverdebolivia.com\/pt-br\/\"},{\"@type\":\"ListItem\",\"position\":2,\"name\":\"Hot\u00e9is Tayka Uyuni\"}]},{\"@type\":\"WebSite\",\"@id\":\"https:\/\/www.rutaverdebolivia.com\/#website\",\"url\":\"https:\/\/www.rutaverdebolivia.com\/\",\"name\":\"Ruta Verde Tours\",\"description\":\"Ruta Verde Bolivia\",\"potentialAction\":[{\"@type\":\"SearchAction\",\"target\":{\"@type\":\"EntryPoint\",\"urlTemplate\":\"https:\/\/www.rutaverdebolivia.com\/?s={search_term_string}\"},\"query-input\":{\"@type\":\"PropertyValueSpecification\",\"valueRequired\":true,\"valueName\":\"search_term_string\"}}],\"inLanguage\":\"pt-BR\"}]}<\/script>\n<!-- \/ Yoast SEO plugin. -->","yoast_head_json":{"title":"Hot\u00e9is Tayka Uyuni - Ruta Verde Tours","description":"Os hot\u00e9is Tayka Uyuni s\u00e3o uma rede hoteleira comunit\u00e1ria localizada na regi\u00e3o de Uyuni, na Bol\u00edvia, perto do fascinante Salar de Uyuni.","robots":{"index":"index","follow":"follow","max-snippet":"max-snippet:-1","max-image-preview":"max-image-preview:large","max-video-preview":"max-video-preview:-1"},"canonical":"https:\/\/www.rutaverdebolivia.com\/pt-br\/tayka-hotels\/","og_locale":"pt_BR","og_type":"article","og_title":"Hot\u00e9is Tayka Uyuni - Ruta Verde Tours","og_description":"Os hot\u00e9is Tayka Uyuni s\u00e3o uma rede hoteleira comunit\u00e1ria localizada na regi\u00e3o de Uyuni, na Bol\u00edvia, perto do fascinante Salar de Uyuni.","og_url":"https:\/\/www.rutaverdebolivia.com\/pt-br\/tayka-hotels\/","og_site_name":"Ruta Verde Tours","article_publisher":"https:\/\/www.facebook.com\/rutaverdebolivia\/","article_modified_time":"2017-05-19T09:54:51+00:00","twitter_card":"summary_large_image","twitter_site":"@rutaverde","twitter_misc":{"Est. tempo de leitura":"5 minutos"},"schema":{"@context":"https:\/\/schema.org","@graph":[{"@type":"WebPage","@id":"https:\/\/www.rutaverdebolivia.com\/pt-br\/tayka-hotels\/","url":"https:\/\/www.rutaverdebolivia.com\/pt-br\/tayka-hotels\/","name":"Hot\u00e9is Tayka Uyuni - Ruta Verde Tours","isPartOf":{"@id":"https:\/\/www.rutaverdebolivia.com\/#website"},"datePublished":"2017-04-25T12:49:27+00:00","dateModified":"2017-05-19T09:54:51+00:00","description":"Os hot\u00e9is Tayka Uyuni s\u00e3o uma rede hoteleira comunit\u00e1ria localizada na regi\u00e3o de Uyuni, na Bol\u00edvia, perto do fascinante Salar de Uyuni.","breadcrumb":{"@id":"https:\/\/www.rutaverdebolivia.com\/pt-br\/tayka-hotels\/#breadcrumb"},"inLanguage":"pt-BR","potentialAction":[{"@type":"ReadAction","target":["https:\/\/www.rutaverdebolivia.com\/pt-br\/tayka-hotels\/"]}]},{"@type":"BreadcrumbList","@id":"https:\/\/www.rutaverdebolivia.com\/pt-br\/tayka-hotels\/#breadcrumb","itemListElement":[{"@type":"ListItem","position":1,"name":"Startseite","item":"https:\/\/www.rutaverdebolivia.com\/pt-br\/"},{"@type":"ListItem","position":2,"name":"Hot\u00e9is Tayka Uyuni"}]},{"@type":"WebSite","@id":"https:\/\/www.rutaverdebolivia.com\/#website","url":"https:\/\/www.rutaverdebolivia.com\/","name":"Ruta Verde Tours","description":"Ruta Verde Bolivia","potentialAction":[{"@type":"SearchAction","target":{"@type":"EntryPoint","urlTemplate":"https:\/\/www.rutaverdebolivia.com\/?s={search_term_string}"},"query-input":{"@type":"PropertyValueSpecification","valueRequired":true,"valueName":"search_term_string"}}],"inLanguage":"pt-BR"}]}},"_links":{"self":[{"href":"https:\/\/www.rutaverdebolivia.com\/pt-br\/wp-json\/wp\/v2\/pages\/6719","targetHints":{"allow":["GET"]}}],"collection":[{"href":"https:\/\/www.rutaverdebolivia.com\/pt-br\/wp-json\/wp\/v2\/pages"}],"about":[{"href":"https:\/\/www.rutaverdebolivia.com\/pt-br\/wp-json\/wp\/v2\/types\/page"}],"author":[{"embeddable":true,"href":"https:\/\/www.rutaverdebolivia.com\/pt-br\/wp-json\/wp\/v2\/users\/3"}],"replies":[{"embeddable":true,"href":"https:\/\/www.rutaverdebolivia.com\/pt-br\/wp-json\/wp\/v2\/comments?post=6719"}],"version-history":[{"count":4,"href":"https:\/\/www.rutaverdebolivia.com\/pt-br\/wp-json\/wp\/v2\/pages\/6719\/revisions"}],"predecessor-version":[{"id":6795,"href":"https:\/\/www.rutaverdebolivia.com\/pt-br\/wp-json\/wp\/v2\/pages\/6719\/revisions\/6795"}],"wp:attachment":[{"href":"https:\/\/www.rutaverdebolivia.com\/pt-br\/wp-json\/wp\/v2\/media?parent=6719"}],"curies":[{"name":"wp","href":"https:\/\/api.w.org\/{rel}","templated":true}]}}